{"id":2179,"date":"2024-09-20T08:13:40","date_gmt":"2024-09-20T08:13:40","guid":{"rendered":"https:\/\/touchscreenmfg.com\/?post_type=product&#038;p=2179"},"modified":"2024-09-20T08:13:56","modified_gmt":"2024-09-20T08:13:56","slug":"pc-touch-screen","status":"publish","type":"product","link":"https:\/\/touchscreenmfg.com\/tr\/pc-touch-screen\/","title":{"rendered":"PC Dokunmatik Ekran"},"content":{"rendered":"<h2>PC Dokunmatik Ekranlar\u0131: Dayan\u0131kl\u0131 ve \u00c7ok Y\u00f6nl\u00fc Bir Se\u00e7im<\/h2>\n<h3 data-sourcepos=\"5:1-5:39\">Temel Avantajlar:<\/h3>\n<ul>\n<li><span class=\"citation-0 recitation\">Y\u00fcksek Darbe Dayan\u0131m\u0131:<\/span><span class=\"citation-0 recitation citation-end-0\"> PC darbelere kar\u015f\u0131 son derece dayan\u0131kl\u0131 bir malzemedir, bu da onu fiziksel darbelere veya d\u00fc\u015fmelere maruz kalabilecek cihazlar i\u00e7in uygun hale getirir.<\/span><\/li>\n<li>S\u0131cakl\u0131k Dayan\u0131m\u0131: PC geni\u015f bir s\u0131cakl\u0131k aral\u0131\u011f\u0131na dayanabilir, bu da onu d\u0131\u015f mekan veya end\u00fcstriyel uygulamalar i\u00e7in uygun hale getirir.<\/li>\n<li><span class=\"citation-1 recitation\">Kimyasal Diren\u00e7:<\/span><span class=\"citation-1 recitation citation-end-1\"> PC bir\u00e7ok kimyasal maddeye ve \u00e7\u00f6z\u00fcc\u00fcye kar\u015f\u0131 dayan\u0131kl\u0131d\u0131r, bu da onu zorlu ortamlarda dayan\u0131kl\u0131 k\u0131lar.<\/span><\/li>\n<li><span class=\"citation-2 recitation\">Optik Berrakl\u0131k:<\/span><span class=\"citation-2 recitation citation-end-2\"> PC iyi bir optik netlik sunarak net ve duyarl\u0131 bir dokunma deneyimi sa\u011flar.<\/span><\/li>\n<\/ul>\n<h3 data-sourcepos=\"12:1-12:37\">Uygulamalar:<\/h3>\n<ul>\n<li><span class=\"citation-3 recitation\">End\u00fcstriyel Otomasyon:<\/span><span class=\"citation-3 recitation citation-end-3\"> PC dokunmatik ekranlar, dayan\u0131kl\u0131l\u0131klar\u0131 ve zorlu ko\u015fullara kar\u015f\u0131 diren\u00e7leri nedeniyle end\u00fcstriyel kontrol panellerinde ve makinelerde yayg\u0131n olarak kullan\u0131lmaktad\u0131r.<\/span><\/li>\n<li>D\u0131\u015f Mekan Kiosklar\u0131: PC dokunmatik ekranlar, d\u0131\u015f mekan kiosklar\u0131 ve bilgi terminalleri i\u00e7in uygundur, \u00e7\u00fcnk\u00fc elementlere maruz kalmaya dayanabilirler.<\/li>\n<li>Otomotiv: PC, dayan\u0131kl\u0131l\u0131k ve s\u0131cakl\u0131k direncinin \u00f6nemli oldu\u011fu ara\u00e7 bilgi-e\u011flence sistemlerinde ve navigasyon ekranlar\u0131nda kullan\u0131l\u0131r.<\/li>\n<li><span class=\"citation-4 recitation\">T\u0131bbi Cihazlar:<\/span><span class=\"citation-4 recitation citation-end-4\"> PC dokunmatik ekranlar, te\u015fhis cihazlar\u0131 ve hasta izleme sistemleri gibi t\u0131bbi ekipmanlarda bulunur.<\/span><\/li>\n<\/ul>\n<h3 data-sourcepos=\"19:1-19:44\">PMMA ve PC Dokunmatik Ekranlar\u0131n Kar\u015f\u0131la\u015ft\u0131r\u0131lmas\u0131:<\/h3>\n<div class=\"horizontal-scroll-wrapper\">\n<div class=\"table-block-component\">\n<div class=\"table-block\">\n<div class=\"table-content not-end-of-paragraph\">\n<table style=\"height: 170px;\" width=\"612\" data-sourcepos=\"21:1-27:25\">\n<tbody>\n<tr data-sourcepos=\"21:1-21:23\">\n<th data-sourcepos=\"21:1-21:9\">\u00d6zellik<\/th>\n<th data-sourcepos=\"21:11-21:16\">PMMA<\/th>\n<th data-sourcepos=\"21:18-21:21\">PC<\/th>\n<\/tr>\n<tr data-sourcepos=\"23:1-23:40\">\n<td data-sourcepos=\"23:1-23:19\">Darbe Dayan\u0131m\u0131<\/td>\n<td data-sourcepos=\"23:21-23:26\">\u0130yi<\/td>\n<td data-sourcepos=\"23:28-23:38\">M\u00fckemmel<\/td>\n<\/tr>\n<tr data-sourcepos=\"24:1-24:45\">\n<td data-sourcepos=\"24:1-24:24\">S\u0131cakl\u0131k Dayan\u0131m\u0131<\/td>\n<td data-sourcepos=\"24:26-24:31\">\u0130yi<\/td>\n<td data-sourcepos=\"24:33-24:43\">M\u00fckemmel<\/td>\n<\/tr>\n<tr data-sourcepos=\"25:1-25:42\">\n<td data-sourcepos=\"25:1-25:21\">Kimyasal Diren\u00e7<\/td>\n<td data-sourcepos=\"25:23-25:28\">\u0130yi<\/td>\n<td data-sourcepos=\"25:30-25:40\">M\u00fckemmel<\/td>\n<\/tr>\n<tr data-sourcepos=\"26:1-26:38\">\n<td data-sourcepos=\"26:1-26:17\">Optik Netlik<\/td>\n<td data-sourcepos=\"26:19-26:29\">M\u00fckemmel<\/td>\n<td data-sourcepos=\"26:31-26:36\">\u0130yi<\/td>\n<\/tr>\n<tr data-sourcepos=\"27:1-27:25\">\n<td data-sourcepos=\"27:1-27:6\">Maliyet<\/td>\n<td data-sourcepos=\"27:8-27:14\">Daha d\u00fc\u015f\u00fck<\/td>\n<td data-sourcepos=\"27:16-27:23\">Daha y\u00fcksek<\/td>\n<\/tr>\n<\/tbody>\n<\/table>\n<\/div>\n<\/div>\n<\/div>\n<\/div>","protected":false},"excerpt":{"rendered":"<p>PC (Polikarbonat) dokunmatik ekranlar, elektronik cihazlar i\u00e7in m\u00fckemmel dayan\u0131kl\u0131l\u0131k ve darbeye kar\u015f\u0131 diren\u00e7 sunan bir ba\u015fka pop\u00fcler se\u00e7enektir. Genellikle dayan\u0131kl\u0131l\u0131k ve sa\u011flaml\u0131\u011f\u0131n gerekli oldu\u011fu uygulamalarda kullan\u0131l\u0131rlar.<\/p>\n<p>Sonu\u00e7 olarak, hem PMMA hem de PC dokunmatik ekranlar m\u00fckemmel performans ve dayan\u0131kl\u0131l\u0131k sunar. \u0130ki malzeme aras\u0131ndaki se\u00e7im, uygulaman\u0131n \u00f6zel gereksinimlerine ba\u011fl\u0131d\u0131r. PMMA genellikle daha uygun maliyetlidir ve m\u00fckemmel optik netlik sunarken, PC ola\u011fan\u00fcst\u00fc darbe ve s\u0131cakl\u0131k direnci ile bilinir.<\/p>","protected":false},"featured_media":2180,"template":"","meta":[],"product_cat":[43],"product_tag":[],"_links":{"self":[{"href":"https:\/\/touchscreenmfg.com\/tr\/wp-json\/wp\/v2\/product\/2179"}],"collection":[{"href":"https:\/\/touchscreenmfg.com\/tr\/wp-json\/wp\/v2\/product"}],"about":[{"href":"https:\/\/touchscreenmfg.com\/tr\/wp-json\/wp\/v2\/types\/product"}],"wp:featuredmedia":[{"embeddable":true,"href":"https:\/\/touchscreenmfg.com\/tr\/wp-json\/wp\/v2\/media\/2180"}],"wp:attachment":[{"href":"https:\/\/touchscreenmfg.com\/tr\/wp-json\/wp\/v2\/media?parent=2179"}],"wp:term":[{"taxonomy":"product_cat","embeddable":true,"href":"https:\/\/touchscreenmfg.com\/tr\/wp-json\/wp\/v2\/product_cat?post=2179"},{"taxonomy":"product_tag","embeddable":true,"href":"https:\/\/touchscreenmfg.com\/tr\/wp-json\/wp\/v2\/product_tag?post=2179"}],"curies":[{"name":"wp","href":"https:\/\/api.w.org\/{rel}","templated":true}]}}