{"id":2177,"date":"2024-09-20T08:00:55","date_gmt":"2024-09-20T08:00:55","guid":{"rendered":"https:\/\/touchscreenmfg.com\/?post_type=product&#038;p=2177"},"modified":"2025-03-15T09:13:16","modified_gmt":"2025-03-15T09:13:16","slug":"pmma-touch-screen","status":"publish","type":"product","link":"https:\/\/touchscreenmfg.com\/tr\/pmma-touch-screen\/","title":{"rendered":"PMMA Dokunmatik Ekran"},"content":{"rendered":"<h2>PMMA Dokunmatik Ekranlar: Net ve Duyarl\u0131 Bir Se\u00e7im<\/h2>\n<h3 data-sourcepos=\"5:1-5:38\">Temel Avantajlar:<\/h3>\n<ul data-sourcepos=\"7:1-8:61\">\n<li data-sourcepos=\"7:1-7:108\">Y\u00fcksek \u015eeffafl\u0131k: <a href=\"https:\/\/nylon-granules.com\/acrylic-sheet\/\" target=\"_blank\" rel=\"noopener\">PMMA<\/a> m\u00fckemmel netlik ve g\u00f6r\u00fcn\u00fcrl\u00fck sa\u011flayarak net ve canl\u0131 bir g\u00f6r\u00fcnt\u00fc sunar.<\/li>\n<li data-sourcepos=\"8:1-8:61\">Hafiftir: PMMA nispeten hafif bir malzemedir, bu da onu ta\u015f\u0131nabilir cihazlar i\u00e7in uygun hale getirir.<\/li>\n<li data-sourcepos=\"9:1-9:97\">\u00c7izilmeye Kar\u015f\u0131 Diren\u00e7: PMMA \u00e7izilmeye kar\u015f\u0131 iyi bir diren\u00e7 sunarak ekran\u0131 hasardan korur.<\/li>\n<li data-sourcepos=\"10:1-10:29\">Kimyasal Diren\u00e7: PMMA \u00e7e\u015fitli kimyasallara kar\u015f\u0131 dayan\u0131kl\u0131d\u0131r, bu da onu zorlu ortamlarda kullan\u0131m i\u00e7in uygun hale getirir.<\/li>\n<li data-sourcepos=\"11:1-12:0\">Uygun Maliyetli: PMMA, cam gibi di\u011fer malzemelere k\u0131yasla genellikle daha uygun maliyetlidir.<\/li>\n<\/ul>\n<h3 data-sourcepos=\"13:1-13:39\">Uygulamalar:<\/h3>\n<ul data-sourcepos=\"15:1-17:89\">\n<li data-sourcepos=\"15:1-15:170\">Ak\u0131ll\u0131 Telefonlar ve Tabletler: PMMA, netlik, dayan\u0131kl\u0131l\u0131k ve maliyet etkinli\u011fi kombinasyonu nedeniyle ak\u0131ll\u0131 telefonlar\u0131n ve tabletlerin dokunmatik ekranlar\u0131nda yayg\u0131n olarak kullan\u0131lmaktad\u0131r.<\/li>\n<li data-sourcepos=\"16:1-16:150\">Sat\u0131\u015f Noktas\u0131 (POS) Sistemleri: PMMA dokunmatik ekranlar, m\u00fc\u015fteri etkile\u015fimleri ve i\u015flemleri i\u00e7in perakende ve konaklama end\u00fcstrilerinde yayg\u0131n olarak kullan\u0131lmaktad\u0131r.<\/li>\n<li data-sourcepos=\"17:1-17:89\">End\u00fcstriyel Otomasyon: PMMA dokunmatik ekranlar end\u00fcstriyel kontrol panellerinde ve makinelerde operat\u00f6r giri\u015fi i\u00e7in kullan\u0131l\u0131r.<\/li>\n<li data-sourcepos=\"18:1-19:0\">T\u0131bbi Cihazlar: PMMA dokunmatik ekranlar, te\u015fhis cihazlar\u0131 ve hasta izleme sistemleri gibi t\u0131bbi ekipmanlarda bulunur.<\/li>\n<\/ul>\n<h3 data-sourcepos=\"20:1-20:68\">PMMA bir\u00e7ok avantaj sunarken, baz\u0131 s\u0131n\u0131rlamalar\u0131 da vard\u0131r:<\/h3>\n<ul data-sourcepos=\"22:1-24:0\">\n<li data-sourcepos=\"22:1-22:86\">Sertlik: PMMA cam kadar sert de\u011fildir, bu da onu \u00e7izilmelere kar\u015f\u0131 daha hassas hale getirir.<\/li>\n<li data-sourcepos=\"23:1-24:0\">S\u0131cakl\u0131k Hassasiyeti: PMMA a\u015f\u0131r\u0131 s\u0131cakl\u0131klardan etkilenebilir ve bu da performans\u0131n\u0131 etkileyebilir.<\/li>\n<\/ul>","protected":false},"excerpt":{"rendered":"<p data-sourcepos=\"3:1-3:93\">PMMA veya Polimetilmetakrilat, m\u00fckemmel optik \u00f6zellikleri ve dayan\u0131kl\u0131l\u0131\u011f\u0131 nedeniyle dokunmatik ekranlar i\u00e7in pop\u00fcler bir malzemedir. PMMA dokunmatik ekranlar, \u00e7e\u015fitli elektronik cihazlar i\u00e7in net, duyarl\u0131 ve uygun maliyetli bir \u00e7\u00f6z\u00fcm sunar.<\/p>\n<p data-sourcepos=\"3:1-3:93\">Genel olarak, PMMA dokunmatik ekranlar \u00e7ok \u00e7e\u015fitli uygulamalar i\u00e7in g\u00fcvenilir ve uygun maliyetli bir \u00e7\u00f6z\u00fcm sa\u011flar. Netlik, dayan\u0131kl\u0131l\u0131k ve uygun fiyat kombinasyonlar\u0131, onlar\u0131 elektronik end\u00fcstrisinde pop\u00fcler bir se\u00e7im haline getirmektedir.<\/p>","protected":false},"featured_media":2178,"template":"","meta":[],"product_cat":[43],"product_tag":[],"_links":{"self":[{"href":"https:\/\/touchscreenmfg.com\/tr\/wp-json\/wp\/v2\/product\/2177"}],"collection":[{"href":"https:\/\/touchscreenmfg.com\/tr\/wp-json\/wp\/v2\/product"}],"about":[{"href":"https:\/\/touchscreenmfg.com\/tr\/wp-json\/wp\/v2\/types\/product"}],"wp:featuredmedia":[{"embeddable":true,"href":"https:\/\/touchscreenmfg.com\/tr\/wp-json\/wp\/v2\/media\/2178"}],"wp:attachment":[{"href":"https:\/\/touchscreenmfg.com\/tr\/wp-json\/wp\/v2\/media?parent=2177"}],"wp:term":[{"taxonomy":"product_cat","embeddable":true,"href":"https:\/\/touchscreenmfg.com\/tr\/wp-json\/wp\/v2\/product_cat?post=2177"},{"taxonomy":"product_tag","embeddable":true,"href":"https:\/\/touchscreenmfg.com\/tr\/wp-json\/wp\/v2\/product_tag?post=2177"}],"curies":[{"name":"wp","href":"https:\/\/api.w.org\/{rel}","templated":true}]}}