{"id":1877,"date":"2024-08-07T02:50:04","date_gmt":"2024-08-07T02:50:04","guid":{"rendered":"https:\/\/touchscreenmfg.com\/?post_type=product&#038;p=1877"},"modified":"2024-08-07T03:01:34","modified_gmt":"2024-08-07T03:01:34","slug":"controller-touch-switch","status":"publish","type":"product","link":"https:\/\/touchscreenmfg.com\/tr\/controller-touch-switch\/","title":{"rendered":"Kontrol\u00f6r Dokunmatik Anahtar\u0131"},"content":{"rendered":"<h3 class=\"\" data-sourcepos=\"11:1-11:45\">Uygulamalar<\/h3>\n<p data-sourcepos=\"13:1-13:71\">Kontrol\u00f6r dokunmatik anahtarlar\u0131 \u00e7ok say\u0131da sekt\u00f6rde uygulama alan\u0131 bulmaktad\u0131r:<\/p>\n<ul data-sourcepos=\"15:1-20:0\">\n<li data-sourcepos=\"15:1-15:84\"><strong>T\u00fcketici Elektroni\u011fi:<\/strong> Ak\u0131ll\u0131 telefonlar, tabletler, ak\u0131ll\u0131 saatler ve oyun konsollar\u0131.<\/li>\n<li data-sourcepos=\"16:1-16:88\"><strong>Otomotiv:<\/strong> Bilgi-e\u011flence sistemleri, klima kontrol panelleri ve g\u00f6sterge k\u00fcmeleri.<\/li>\n<li data-sourcepos=\"17:1-17:85\"><strong>End\u00fcstriyel Otomasyon:<\/strong> Makine kontrol panelleri, insan-makine aray\u00fczleri (HMI'lar).<\/li>\n<li data-sourcepos=\"18:1-18:72\"><strong>Ev Aletleri:<\/strong> Ak\u0131ll\u0131 f\u0131r\u0131nlar, buzdolaplar\u0131 ve \u00e7ama\u015f\u0131r makineleri.<\/li>\n<li data-sourcepos=\"19:1-20:0\"><strong>T\u0131bbi Ekipman:<\/strong> Te\u015fhis makineleri, hasta izleme sistemleri.<\/li>\n<\/ul>\n<h3 class=\"\" data-sourcepos=\"21:1-21:41\">Avantajlar<\/h3>\n<ul data-sourcepos=\"23:1-28:0\">\n<li data-sourcepos=\"23:1-23:81\"><strong>Sezgisel Kullan\u0131c\u0131 Aray\u00fcz\u00fc:<\/strong> Do\u011fal ve kullan\u0131c\u0131 dostu bir etkile\u015fim sa\u011flar.<\/li>\n<li data-sourcepos=\"24:1-24:71\"><strong>\u015e\u0131k Tasar\u0131m:<\/strong> Modern ve estetik \u00fcr\u00fcn tasar\u0131m\u0131na katk\u0131da bulunur.<\/li>\n<li data-sourcepos=\"25:1-25:65\"><strong>Dayan\u0131kl\u0131l\u0131k:<\/strong> A\u015f\u0131nma ve y\u0131pranmaya kar\u015f\u0131 dayan\u0131kl\u0131d\u0131r, uzun \u00f6m\u00fcrl\u00fcd\u00fcr.<\/li>\n<li data-sourcepos=\"26:1-26:83\"><strong>\u00d6zelle\u015ftirme:<\/strong> Belirli uygulamalara ve kullan\u0131c\u0131 tercihlerine g\u00f6re uyarlanabilir.<\/li>\n<li data-sourcepos=\"27:1-28:0\"><strong>Hijyen:<\/strong> Fiziksel d\u00fc\u011fmelere k\u0131yasla daha kolay temizlenir.<\/li>\n<\/ul>","protected":false},"excerpt":{"rendered":"<p>Kontrol\u00f6r dokunmatik anahtar\u0131, dokunmatik giri\u015fe yan\u0131t veren, \u00e7e\u015fitli cihazlar ve sistemler \u00fczerinde kontrol sa\u011flayan bir kullan\u0131c\u0131 aray\u00fcz\u00fcd\u00fcr. Bu teknoloji, sorunsuz ve sezgisel bir deneyim sunarak elektronik cihazlarla etkile\u015fim kurma \u015feklimizde devrim yaratm\u0131\u015ft\u0131r.<\/p>","protected":false},"featured_media":1878,"template":"","meta":[],"product_cat":[42],"product_tag":[],"_links":{"self":[{"href":"https:\/\/touchscreenmfg.com\/tr\/wp-json\/wp\/v2\/product\/1877"}],"collection":[{"href":"https:\/\/touchscreenmfg.com\/tr\/wp-json\/wp\/v2\/product"}],"about":[{"href":"https:\/\/touchscreenmfg.com\/tr\/wp-json\/wp\/v2\/types\/product"}],"wp:featuredmedia":[{"embeddable":true,"href":"https:\/\/touchscreenmfg.com\/tr\/wp-json\/wp\/v2\/media\/1878"}],"wp:attachment":[{"href":"https:\/\/touchscreenmfg.com\/tr\/wp-json\/wp\/v2\/media?parent=1877"}],"wp:term":[{"taxonomy":"product_cat","embeddable":true,"href":"https:\/\/touchscreenmfg.com\/tr\/wp-json\/wp\/v2\/product_cat?post=1877"},{"taxonomy":"product_tag","embeddable":true,"href":"https:\/\/touchscreenmfg.com\/tr\/wp-json\/wp\/v2\/product_tag?post=1877"}],"curies":[{"name":"wp","href":"https:\/\/api.w.org\/{rel}","templated":true}]}}