{"id":1871,"date":"2024-08-07T02:46:18","date_gmt":"2024-08-07T02:46:18","guid":{"rendered":"https:\/\/touchscreenmfg.com\/?post_type=product&#038;p=1871"},"modified":"2024-08-07T02:58:47","modified_gmt":"2024-08-07T02:58:47","slug":"car-light-touch-switch","status":"publish","type":"product","link":"https:\/\/touchscreenmfg.com\/tr\/car-light-touch-switch\/","title":{"rendered":"Araba I\u015f\u0131\u011f\u0131 Dokunmatik Anahtar\u0131"},"content":{"rendered":"<h3><strong><b>Araba I\u015f\u0131k Dokunmatik Anahtarlar\u0131n\u0131n Avantajlar\u0131<\/b><\/strong><\/h3>\n<ul>\n<li><strong>Geli\u015ftirilmi\u015f estetik:<\/strong>\u00a0\u015e\u0131k ve minimalist tasar\u0131m, modern bir otomobil i\u00e7 mekan\u0131na katk\u0131da bulunur.<\/li>\n<li><strong>Geli\u015ftirilmi\u015f kullan\u0131labilirlik:<\/strong>\u00a0Sezgisel dokunmatik aray\u00fcz s\u00fcr\u00fcc\u00fcn\u00fcn dikkatinin da\u011f\u0131lmas\u0131n\u0131 azalt\u0131r.<\/li>\n<li><strong>Dayan\u0131kl\u0131l\u0131k:<\/strong>\u00a0A\u015f\u0131nma ve y\u0131pranmaya kar\u015f\u0131 dayan\u0131kl\u0131d\u0131r, uzun \u00f6m\u00fcrl\u00fc performans sa\u011flar.<\/li>\n<li><strong>\u00d6zelle\u015ftirme:<\/strong>\u00a0\u00c7e\u015fitli ayd\u0131nlatma fonksiyonlar\u0131 ve modlar\u0131 ile programlanabilir.<\/li>\n<li><strong>Hijyen:<\/strong>\u00a0Fiziksel d\u00fc\u011fmelere k\u0131yasla daha kolay temizlenir.<\/li>\n<\/ul>\n<h3><strong><b>Araba I\u015f\u0131k Dokunmatik Anahtar \u00c7e\u015fitleri<\/b><\/strong><\/h3>\n<ul>\n<li><strong>Kapasitif dokunmatik anahtarlar:<\/strong>\u00a0\u0130nsan v\u00fccudunun neden oldu\u011fu kapasitans de\u011fi\u015fikliklerine yan\u0131t verir.<\/li>\n<li><strong>Diren\u00e7li dokunmatik anahtarlar:<\/strong>\u00a0Bas\u0131ld\u0131\u011f\u0131nda elektrik direncindeki de\u011fi\u015fiklikleri tespit edin.<\/li>\n<li><strong>\u00d6ng\u00f6r\u00fclen kapasitif dokunmatik anahtarlar:<\/strong>\u00a0Daha y\u00fcksek hassasiyet ve do\u011fruluk sunar.<\/li>\n<\/ul>\n<h3><strong><b>Ara\u00e7lardaki Uygulamalar<\/b><\/strong><\/h3>\n<p>Araba \u0131\u015f\u0131kl\u0131 dokunmatik anahtarlar\u0131 genellikle \u015funlar i\u00e7in kullan\u0131l\u0131r:<\/p>\n<ul>\n<li><strong>Far kontrolleri:<\/strong>\u00a0Parlakl\u0131\u011f\u0131, \u0131\u015f\u0131n d\u00fczenlerini ve otomatik a\u00e7ma\/kapama i\u015flevlerini ayarlama.<\/li>\n<li><strong>\u0130\u00e7 ayd\u0131nlatma:<\/strong>\u00a0Ortam ayd\u0131nlatmas\u0131n\u0131, okuma \u0131\u015f\u0131klar\u0131n\u0131 ve ortam ayd\u0131nlatmas\u0131n\u0131 kontrol etme.<\/li>\n<li><strong>G\u00f6sterge paneli kontrolleri:<\/strong>\u00a0Klima kontrol\u00fc, ses sistemleri ve di\u011fer ara\u00e7 \u00f6zelliklerinin \u00e7al\u0131\u015ft\u0131r\u0131lmas\u0131.<\/li>\n<\/ul>","protected":false},"excerpt":{"rendered":"<h3 data-sourcepos=\"5:1-5:37\">Araba I\u015f\u0131k Dokunmatik Anahtarlar\u0131 Nas\u0131l \u00c7al\u0131\u015f\u0131r?<\/h3>\n<p data-sourcepos=\"7:1-7:243\"><span class=\"citation-1 recitation citation-end-1\">Araba hafif dokunmatik anahtarlar\u0131, parmak temas\u0131n\u0131 alg\u0131lamak i\u00e7in tipik olarak kapasitif veya diren\u00e7li teknolojiyi kullan\u0131r.<\/span> Bir parmak anahtar\u0131n y\u00fczeyine dokundu\u011funda, kapasitans veya diren\u00e7te bir de\u011fi\u015fiklik yaratarak istenen i\u015flevi tetikler.<\/p>","protected":false},"featured_media":1872,"template":"","meta":[],"product_cat":[42],"product_tag":[],"_links":{"self":[{"href":"https:\/\/touchscreenmfg.com\/tr\/wp-json\/wp\/v2\/product\/1871"}],"collection":[{"href":"https:\/\/touchscreenmfg.com\/tr\/wp-json\/wp\/v2\/product"}],"about":[{"href":"https:\/\/touchscreenmfg.com\/tr\/wp-json\/wp\/v2\/types\/product"}],"wp:featuredmedia":[{"embeddable":true,"href":"https:\/\/touchscreenmfg.com\/tr\/wp-json\/wp\/v2\/media\/1872"}],"wp:attachment":[{"href":"https:\/\/touchscreenmfg.com\/tr\/wp-json\/wp\/v2\/media?parent=1871"}],"wp:term":[{"taxonomy":"product_cat","embeddable":true,"href":"https:\/\/touchscreenmfg.com\/tr\/wp-json\/wp\/v2\/product_cat?post=1871"},{"taxonomy":"product_tag","embeddable":true,"href":"https:\/\/touchscreenmfg.com\/tr\/wp-json\/wp\/v2\/product_tag?post=1871"}],"curies":[{"name":"wp","href":"https:\/\/api.w.org\/{rel}","templated":true}]}}