{"id":1862,"date":"2024-08-07T02:42:39","date_gmt":"2024-08-07T02:42:39","guid":{"rendered":"https:\/\/touchscreenmfg.com\/?post_type=product&#038;p=1862"},"modified":"2024-08-07T02:54:53","modified_gmt":"2024-08-07T02:54:53","slug":"car-center-console-touch-film","status":"publish","type":"product","link":"https:\/\/touchscreenmfg.com\/tr\/car-center-console-touch-film\/","title":{"rendered":"Ara\u00e7 Orta Konsol Dokunmatik Filmi"},"content":{"rendered":"<h3><strong>Dokunmatik Film Uygulamalar\u0131<\/strong><\/h3>\n<p id=\"tw-target-text\" class=\"tw-data-text tw-text-large tw-ta\" dir=\"ltr\" data-placeholder=\"Translation\" aria-label=\"\u00c7evrilmi\u015f metin\" data-ved=\"2ahUKEwie_Z3B7OGHAxW_bfUHHYxgEGkQ3ewLegQIERAU\"><span class=\"Y2IQFc\" lang=\"en\">\u00d6z kapasitans, elektrostatik kapasitanstaki de\u011fi\u015fiklikleri tespit ederek bir parma\u011f\u0131n elektroda dokunup dokunmad\u0131\u011f\u0131n\u0131 belirler. Kapasitans belirli bir d\u00f6ng\u00fcye g\u00f6re taran\u0131r ve alg\u0131lan\u0131r. \u00d6l\u00e7\u00fclen de\u011ferdeki de\u011fi\u015fime ba\u011fl\u0131 olarak bir parma\u011f\u0131n elektroda dokunup dokunmad\u0131\u011f\u0131na karar verilebilir. MCU belirli bir d\u00f6ng\u00fcye g\u00f6re \u00e7evrim yapar. Elektrotun kapasitans\u0131 taran\u0131r ve alg\u0131lan\u0131r. Parmak elektrottan uzaktayken kapasitans de\u011feri sabit bir say\u0131m de\u011ferinde kal\u0131r. Bir parmak kapasitans de\u011ferine yakla\u015ft\u0131\u011f\u0131nda veya dokundu\u011funda, kapasitans de\u011feri artar ve say\u0131m de\u011feri artar. Parmak elektrottan uzakla\u015ft\u0131\u011f\u0131nda, kapasitans de\u011feri say\u0131m de\u011feri kadar azal\u0131r. Parmak elektrottan uzakla\u015ft\u0131\u011f\u0131nda d\u00fc\u015fen ve sabit bir de\u011ferde kalan say\u0131m de\u011ferine temel de\u011fer denir. Bu temel de\u011ferin \u00fczerine kritik de\u011fer olarak bir e\u015fik de\u011feri ekleriz. Say\u0131m de\u011feri bu kritik de\u011ferden y\u00fcksek oldu\u011funda, karar anahtar\u0131 A\u00c7IK olur. Say\u0131m de\u011feri bu kritik de\u011ferin alt\u0131nda oldu\u011funda, anahtar KAPALI olarak de\u011ferlendirilir.<\/span><\/p>","protected":false},"excerpt":{"rendered":"<h3 id=\"tw-target-text\" class=\"tw-data-text tw-text-large tw-ta\" dir=\"ltr\" data-placeholder=\"Translation\" aria-label=\"\u00c7evrilmi\u015f metin\" data-ved=\"2ahUKEwie_Z3B7OGHAxW_bfUHHYxgEGkQ3ewLegQIERAU\"><strong><span class=\"Y2IQFc\" lang=\"en\">Dokunmatik film uygulama prensibi<\/span><\/strong><\/h3>\n<p>Y\u00fck\u00fcn hareket h\u0131z\u0131 sabittir, bu nedenle kapasitans ne kadar b\u00fcy\u00fckse, \u015farj ve de\u015farj s\u00fcresi o kadar uzun ve ak\u0131m miktar\u0131 o kadar b\u00fcy\u00fck olur. Bu nedenle, kapasit\u00f6r\u00fcn boyutunu de\u011ferlendirmek i\u00e7in \u015farj ve de\u015farj s\u00fcresinin uzunlu\u011funu ve \u015farj ve de\u015farj ak\u0131m\u0131n\u0131n miktar\u0131n\u0131 kullanabiliriz. Elde edebilece\u011fimiz ve kararl\u0131 bir durum de\u011fi\u015fikli\u011fi toplayabilece\u011fimiz bir durum oldu\u011fu s\u00fcrece, bu de\u011fi\u015fikli\u011fi bir anahtar sinyali uygulamak i\u00e7in kullanabiliriz.<\/p>","protected":false},"featured_media":1863,"template":"","meta":[],"product_cat":[42],"product_tag":[],"_links":{"self":[{"href":"https:\/\/touchscreenmfg.com\/tr\/wp-json\/wp\/v2\/product\/1862"}],"collection":[{"href":"https:\/\/touchscreenmfg.com\/tr\/wp-json\/wp\/v2\/product"}],"about":[{"href":"https:\/\/touchscreenmfg.com\/tr\/wp-json\/wp\/v2\/types\/product"}],"wp:featuredmedia":[{"embeddable":true,"href":"https:\/\/touchscreenmfg.com\/tr\/wp-json\/wp\/v2\/media\/1863"}],"wp:attachment":[{"href":"https:\/\/touchscreenmfg.com\/tr\/wp-json\/wp\/v2\/media?parent=1862"}],"wp:term":[{"taxonomy":"product_cat","embeddable":true,"href":"https:\/\/touchscreenmfg.com\/tr\/wp-json\/wp\/v2\/product_cat?post=1862"},{"taxonomy":"product_tag","embeddable":true,"href":"https:\/\/touchscreenmfg.com\/tr\/wp-json\/wp\/v2\/product_tag?post=1862"}],"curies":[{"name":"wp","href":"https:\/\/api.w.org\/{rel}","templated":true}]}}