{"id":1627,"date":"2024-06-29T01:18:12","date_gmt":"2024-06-29T01:18:12","guid":{"rendered":"https:\/\/touchscreenmfg.com\/?post_type=product&#038;p=1627"},"modified":"2024-06-29T01:50:18","modified_gmt":"2024-06-29T01:50:18","slug":"planar-resistive-touch-screen","status":"publish","type":"product","link":"https:\/\/touchscreenmfg.com\/tr\/planar-resistive-touch-screen\/","title":{"rendered":"D\u00fczlemsel Diren\u00e7li Dokunmatik Ekran"},"content":{"rendered":"<p data-sourcepos=\"3:1-3:111\">D\u00fczlemsel diren\u00e7li dokunmatik ekranlar, dokunmatik \u00f6zellikli uygulamalar i\u00e7in kan\u0131tlanm\u0131\u015f ve uygun maliyetli bir \u00e7\u00f6z\u00fcm sunar. Bu dayan\u0131kl\u0131 dokunmatik ekranlar, fiziksel temasa yan\u0131t veren, g\u00fcvenilir ve sezgisel bir dokunma deneyimi sa\u011flayan bas\u0131nca duyarl\u0131 bir katman kullan\u0131r.<\/p>\n<p data-sourcepos=\"5:1-5:51\"><strong>Temel \u00d6zellikler:<\/strong><\/p>\n<ul data-sourcepos=\"7:1-9:11\">\n<li data-sourcepos=\"7:1-8:0\">\n<p data-sourcepos=\"7:3-7:185\"><strong>Do\u011fru ve Duyarl\u0131 Dokunmatik Tan\u0131ma:<\/strong> D\u00fczlemsel diren\u00e7li dokunmatik ekranlar hassas dokunma alg\u0131lamas\u0131 sunarak dokunmatik ekranlarla do\u011fru ve duyarl\u0131 etkile\u015fim sa\u011flar.<\/p>\n<\/li>\n<li data-sourcepos=\"9:1-9:11\">\n<p data-sourcepos=\"9:3-9:11\"><strong>Dayan\u0131kl\u0131 Yap\u0131:<\/strong> Diren\u00e7li dokunmatik ekranlar\u0131n sa\u011flam tasar\u0131m\u0131 a\u011f\u0131r kullan\u0131ma ve zorlu ortamlara dayan\u0131r, bu da onlar\u0131 ticari ve end\u00fcstriyel uygulamalar i\u00e7in ideal hale getirir.<\/p>\n<\/li>\n<li data-sourcepos=\"11:1-11:27\">\n<p data-sourcepos=\"11:3-11:27\"><strong>Uygun Maliyetli \u00c7\u00f6z\u00fcm:<\/strong> Kapasitif dokunmatik ekranlarla kar\u015f\u0131la\u015ft\u0131r\u0131ld\u0131\u011f\u0131nda, bas\u0131n\u00e7 tabanl\u0131 dokunmatik ekranlar, \u00f6zellikle daha b\u00fcy\u00fck ekran boyutlar\u0131 i\u00e7in daha uygun fiyatl\u0131 bir se\u00e7enek sunar.<\/p>\n<\/li>\n<\/ul>\n<p data-sourcepos=\"13:1-13:51\"><strong>Uygulamalar:<\/strong><\/p>\n<ul data-sourcepos=\"15:1-18:0\">\n<li data-sourcepos=\"15:1-16:0\">\n<p data-sourcepos=\"15:3-15:180\"><strong>Sat\u0131\u015f Noktas\u0131 (POS) Sistemleri:<\/strong> Diren\u00e7li dokunmatik ekranlar, g\u00fcvenilirlikleri, uygun maliyetleri ve s\u0131k dokunu\u015flara dayanma kabiliyetleri nedeniyle POS sistemlerinde yayg\u0131n olarak kullan\u0131lmaktad\u0131r.<\/p>\n<\/li>\n<li data-sourcepos=\"17:1-18:0\">\n<p data-sourcepos=\"17:3-17:177\"><strong>End\u00fcstriyel Kontrol Panelleri:<\/strong> End\u00fcstriyel ortamlarda, diren\u00e7li dokunmatik ekranlar makinelerin kontrol\u00fc ve s\u00fcre\u00e7lerin izlenmesi i\u00e7in sa\u011flam ve dayan\u0131kl\u0131 bir \u00e7\u00f6z\u00fcm sa\u011flar.<\/p>\n<\/li>\n<li data-sourcepos=\"19:1-20:0\">\n<p data-sourcepos=\"19:3-19:161\"><strong>Kamu Bilgilendirme Kiosklar\u0131:<\/strong> D\u00fczlemsel diren\u00e7li dokunmatik ekranlar, kolay gezinme ve bilgiye eri\u015fim sunan etkile\u015fimli kamu bilgilendirme kiosklar\u0131na olanak tan\u0131r.<\/p>\n<\/li>\n<li data-sourcepos=\"21:1-22:0\">\n<p data-sourcepos=\"21:3-21:176\"><strong>E\u011fitim Sergileri:<\/strong> E\u011fitim ortamlar\u0131nda, bas\u0131n\u00e7 tabanl\u0131 dokunmatik ekranlar etkile\u015fimli \u00f6\u011frenme deneyimlerini kolayla\u015ft\u0131r\u0131r ve \u00f6\u011frencileri dokunma tabanl\u0131 etkinliklerle me\u015fgul eder.<\/p>\n<\/li>\n<\/ul>","protected":false},"excerpt":{"rendered":"<p>D\u00fczlemsel rezistif dokunmatik ekranlar, g\u00fcvenilir performanslar\u0131, uygun fiyatlar\u0131 ve dayan\u0131kl\u0131l\u0131klar\u0131 nedeniyle \u00e7ok \u00e7e\u015fitli uygulamalar i\u00e7in pop\u00fcler bir se\u00e7im olmaya devam etmektedir. Dokunmatik ekranlar i\u00e7in kan\u0131tlanm\u0131\u015f ve uygun maliyetli bir \u00e7\u00f6z\u00fcm sunmalar\u0131, onlar\u0131 \u00e7e\u015fitli sekt\u00f6rler ve ortamlar i\u00e7in de\u011ferli bir varl\u0131k haline getirmektedir.<\/p>","protected":false},"featured_media":1569,"template":"","meta":[],"product_cat":[41],"product_tag":[],"_links":{"self":[{"href":"https:\/\/touchscreenmfg.com\/tr\/wp-json\/wp\/v2\/product\/1627"}],"collection":[{"href":"https:\/\/touchscreenmfg.com\/tr\/wp-json\/wp\/v2\/product"}],"about":[{"href":"https:\/\/touchscreenmfg.com\/tr\/wp-json\/wp\/v2\/types\/product"}],"wp:featuredmedia":[{"embeddable":true,"href":"https:\/\/touchscreenmfg.com\/tr\/wp-json\/wp\/v2\/media\/1569"}],"wp:attachment":[{"href":"https:\/\/touchscreenmfg.com\/tr\/wp-json\/wp\/v2\/media?parent=1627"}],"wp:term":[{"taxonomy":"product_cat","embeddable":true,"href":"https:\/\/touchscreenmfg.com\/tr\/wp-json\/wp\/v2\/product_cat?post=1627"},{"taxonomy":"product_tag","embeddable":true,"href":"https:\/\/touchscreenmfg.com\/tr\/wp-json\/wp\/v2\/product_tag?post=1627"}],"curies":[{"name":"wp","href":"https:\/\/api.w.org\/{rel}","templated":true}]}}