{"id":1626,"date":"2024-06-29T01:13:20","date_gmt":"2024-06-29T01:13:20","guid":{"rendered":"https:\/\/touchscreenmfg.com\/?post_type=product&#038;p=1626"},"modified":"2024-06-29T02:10:54","modified_gmt":"2024-06-29T02:10:54","slug":"4-wire-resistive-touch-screens","status":"publish","type":"product","link":"https:\/\/touchscreenmfg.com\/tr\/4-wire-resistive-touch-screens\/","title":{"rendered":"4 Telli Rezistif Dokunmatik Ekranlar"},"content":{"rendered":"<h2 class=\"\" data-sourcepos=\"4:1-4:104\">4 Telli Diren\u00e7li Dokunmatik Ekranlar: Etkile\u015fimli Tabelalar i\u00e7in G\u00fcvenilir ve Uygun Maliyetli Dokunmatik Etkile\u015fim<\/h2>\n<p data-sourcepos=\"6:1-6:51\">4 telli rezistif dokunmatik ekranlar, ilgi \u00e7ekici ve interaktif tabela \u00e7\u00f6z\u00fcmleri olu\u015fturmak i\u00e7in kan\u0131tlanm\u0131\u015f ve uygun fiyatl\u0131 bir \u00e7\u00f6z\u00fcm sunar. Bu dayan\u0131kl\u0131 dokunmatik ekranlar, fiziksel temasa yan\u0131t veren bas\u0131nca duyarl\u0131 bir katman kullanarak etkile\u015fimli ekranlarla sezgisel etkile\u015fim sa\u011flar.<\/p>\n<p data-sourcepos=\"8:1-8:51\"><strong>4 Telli Rezistif Dokunmatik Ekranlar\u0131n Temel \u00d6zellikleri:<\/strong><\/p>\n<ul data-sourcepos=\"10:1-10:95\">\n<li data-sourcepos=\"10:1-10:95\">\n<p class=\"\" data-sourcepos=\"10:3-10:183\"><strong class=\"\">Do\u011fru ve Duyarl\u0131 Dokunmatik Tan\u0131ma:<\/strong> 4 telli rezistif dokunmatik ekranlar hassas dokunma alg\u0131lamas\u0131 sunarak interaktif bilgi ekranlar\u0131yla do\u011fru ve duyarl\u0131 etkile\u015fim sa\u011flar.<\/p>\n<\/li>\n<li data-sourcepos=\"12:1-13:0\">\n<p data-sourcepos=\"12:3-12:175\"><strong>Dayan\u0131kl\u0131 Yap\u0131:<\/strong> A\u011f\u0131r kullan\u0131ma ve zorlu ortamlara dayan\u0131kl\u0131 4 telli rezistif dokunmatik ekranlar\u0131n sa\u011flam tasar\u0131m\u0131, bu ekranlar\u0131 halka a\u00e7\u0131k tabela uygulamalar\u0131 i\u00e7in ideal hale getirir.<\/p>\n<\/li>\n<li data-sourcepos=\"14:1-15:0\">\n<p data-sourcepos=\"14:3-14:170\"><strong>Uygun Maliyetli \u00c7\u00f6z\u00fcm:<\/strong> Kapasitif dokunmatik ekranlarla kar\u015f\u0131la\u015ft\u0131r\u0131ld\u0131\u011f\u0131nda, 4 telli rezistif dokunmatik ekranlar, \u00f6zellikle daha b\u00fcy\u00fck ekran boyutlar\u0131 i\u00e7in daha uygun fiyatl\u0131 bir se\u00e7enek sunar.<\/p>\n<\/li>\n<\/ul>\n<p data-sourcepos=\"16:1-16:51\"><strong>4 Telli Rezistif Dokunmatik Ekran Uygulamalar\u0131:<\/strong><\/p>\n<ul data-sourcepos=\"18:1-20:26\">\n<li data-sourcepos=\"18:1-19:0\">\n<p data-sourcepos=\"18:3-18:195\"><strong>\u0130nteraktif Dijital Tabela:<\/strong> 4 telli diren\u00e7li dokunmatik ekranlar, etkile\u015fimli bilgi ekranlar\u0131nda yayg\u0131n olarak kullan\u0131l\u0131r ve izleyicilerin i\u00e7erikle etkile\u015fime girmesine, se\u00e7im yapmas\u0131na ve bilgilere eri\u015fmesine olanak tan\u0131r.<\/p>\n<\/li>\n<li data-sourcepos=\"20:1-20:26\">\n<p data-sourcepos=\"20:3-20:26\"><strong>Perakende ve A\u011f\u0131rlama Te\u015fhirleri:<\/strong> Perakende ve konaklama ortamlar\u0131nda, 4 telli rezistif dokunmatik ekranlar self servis kiosklar\u0131 geli\u015ftirerek m\u00fc\u015fterilerin \u00fcr\u00fcnlere kolayca g\u00f6z atmas\u0131n\u0131, sipari\u015f vermesini ve \u00f6deme yapmas\u0131n\u0131 sa\u011flar.<\/p>\n<\/li>\n<li data-sourcepos=\"22:1-23:0\">\n<p data-sourcepos=\"22:3-22:194\"><strong>Kamu Bilgilendirme Kiosklar\u0131:<\/strong> 4 telli diren\u00e7li dokunmatik ekranlar, etkile\u015fimli kamu bilgilendirme kiosklar\u0131n\u0131 kolayla\u015ft\u0131rarak ziyaret\u00e7ilerin haritalara, dizinlere ve di\u011fer bilgilere kolay eri\u015fimini sa\u011flar.<\/p>\n<\/li>\n<li data-sourcepos=\"24:1-25:0\">\n<p data-sourcepos=\"24:3-24:196\"><strong>M\u00fcze ve Sergi Te\u015fhirleri:<\/strong> 4 telli rezistif dokunmatik ekranlar m\u00fcze ve sergi ekranlar\u0131n\u0131 geli\u015ftirerek ziyaret\u00e7ilerin sergileri interaktif bir \u015fekilde ke\u015ffetmesine ve eserler hakk\u0131nda daha fazla bilgi edinmesine olanak tan\u0131r.<\/p>\n<\/li>\n<\/ul>","protected":false},"excerpt":{"rendered":"<p>4 telli rezistif dokunmatik ekranlar, g\u00fcvenilir performanslar\u0131, uygun maliyetleri ve dayan\u0131kl\u0131l\u0131klar\u0131 nedeniyle interaktif bilgi ekranlar\u0131 i\u00e7in pop\u00fcler bir se\u00e7im olmaya devam ediyor. Dokunmatik ekranlar i\u00e7in kan\u0131tlanm\u0131\u015f ve uygun maliyetli bir \u00e7\u00f6z\u00fcm sunmalar\u0131, onlar\u0131 \u00e7e\u015fitli bilgi ekran\u0131 uygulamalar\u0131 i\u00e7in de\u011ferli bir varl\u0131k haline getirmektedir.<\/p>","protected":false},"featured_media":1546,"template":"","meta":[],"product_cat":[41],"product_tag":[],"_links":{"self":[{"href":"https:\/\/touchscreenmfg.com\/tr\/wp-json\/wp\/v2\/product\/1626"}],"collection":[{"href":"https:\/\/touchscreenmfg.com\/tr\/wp-json\/wp\/v2\/product"}],"about":[{"href":"https:\/\/touchscreenmfg.com\/tr\/wp-json\/wp\/v2\/types\/product"}],"wp:featuredmedia":[{"embeddable":true,"href":"https:\/\/touchscreenmfg.com\/tr\/wp-json\/wp\/v2\/media\/1546"}],"wp:attachment":[{"href":"https:\/\/touchscreenmfg.com\/tr\/wp-json\/wp\/v2\/media?parent=1626"}],"wp:term":[{"taxonomy":"product_cat","embeddable":true,"href":"https:\/\/touchscreenmfg.com\/tr\/wp-json\/wp\/v2\/product_cat?post=1626"},{"taxonomy":"product_tag","embeddable":true,"href":"https:\/\/touchscreenmfg.com\/tr\/wp-json\/wp\/v2\/product_tag?post=1626"}],"curies":[{"name":"wp","href":"https:\/\/api.w.org\/{rel}","templated":true}]}}