{"id":1625,"date":"2024-06-29T01:12:48","date_gmt":"2024-06-29T01:12:48","guid":{"rendered":"https:\/\/touchscreenmfg.com\/?post_type=product&#038;p=1625"},"modified":"2024-06-29T02:14:44","modified_gmt":"2024-06-29T02:14:44","slug":"5-wire-resistive-touch-screens","status":"publish","type":"product","link":"https:\/\/touchscreenmfg.com\/tr\/5-wire-resistive-touch-screens\/","title":{"rendered":"5 Telli Rezistif Dokunmatik Ekranlar"},"content":{"rendered":"<h2 class=\"\" data-sourcepos=\"1:1-1:95\">5 Telli Diren\u00e7li Dokunmatik Ekranlar: \u0130nteraktif Ak\u0131ll\u0131 Tahtalar ve Ekranlar i\u00e7in Geli\u015ftirilmi\u015f Dayan\u0131kl\u0131l\u0131k<\/h2>\n<p data-sourcepos=\"3:1-3:87\">5 telli rezistif dokunmatik ekranlar, interaktif ak\u0131ll\u0131 tahtalar ve ekranlar i\u00e7in dokunmatik etkile\u015fim deneyimini y\u00fckselterek geli\u015fmi\u015f dayan\u0131kl\u0131l\u0131k, hassasiyet ve uygun fiyat sunar. Bu geli\u015fmi\u015f dokunmatik ekranlar, geleneksel 4 telli rezistif dokunmatik ekranlara g\u00f6re \u00e7e\u015fitli avantajlar sa\u011flayan ek bir alg\u0131lama teli ile benzersiz bir tasar\u0131m kullan\u0131r.<\/p>\n<p data-sourcepos=\"5:1-5:51\"><strong>5 Telli Rezistif Dokunmatik Ekranlar\u0131n Temel \u00d6zellikleri:<\/strong><\/p>\n<ul data-sourcepos=\"7:1-7:60\">\n<li data-sourcepos=\"7:1-7:60\">\n<p data-sourcepos=\"7:3-7:199\"><strong>\u00dcst\u00fcn Dayan\u0131kl\u0131l\u0131k:<\/strong> 5 telli rezistif dokunmatik ekranlardaki ilave alg\u0131lama teli, dayan\u0131kl\u0131l\u0131\u011f\u0131 art\u0131rarak \u00e7izilmelere ve kirleticilere kar\u015f\u0131 diren\u00e7li hale getirir ve yo\u011fun trafikli ortamlar i\u00e7in idealdir.<\/p>\n<\/li>\n<li data-sourcepos=\"9:1-9:45\">\n<p data-sourcepos=\"9:3-9:45\"><strong>Azalt\u0131lm\u0131\u015f Kenar Bozulmas\u0131:<\/strong> Ekstra tel, daha b\u00fcy\u00fck interaktif ekranlarda yayg\u0131n bir sorun olan kenar bozulmas\u0131n\u0131 telafi etmeye yard\u0131mc\u0131 olur ve t\u00fcm ekran boyunca tutarl\u0131 dokunma hassasiyeti sa\u011flar.<\/p>\n<\/li>\n<li data-sourcepos=\"11:1-12:0\">\n<p data-sourcepos=\"11:3-11:164\"><strong>\u0130stikrarl\u0131 Performans:<\/strong> 5 telli rezistif dokunmatik ekranlar, y\u00fcksek ortam \u0131\u015f\u0131\u011f\u0131 veya toz gibi zorlu ortamlarda bile istikrarl\u0131 performans sa\u011flar.<\/p>\n<\/li>\n<li data-sourcepos=\"13:1-14:0\">\n<p data-sourcepos=\"13:3-13:167\"><strong>Uygun Maliyetli \u00c7\u00f6z\u00fcm:<\/strong> Kapasitif dokunmatik ekranlarla kar\u015f\u0131la\u015ft\u0131r\u0131ld\u0131\u011f\u0131nda, 5 telli rezistif dokunmatik ekranlar b\u00fcy\u00fck interaktif ekranlar i\u00e7in daha uygun maliyetli bir \u00e7\u00f6z\u00fcm sunar.<\/p>\n<\/li>\n<\/ul>\n<p data-sourcepos=\"15:1-15:51\"><strong>5 Telli Rezistif Dokunmatik Ekran Uygulamalar\u0131:<\/strong><\/p>\n<ul data-sourcepos=\"17:1-24:0\">\n<li data-sourcepos=\"17:1-18:0\">\n<p data-sourcepos=\"17:3-17:212\"><strong>\u0130nteraktif Ak\u0131ll\u0131 Tahtalar:<\/strong> 5 telli rezistif dokunmatik ekranlar, s\u0131n\u0131flarda, konferans salonlar\u0131nda ve e\u011fitim merkezlerinde kullan\u0131lan interaktif ak\u0131ll\u0131 tahtalar i\u00e7in idealdir ve i\u015fbirli\u011fine dayal\u0131 \u00f6\u011frenme ve sunumlara olanak sa\u011flar.<\/p>\n<\/li>\n<li data-sourcepos=\"19:1-20:0\">\n<p data-sourcepos=\"19:3-19:225\"><strong>Digital Signage ve Kiosklar:<\/strong> Perakende, konaklama ve kamusal alanlarda, 5 telli rezistif dokunmatik ekranlar dijital tabelalar\u0131 ve kiosklar\u0131 geli\u015ftirerek kullan\u0131c\u0131lar\u0131n i\u00e7erikle etkile\u015fime girmesine, se\u00e7im yapmas\u0131na ve bilgilere eri\u015fmesine olanak tan\u0131r.<\/p>\n<\/li>\n<li data-sourcepos=\"21:1-22:0\">\n<p data-sourcepos=\"21:3-21:179\"><strong>End\u00fcstriyel Kontrol Sistemleri:<\/strong> 5 telli rezistif dokunmatik ekranlar, end\u00fcstriyel ortamlarda makineleri kontrol etmek ve s\u00fcre\u00e7leri izlemek i\u00e7in g\u00fcvenilir ve dayan\u0131kl\u0131 bir \u00e7\u00f6z\u00fcm sa\u011flar.<\/p>\n<\/li>\n<li data-sourcepos=\"23:1-24:0\">\n<p data-sourcepos=\"23:3-23:193\"><strong>T\u0131bbi G\u00f6r\u00fcnt\u00fcleme Sistemleri:<\/strong> 5 telli diren\u00e7li dokunmatik ekranlar\u0131n dayan\u0131kl\u0131l\u0131\u011f\u0131 ve hassasiyeti, onlar\u0131 t\u0131bbi g\u00f6r\u00fcnt\u00fcleme sistemleri i\u00e7in uygun hale getirerek doktorlar\u0131n g\u00f6r\u00fcnt\u00fclerle hassas bir \u015fekilde etkile\u015fime girmesini sa\u011flar.<\/p>\n<\/li>\n<\/ul>","protected":false},"excerpt":{"rendered":"<p>5 telli rezistif dokunmatik ekranlar dayan\u0131kl\u0131l\u0131k, hassasiyet ve uygun fiyat\u0131n cazip bir kombinasyonunu sunarak onlar\u0131 \u00e7ok \u00e7e\u015fitli interaktif ak\u0131ll\u0131 tahta ve ekran uygulamalar\u0131 i\u00e7in tercih edilen bir se\u00e7enek haline getirir. Dokunmatik ekranlar i\u00e7in g\u00fcvenilir ve uygun maliyetli bir \u00e7\u00f6z\u00fcm sunarak \u00e7e\u015fitli ortamlarda kullan\u0131c\u0131 etkile\u015fimini ve \u00fcretkenli\u011fi art\u0131r\u0131r.<\/p>","protected":false},"featured_media":1548,"template":"","meta":[],"product_cat":[41],"product_tag":[],"_links":{"self":[{"href":"https:\/\/touchscreenmfg.com\/tr\/wp-json\/wp\/v2\/product\/1625"}],"collection":[{"href":"https:\/\/touchscreenmfg.com\/tr\/wp-json\/wp\/v2\/product"}],"about":[{"href":"https:\/\/touchscreenmfg.com\/tr\/wp-json\/wp\/v2\/types\/product"}],"wp:featuredmedia":[{"embeddable":true,"href":"https:\/\/touchscreenmfg.com\/tr\/wp-json\/wp\/v2\/media\/1548"}],"wp:attachment":[{"href":"https:\/\/touchscreenmfg.com\/tr\/wp-json\/wp\/v2\/media?parent=1625"}],"wp:term":[{"taxonomy":"product_cat","embeddable":true,"href":"https:\/\/touchscreenmfg.com\/tr\/wp-json\/wp\/v2\/product_cat?post=1625"},{"taxonomy":"product_tag","embeddable":true,"href":"https:\/\/touchscreenmfg.com\/tr\/wp-json\/wp\/v2\/product_tag?post=1625"}],"curies":[{"name":"wp","href":"https:\/\/api.w.org\/{rel}","templated":true}]}}