{"id":1624,"date":"2024-06-29T01:09:51","date_gmt":"2024-06-29T01:09:51","guid":{"rendered":"https:\/\/touchscreenmfg.com\/?post_type=product&#038;p=1624"},"modified":"2024-06-29T02:07:12","modified_gmt":"2024-06-29T02:07:12","slug":"8-wire-resistive-touch-screens","status":"publish","type":"product","link":"https:\/\/touchscreenmfg.com\/tr\/8-wire-resistive-touch-screens\/","title":{"rendered":"8 Telli Rezistif Dokunmatik Ekranlar"},"content":{"rendered":"<h2 class=\"\" data-sourcepos=\"1:1-1:78\">8 Telli Rezistif Dokunmatik Ekranlar: Dokunmatik Ekranl\u0131 Monit\u00f6rler i\u00e7in Geli\u015ftirilmi\u015f Hassasiyet<\/h2>\n<p data-sourcepos=\"3:1-3:106\">8 telli rezistif dokunmatik ekranlar, dokunmatik ekranl\u0131 monit\u00f6rler i\u00e7in dokunmatik etkile\u015fim deneyimini y\u00fckselterek geli\u015fmi\u015f hassasiyet, dayan\u0131kl\u0131l\u0131k ve uygun fiyat sunar. Bu geli\u015fmi\u015f dokunmatik ekranlar, geleneksel 4 telli rezistif dokunmatik ekranlara g\u00f6re \u00e7e\u015fitli avantajlar sa\u011flayan ek alg\u0131lama tellerine sahip benzersiz bir tasar\u0131m kullan\u0131r.<\/p>\n<p data-sourcepos=\"5:1-5:51\"><strong>8 Telli Rezistif Dokunmatik Ekranlar\u0131n Temel \u00d6zellikleri:<\/strong><\/p>\n<ul data-sourcepos=\"7:1-7:94\">\n<li data-sourcepos=\"7:1-7:94\">\n<p data-sourcepos=\"7:3-7:186\"><strong>\u00dcst\u00fcn Do\u011fruluk:<\/strong> Sekiz telli rezistif dokunmatik ekranlardaki ek alg\u0131lama telleri daha hassas dokunma alg\u0131lamas\u0131 sa\u011flayarak daha do\u011fru ve duyarl\u0131 bir dokunma deneyimi sunar.<\/p>\n<\/li>\n<li data-sourcepos=\"9:1-9:103\">\n<p data-sourcepos=\"9:3-9:103\"><strong>Azalt\u0131lm\u0131\u015f Kenar Bozulmas\u0131:<\/strong> Ek kablolar, daha b\u00fcy\u00fck dokunmatik ekranl\u0131 monit\u00f6rlerde yayg\u0131n bir sorun olan kenar bozulmas\u0131n\u0131 telafi etmeye yard\u0131mc\u0131 olarak t\u00fcm ekran boyunca tutarl\u0131 dokunma hassasiyeti sa\u011flar.<\/p>\n<\/li>\n<li data-sourcepos=\"11:1-12:0\">\n<p data-sourcepos=\"11:3-11:164\"><strong>\u0130stikrarl\u0131 Performans:<\/strong> 8 telli rezistif dokunmatik ekranlar, y\u00fcksek ortam \u0131\u015f\u0131\u011f\u0131 veya toz gibi zorlu ortamlarda bile istikrarl\u0131 performans sa\u011flar.<\/p>\n<\/li>\n<li data-sourcepos=\"13:1-14:0\">\n<p data-sourcepos=\"13:3-13:168\"><strong>Uygun Maliyetli \u00c7\u00f6z\u00fcm:<\/strong> Kapasitif dokunmatik ekranlarla kar\u015f\u0131la\u015ft\u0131r\u0131ld\u0131\u011f\u0131nda, 8 telli rezistif dokunmatik ekranlar b\u00fcy\u00fck dokunmatik ekranl\u0131 monit\u00f6rler i\u00e7in daha uygun maliyetli bir \u00e7\u00f6z\u00fcm sunar.<\/p>\n<\/li>\n<\/ul>\n<p data-sourcepos=\"15:1-15:51\"><strong>8 Telli Rezistif Dokunmatik Ekran Uygulamalar\u0131:<\/strong><\/p>\n<ul data-sourcepos=\"17:1-17:32\">\n<li data-sourcepos=\"17:1-17:32\">\n<p class=\"\" data-sourcepos=\"17:3-17:213\"><strong class=\"\">\u0130nteraktif D\u00fcz Paneller:<\/strong> 8 telli rezistif dokunmatik ekranlar, konferans salonlar\u0131nda, s\u0131n\u0131flarda ve kamusal alanlarda kullan\u0131lan interaktif d\u00fcz paneller i\u00e7in idealdir ve sorunsuz i\u015fbirli\u011fi ve bilgi payla\u015f\u0131m\u0131 sa\u011flar.<\/p>\n<\/li>\n<li data-sourcepos=\"19:1-20:0\">\n<p data-sourcepos=\"19:3-19:180\"><strong>End\u00fcstriyel Kontrol Sistemleri:<\/strong> End\u00fcstriyel ortamlarda, 8 telli rezistif dokunmatik ekranlar, makinelerin kontrol\u00fc ve s\u00fcre\u00e7lerin izlenmesi i\u00e7in g\u00fcvenilir ve dayan\u0131kl\u0131 bir \u00e7\u00f6z\u00fcm sa\u011flar.<\/p>\n<\/li>\n<li data-sourcepos=\"21:1-22:0\">\n<p data-sourcepos=\"21:3-21:217\"><strong>Perakende ve A\u011f\u0131rlama Kiosklar\u0131:<\/strong> 8 telli rezistif dokunmatik ekranlar, perakende ve konaklama ortamlar\u0131ndaki self servis kiosklar\u0131 geli\u015ftirerek m\u00fc\u015fterilerin bilgilere kolayca eri\u015fmesine, sipari\u015f vermesine ve \u00f6deme yapmas\u0131na olanak tan\u0131r.<\/p>\n<\/li>\n<li data-sourcepos=\"23:1-24:0\">\n<p data-sourcepos=\"23:3-23:208\"><strong>E\u011fitim Sergileri:<\/strong> 8 telli diren\u00e7li dokunmatik ekranlar, e\u011fitim ortamlar\u0131nda etkile\u015fimli \u00f6\u011frenme deneyimlerini kolayla\u015ft\u0131r\u0131r, \u00f6\u011frencilerin dokunmaya dayal\u0131 etkinliklere kat\u0131l\u0131m\u0131n\u0131 sa\u011flar ve anlay\u0131\u015flar\u0131n\u0131 geli\u015ftirir.<\/p>\n<\/li>\n<\/ul>","protected":false},"excerpt":{"rendered":"<p>8 telli rezistif dokunmatik ekranlar, hassasiyet, dayan\u0131kl\u0131l\u0131k ve uygun fiyat\u0131n cazip bir kombinasyonunu sunarak \u00e7ok \u00e7e\u015fitli dokunmatik ekran monit\u00f6r uygulamalar\u0131 i\u00e7in tercih edilen bir se\u00e7imdir. \u0130nteraktif ekranlar i\u00e7in g\u00fcvenilir ve uygun maliyetli bir \u00e7\u00f6z\u00fcm sunarak \u00e7e\u015fitli ortamlarda kullan\u0131c\u0131 kat\u0131l\u0131m\u0131n\u0131 ve \u00fcretkenli\u011fi art\u0131r\u0131r.<\/p>","protected":false},"featured_media":1550,"template":"","meta":[],"product_cat":[41],"product_tag":[],"_links":{"self":[{"href":"https:\/\/touchscreenmfg.com\/tr\/wp-json\/wp\/v2\/product\/1624"}],"collection":[{"href":"https:\/\/touchscreenmfg.com\/tr\/wp-json\/wp\/v2\/product"}],"about":[{"href":"https:\/\/touchscreenmfg.com\/tr\/wp-json\/wp\/v2\/types\/product"}],"wp:featuredmedia":[{"embeddable":true,"href":"https:\/\/touchscreenmfg.com\/tr\/wp-json\/wp\/v2\/media\/1550"}],"wp:attachment":[{"href":"https:\/\/touchscreenmfg.com\/tr\/wp-json\/wp\/v2\/media?parent=1624"}],"wp:term":[{"taxonomy":"product_cat","embeddable":true,"href":"https:\/\/touchscreenmfg.com\/tr\/wp-json\/wp\/v2\/product_cat?post=1624"},{"taxonomy":"product_tag","embeddable":true,"href":"https:\/\/touchscreenmfg.com\/tr\/wp-json\/wp\/v2\/product_tag?post=1624"}],"curies":[{"name":"wp","href":"https:\/\/api.w.org\/{rel}","templated":true}]}}