{"id":1621,"date":"2024-06-29T01:06:11","date_gmt":"2024-06-29T01:06:11","guid":{"rendered":"https:\/\/touchscreenmfg.com\/manufacturer\/pdp-display-cover-glass\/"},"modified":"2024-06-29T02:20:27","modified_gmt":"2024-06-29T02:20:27","slug":"pdp-display-cover-glass","status":"publish","type":"product","link":"https:\/\/touchscreenmfg.com\/tr\/pdp-display-cover-glass\/","title":{"rendered":"PDP Ekran Kapak Cam\u0131"},"content":{"rendered":"<p data-sourcepos=\"3:1-3:86\"><strong>PDP Ekran\u0131n\u0131z\u0131 \u00c7izilmelere, Parlamaya ve Hasarlara Kar\u015f\u0131 Koruyun<\/strong><\/p>\n<p data-sourcepos=\"5:1-5:157\">PDP Ekran Kapak Cam\u0131, PDP oyun cihazlar\u0131n\u0131n ekran\u0131 i\u00e7in \u00f6zel olarak tasarlanm\u0131\u015f koruyucu bir katmand\u0131r. Potansiyel olarak a\u015fa\u011f\u0131daki \u00f6zellikleri sunabilir:<\/p>\n<ul data-sourcepos=\"7:1-7:36\">\n<li data-sourcepos=\"7:1-7:36\">\n<p class=\"\" data-sourcepos=\"7:3-7:285\"><strong class=\"\">\u00c7izilme ve Darbe Dayan\u0131m\u0131:<\/strong> Temperli cam ekran koruyucu gibi, PDP Ekran Kapak Cam\u0131 da ekran\u0131 \u00e7izilmelere, s\u0131yr\u0131klara ve kazara darbelere kar\u015f\u0131 korumay\u0131 ama\u00e7lar. Bu \u00f6zellikle \u00e7arpma ve d\u00fc\u015fmelere daha yatk\u0131n olan el tipi oyun cihazlar\u0131 i\u00e7in \u00f6nemlidir.<\/p>\n<\/li>\n<li data-sourcepos=\"9:1-10:0\">\n<p data-sourcepos=\"9:3-9:168\"><strong>Geli\u015ftirilmi\u015f Netlik:<\/strong> Y\u00fcksek kaliteli bir PDP Ekran Kapak Cam\u0131, m\u00fckemmel optik netli\u011fi koruyarak oyun g\u00f6rsellerinin keskin ve bozulmadan kalmas\u0131n\u0131 sa\u011flamal\u0131d\u0131r.<\/p>\n<\/li>\n<li data-sourcepos=\"11:1-12:0\">\n<p data-sourcepos=\"11:3-11:242\"><strong>Parlama Direnci:<\/strong> PDP oyun cihaz\u0131 parlak bir ekrana sahipse, parlamaya dayan\u0131kl\u0131 bir PDP Ekran Kapak Cam\u0131, ortamdaki \u0131\u015f\u0131k kaynaklar\u0131ndan gelen yans\u0131malar\u0131 en aza indirmeye yard\u0131mc\u0131 olabilir ve \u00f6zellikle parlak \u0131\u015f\u0131kl\u0131 ortamlarda ekran g\u00f6r\u00fcn\u00fcrl\u00fc\u011f\u00fcn\u00fc art\u0131rabilir.<\/p>\n<\/li>\n<li data-sourcepos=\"13:1-13:44\">\n<p data-sourcepos=\"13:3-13:44\"><strong>Dokunmatik Uyumlulu\u011fu:<\/strong> PDP oyun cihaz\u0131 dokunmatik ekrana sahipse, kapak cam\u0131 dokunmatik ekranla sorunsuz etkile\u015fime izin verecek \u015fekilde dokunmatik uyumlu olarak tasarlanmal\u0131d\u0131r.<\/p>\n<\/li>\n<\/ul>","protected":false},"excerpt":{"rendered":"<p>PDP Display Cover Glass, cihazlar\u0131n\u0131n ekran\u0131n\u0131 korumak ve optimum oyun deneyimini s\u00fcrd\u00fcrmek isteyen oyuncular i\u00e7in de\u011ferli bir aksesuar olabilir.<\/p>","protected":false},"featured_media":1582,"template":"","meta":[],"product_cat":[15],"product_tag":[],"_links":{"self":[{"href":"https:\/\/touchscreenmfg.com\/tr\/wp-json\/wp\/v2\/product\/1621"}],"collection":[{"href":"https:\/\/touchscreenmfg.com\/tr\/wp-json\/wp\/v2\/product"}],"about":[{"href":"https:\/\/touchscreenmfg.com\/tr\/wp-json\/wp\/v2\/types\/product"}],"wp:featuredmedia":[{"embeddable":true,"href":"https:\/\/touchscreenmfg.com\/tr\/wp-json\/wp\/v2\/media\/1582"}],"wp:attachment":[{"href":"https:\/\/touchscreenmfg.com\/tr\/wp-json\/wp\/v2\/media?parent=1621"}],"wp:term":[{"taxonomy":"product_cat","embeddable":true,"href":"https:\/\/touchscreenmfg.com\/tr\/wp-json\/wp\/v2\/product_cat?post=1621"},{"taxonomy":"product_tag","embeddable":true,"href":"https:\/\/touchscreenmfg.com\/tr\/wp-json\/wp\/v2\/product_tag?post=1621"}],"curies":[{"name":"wp","href":"https:\/\/api.w.org\/{rel}","templated":true}]}}