{"id":1620,"date":"2024-06-29T01:06:11","date_gmt":"2024-06-29T01:06:11","guid":{"rendered":"https:\/\/touchscreenmfg.com\/manufacturer\/anti-reflective-glass\/"},"modified":"2024-06-29T02:25:34","modified_gmt":"2024-06-29T02:25:34","slug":"anti-reflective-glass","status":"publish","type":"product","link":"https:\/\/touchscreenmfg.com\/tr\/anti-reflective-glass\/","title":{"rendered":"Yans\u0131ma \u00d6nleyici Cam"},"content":{"rendered":"<h2 class=\"\" data-sourcepos=\"1:1-1:93\">Yans\u0131ma \u00d6nleyici Cam: \u00dcst\u00fcn G\u00f6rsel Deneyim i\u00e7in Netli\u011fi Art\u0131r\u0131r ve Parlamay\u0131 Azalt\u0131r<\/h2>\n<p data-sourcepos=\"3:1-3:52\">Yans\u0131ma \u00f6nleyici cam veya yans\u0131ma \u00f6nleyici cam olarak da bilinen yans\u0131ma \u00f6nleyici cam, yans\u0131malar\u0131 en aza indirmek ve \u0131\u015f\u0131k iletimini iyile\u015ftirmek i\u00e7in \u00f6zel bir kaplama ile i\u015flenmi\u015f bir cam t\u00fcr\u00fcd\u00fcr. Bu kaplama, \u0131\u015f\u0131k dalgalar\u0131n\u0131n yans\u0131mas\u0131n\u0131 bozarak net g\u00f6r\u00fc\u015f\u00fc engelleyebilecek istenmeyen parlama ve yans\u0131malar\u0131n miktar\u0131n\u0131 azalt\u0131r.<\/p>\n<p data-sourcepos=\"5:1-5:42\"><strong>Yans\u0131ma \u00d6nleyici Cam\u0131n Temel \u00d6zellikleri:<\/strong><\/p>\n<ul data-sourcepos=\"7:1-7:23\">\n<li data-sourcepos=\"7:1-7:23\">\n<p data-sourcepos=\"7:3-7:165\"><strong>Geli\u015ftirilmi\u015f Netlik:<\/strong> AR cam, y\u00fczey yans\u0131malar\u0131n\u0131 \u00f6nemli \u00f6l\u00e7\u00fcde azaltarak cam\u0131n arkas\u0131ndaki nesnelerin veya g\u00f6r\u00fcnt\u00fclerin daha net ve daha do\u011fru g\u00f6r\u00fcnt\u00fclenmesini sa\u011flar.<\/p>\n<\/li>\n<li data-sourcepos=\"9:1-9:46\">\n<p data-sourcepos=\"9:3-9:46\"><strong>Azalt\u0131lm\u0131\u015f G\u00f6z Yorgunlu\u011fu:<\/strong> AR cam, parlamay\u0131 en aza indirerek g\u00f6z yorgunlu\u011funu azaltmaya yard\u0131mc\u0131 olur ve ekranlar\u0131, ekranlar\u0131 ve di\u011fer cam y\u00fczeyleri uzun s\u00fcre g\u00f6r\u00fcnt\u00fclemeyi daha rahat hale getirir.<\/p>\n<\/li>\n<li data-sourcepos=\"11:1-12:0\">\n<p data-sourcepos=\"11:3-11:135\"><strong>Geli\u015ftirilmi\u015f G\u00f6r\u00fcnt\u00fc Kalitesi:<\/strong> AR cam, g\u00f6r\u00fcnt\u00fcy\u00fc bozabilecek veya gizleyebilecek yans\u0131malar\u0131 azaltarak genel g\u00f6r\u00fcnt\u00fc kalitesini art\u0131r\u0131r.<\/p>\n<\/li>\n<\/ul>\n<p data-sourcepos=\"13:1-13:42\"><strong>Yans\u0131ma \u00d6nleyici Cam Uygulamalar\u0131:<\/strong><\/p>\n<ul data-sourcepos=\"15:1-17:28\">\n<li data-sourcepos=\"15:1-16:0\">\n<p data-sourcepos=\"15:3-15:165\"><strong>G\u00f6zl\u00fck:<\/strong> AR kaplamalar, g\u00fcne\u015f \u0131\u015f\u0131\u011f\u0131, farlar ve di\u011fer kaynaklardan gelen parlamay\u0131 azaltmak, g\u00f6r\u00fc\u015f\u00fc ve konforu iyile\u015ftirmek i\u00e7in g\u00f6zl\u00fcklerde ve g\u00fcne\u015f g\u00f6zl\u00fcklerinde yayg\u0131n olarak kullan\u0131l\u0131r.<\/p>\n<\/li>\n<li data-sourcepos=\"17:1-17:28\">\n<p data-sourcepos=\"17:3-17:28\"><strong>Elektronik Cihazlar:<\/strong> AR cam, ekran netli\u011fini art\u0131rmak ve g\u00f6z yorgunlu\u011funu azaltmak i\u00e7in ak\u0131ll\u0131 telefonlarda, tabletlerde, diz\u00fcst\u00fc bilgisayarlarda ve di\u011fer elektronik cihazlarda yayg\u0131n olarak kullan\u0131lmaktad\u0131r.<\/p>\n<\/li>\n<li data-sourcepos=\"19:1-20:0\">\n<p data-sourcepos=\"19:3-19:163\"><strong>M\u00fcze ve Galeri Sergileri:<\/strong> AR cam, sanat eserlerini yans\u0131malardan korumak ve ziyaret\u00e7ilere daha net bir g\u00f6r\u00fc\u015f sa\u011flamak i\u00e7in m\u00fcze ve galeri vitrinlerinde kullan\u0131l\u0131r.<\/p>\n<\/li>\n<li data-sourcepos=\"21:1-22:0\">\n<p data-sourcepos=\"21:3-21:157\"><strong>Mimari Uygulamalar:<\/strong> AR cam, parlamay\u0131 azaltmak ve enerji verimlili\u011fini art\u0131rmak i\u00e7in pencerelerde, \u00e7at\u0131 pencerelerinde ve di\u011fer mimari elemanlarda kullan\u0131labilir.<\/p>\n<\/li>\n<\/ul>\n<p data-sourcepos=\"23:1-23:316\"><strong>Yans\u0131ma \u00f6nleyici temperli cam<\/strong> ayn\u0131 zamanda temperleme i\u015flemiyle g\u00fc\u00e7lendirilerek k\u0131r\u0131lma ve \u00e7izilmelere kar\u015f\u0131 daha dayan\u0131kl\u0131 hale getirilmi\u015f bir AR cam t\u00fcr\u00fcd\u00fcr. Yans\u0131ma \u00f6nleyici ve koruyucu \u00f6zelliklerin bu kombinasyonu, onu hem netli\u011fin hem de dayan\u0131kl\u0131l\u0131\u011f\u0131n gerekli oldu\u011fu uygulamalar i\u00e7in ideal bir se\u00e7im haline getirir.<\/p>\n<p data-sourcepos=\"25:1-25:141\"><strong>Anti-refleks cam<\/strong> yans\u0131ma \u00f6nleyici cam i\u00e7in kullan\u0131lan ba\u015fka bir terimdir. Genellikle \"AR cam\" ve \"yans\u0131t\u0131c\u0131 olmayan cam\" ile birbirinin yerine kullan\u0131l\u0131r.<\/p>","protected":false},"excerpt":{"rendered":"<p>Yans\u0131ma \u00f6nleyici cam, \u00e7e\u015fitli uygulamalar i\u00e7in \u00f6nemli faydalar sunan de\u011ferli bir teknolojidir. Netli\u011fi art\u0131r\u0131r, parlamay\u0131 azalt\u0131r ve esteti\u011fi iyile\u015ftirir, bu da onu optimum g\u00f6r\u00fcn\u00fcrl\u00fck ve kullan\u0131c\u0131 deneyiminin gerekli oldu\u011fu durumlar i\u00e7in tercih edilen bir se\u00e7im haline getirir.<\/p>","protected":false},"featured_media":1581,"template":"","meta":[],"product_cat":[15],"product_tag":[],"_links":{"self":[{"href":"https:\/\/touchscreenmfg.com\/tr\/wp-json\/wp\/v2\/product\/1620"}],"collection":[{"href":"https:\/\/touchscreenmfg.com\/tr\/wp-json\/wp\/v2\/product"}],"about":[{"href":"https:\/\/touchscreenmfg.com\/tr\/wp-json\/wp\/v2\/types\/product"}],"wp:featuredmedia":[{"embeddable":true,"href":"https:\/\/touchscreenmfg.com\/tr\/wp-json\/wp\/v2\/media\/1581"}],"wp:attachment":[{"href":"https:\/\/touchscreenmfg.com\/tr\/wp-json\/wp\/v2\/media?parent=1620"}],"wp:term":[{"taxonomy":"product_cat","embeddable":true,"href":"https:\/\/touchscreenmfg.com\/tr\/wp-json\/wp\/v2\/product_cat?post=1620"},{"taxonomy":"product_tag","embeddable":true,"href":"https:\/\/touchscreenmfg.com\/tr\/wp-json\/wp\/v2\/product_tag?post=1620"}],"curies":[{"name":"wp","href":"https:\/\/api.w.org\/{rel}","templated":true}]}}