{"id":1619,"date":"2024-06-29T01:06:11","date_gmt":"2024-06-29T01:06:11","guid":{"rendered":"https:\/\/touchscreenmfg.com\/manufacturer\/aio-pc-cover-glass\/"},"modified":"2024-06-29T02:32:50","modified_gmt":"2024-06-29T02:32:50","slug":"aio-pc-cover-glass","status":"publish","type":"product","link":"https:\/\/touchscreenmfg.com\/tr\/aio-pc-cover-glass\/","title":{"rendered":"AIO PC Kapak Cam\u0131"},"content":{"rendered":"<h2 class=\"\" data-sourcepos=\"3:1-3:89\">AIO PC Kapak Cam\u0131: AIO PC'nizin Esteti\u011fini \u015e\u0131k ve \u015e\u0131k Koruma ile Y\u00fckseltin<\/h2>\n<p data-sourcepos=\"5:1-5:54\">3D Kapak Cam\u0131 olarak da bilinen AIO PC Kapak Cam\u0131, All-in-One (AIO) bilgisayar\u0131n\u0131z\u0131n g\u00f6r\u00fcn\u00fcm\u00fcn\u00fc iyile\u015ftirmek ve korumak i\u00e7in tasarlanm\u0131\u015f birinci s\u0131n\u0131f bir cam paneldir. Bu \u015f\u0131k cam kapaklar, estetik \u00e7ekicilik ve i\u015flevsel faydalar\u0131n benzersiz bir kombinasyonunu sunarak AIO PC'nizi \u00e7al\u0131\u015fma alan\u0131n\u0131z\u0131n veya ev e\u011flencesi kurulumunuzun merkezine d\u00f6n\u00fc\u015ft\u00fcr\u00fcr.<\/p>\n<p data-sourcepos=\"7:1-7:39\"><strong>Temel \u00d6zellikler :<\/strong><\/p>\n<ul data-sourcepos=\"9:1-9:9\">\n<li data-sourcepos=\"9:1-9:9\">\n<p data-sourcepos=\"9:3-9:199\"><strong>\u015e\u0131k ve Modern Tasar\u0131m:<\/strong> AIO PC Cover Glass, AIO PC'lerin minimalist esteti\u011fini tamamlayan \u015f\u0131k ve modern bir tasar\u0131ma sahiptir ve kurulumunuza \u015f\u0131kl\u0131k ve sofistike bir dokunu\u015f katar.<\/p>\n<\/li>\n<li data-sourcepos=\"11:1-12:0\">\n<p data-sourcepos=\"11:3-11:189\"><strong>Geli\u015ftirilmi\u015f G\u00f6rsel \u00c7ekicilik:<\/strong> \u015eeffaf cam, AIO bilgisayar\u0131n\u0131z\u0131n i\u00e7 bile\u015fenlerinin parlamas\u0131n\u0131 sa\u011flayarak i\u00e7indeki teknolojiyi sergileyen g\u00f6rsel olarak \u00e7arp\u0131c\u0131 bir etki yarat\u0131r.<\/p>\n<\/li>\n<li data-sourcepos=\"13:1-13:125\">\n<p data-sourcepos=\"13:3-13:125\"><strong>3D Kenar Tasar\u0131m\u0131:<\/strong> Bir\u00e7ok AIO PC Kapak Cam\u0131 paneli, AIO PC'nizin kenarlar\u0131 etraf\u0131nda zarif bir \u015fekilde k\u0131vr\u0131lan, p\u00fcr\u00fczs\u00fcz ve zarif bir g\u00f6r\u00fcn\u00fcm sa\u011flayan bir 3D kenar tasar\u0131m\u0131na sahiptir.<\/p>\n<\/li>\n<li data-sourcepos=\"15:1-16:0\">\n<p data-sourcepos=\"15:3-15:211\"><strong>\u00c7izilme ve Darbe Dayan\u0131m\u0131:<\/strong> Genellikle \u00e7izilmelere, darbelere ve parmak izlerine kar\u015f\u0131 son derece dayan\u0131kl\u0131 olan temperli camdan yap\u0131l\u0131r ve AIO bilgisayar\u0131n\u0131z i\u00e7in uzun s\u00fcreli koruma sa\u011flar.<\/p>\n<\/li>\n<\/ul>\n<p data-sourcepos=\"17:1-17:39\"><strong>Uygulamalar:<\/strong><\/p>\n<ul data-sourcepos=\"19:1-24:0\">\n<li data-sourcepos=\"19:1-20:0\">\n<p data-sourcepos=\"19:3-19:171\"><strong>AIO bilgisayarlar:<\/strong> AIO PC Kapak Cam\u0131, AIO PC'ler i\u00e7in \u00f6zel olarak tasarlanm\u0131\u015ft\u0131r, m\u00fckemmel bir uyum sa\u011flar ve bu kompakt masa\u00fcst\u00fc bilgisayarlar\u0131n genel g\u00f6r\u00fcn\u00fcm\u00fcn\u00fc ve hissini geli\u015ftirir.<\/p>\n<\/li>\n<li data-sourcepos=\"21:1-22:0\">\n<p data-sourcepos=\"21:3-21:207\"><strong>Ev E\u011flence Merkezleri:<\/strong> AIO bilgisayarlar genellikle ev e\u011flence merkezlerinin bir par\u00e7as\u0131 olarak kullan\u0131l\u0131r ve bu kurulumlar\u0131n estetik \u00e7ekicili\u011fini art\u0131rarak onlar\u0131 odan\u0131n odak noktas\u0131 haline getirebilir.<\/p>\n<\/li>\n<li data-sourcepos=\"23:1-24:0\">\n<p data-sourcepos=\"23:3-23:174\"><strong>\u00c7al\u0131\u015fma alanlar\u0131:<\/strong> AIO PC'ler \u00e7al\u0131\u015fma alanlar\u0131nda da giderek daha pop\u00fcler hale geliyor ve AIO PC Kapak Cam\u0131 her ofis ortam\u0131na profesyonellik ve stil katabilir.<\/p>\n<\/li>\n<\/ul>","protected":false},"excerpt":{"rendered":"<p>AIO PC Kapak Cam\u0131, estetik geli\u015ftirme ve i\u015flevsel koruman\u0131n bir kombinasyonunu sunan herhangi bir AIO PC'ye de\u011ferli bir ektir. \u015e\u0131k tasar\u0131m\u0131, 3D kenar detaylar\u0131 ve \u00e7izilmeye kar\u015f\u0131 dayan\u0131kl\u0131 \u00f6zellikleri ile AIO PC Kapak Cam\u0131, AIO PC'nizi \u015f\u0131k ve korumal\u0131 bir ifade par\u00e7as\u0131na d\u00f6n\u00fc\u015ft\u00fcr\u00fcr.<\/p>","protected":false},"featured_media":1580,"template":"","meta":[],"product_cat":[15],"product_tag":[],"_links":{"self":[{"href":"https:\/\/touchscreenmfg.com\/tr\/wp-json\/wp\/v2\/product\/1619"}],"collection":[{"href":"https:\/\/touchscreenmfg.com\/tr\/wp-json\/wp\/v2\/product"}],"about":[{"href":"https:\/\/touchscreenmfg.com\/tr\/wp-json\/wp\/v2\/types\/product"}],"wp:featuredmedia":[{"embeddable":true,"href":"https:\/\/touchscreenmfg.com\/tr\/wp-json\/wp\/v2\/media\/1580"}],"wp:attachment":[{"href":"https:\/\/touchscreenmfg.com\/tr\/wp-json\/wp\/v2\/media?parent=1619"}],"wp:term":[{"taxonomy":"product_cat","embeddable":true,"href":"https:\/\/touchscreenmfg.com\/tr\/wp-json\/wp\/v2\/product_cat?post=1619"},{"taxonomy":"product_tag","embeddable":true,"href":"https:\/\/touchscreenmfg.com\/tr\/wp-json\/wp\/v2\/product_tag?post=1619"}],"curies":[{"name":"wp","href":"https:\/\/api.w.org\/{rel}","templated":true}]}}