{"id":1618,"date":"2024-06-29T01:06:11","date_gmt":"2024-06-29T01:06:11","guid":{"rendered":"https:\/\/touchscreenmfg.com\/manufacturer\/cover-lens\/"},"modified":"2024-06-29T02:42:53","modified_gmt":"2024-06-29T02:42:53","slug":"cover-lens","status":"publish","type":"product","link":"https:\/\/touchscreenmfg.com\/tr\/cover-lens\/","title":{"rendered":"Kapak Lensi"},"content":{"rendered":"<h2 class=\"\" data-sourcepos=\"1:1-1:69\">Kapak Lensi: Optik Lenslerin Hassasiyetle Korunmas\u0131 ve Geli\u015ftirilmesi<\/h2>\n<p data-sourcepos=\"3:1-3:129\">Koruyucu mercekler, \u00e7izilmelere, toza ve di\u011fer zarar verici unsurlara kar\u015f\u0131 korumak i\u00e7in birincil merceklerin \u00fczerine yerle\u015ftirilen optik bile\u015fenlerdir. \u00c7e\u015fitli uygulamalarda \u00e7ok \u00f6nemli bir rol oynarlar ve optik sistemlerin uzun \u00f6m\u00fcrl\u00fc olmas\u0131n\u0131 ve optimum performans g\u00f6stermesini sa\u011flarlar.<\/p>\n<p data-sourcepos=\"5:1-5:30\"><strong>Temel \u00d6zellikler:<\/strong><\/p>\n<ul data-sourcepos=\"7:1-9:14\">\n<li data-sourcepos=\"7:1-8:0\">\n<p data-sourcepos=\"7:3-7:154\"><strong>Koruma:<\/strong> Kapak cam\u0131 bir bariyer g\u00f6revi g\u00f6rerek birincil camlar\u0131 \u00e7izilmelere, a\u015f\u0131nmalara ve d\u0131\u015f etkenlerin neden oldu\u011fu di\u011fer fiziksel hasarlara kar\u015f\u0131 korur.<\/p>\n<\/li>\n<li data-sourcepos=\"9:1-9:14\">\n<p data-sourcepos=\"9:3-9:14\"><strong>Dayan\u0131kl\u0131l\u0131k:<\/strong> Genellikle cam veya plastik gibi dayan\u0131kl\u0131 malzemelerden \u00fcretilirler ve d\u00fczenli kullan\u0131ma ve zorlu ortamlara dayanabilmelerini sa\u011flarlar.<\/p>\n<\/li>\n<li data-sourcepos=\"11:1-11:41\">\n<p data-sourcepos=\"11:3-11:41\"><strong>Optik Berrakl\u0131k:<\/strong> Y\u00fcksek kaliteli kapak mercekleri m\u00fckemmel optik netli\u011fi koruyarak \u0131\u015f\u0131\u011f\u0131n bozulma olmadan ge\u00e7mesine izin verir ve birincil merce\u011fin g\u00f6r\u00fcnt\u00fc kalitesini korur.<\/p>\n<\/li>\n<li data-sourcepos=\"13:1-14:0\">\n<p data-sourcepos=\"13:3-13:133\"><strong>\u00c7ok y\u00f6nl\u00fcl\u00fck:<\/strong> \u00c7ok \u00e7e\u015fitli optik uygulamalara uyacak \u015fekilde \u00e7e\u015fitli \u015fekil, boyut ve kal\u0131nl\u0131klarda mevcutturlar.<\/p>\n<\/li>\n<\/ul>\n<p data-sourcepos=\"15:1-15:33\"><strong>Uygulamalar:<\/strong><\/p>\n<ul data-sourcepos=\"17:1-21:47\">\n<li data-sourcepos=\"17:1-18:0\">\n<p data-sourcepos=\"17:3-17:177\"><strong>Kamera ve Video Kamera Lensleri:<\/strong> Kapak lensleri, foto\u011fraf makinesi ve video kamera lenslerini \u00e7izilmelere, toza ve parmak izlerine kar\u015f\u0131 koruyarak keskin ve net g\u00f6r\u00fcnt\u00fcler elde etmek i\u00e7in gereklidir.<\/p>\n<\/li>\n<li data-sourcepos=\"19:1-20:0\">\n<p data-sourcepos=\"19:3-19:169\"><strong>D\u00fcrb\u00fcnler ve Teleskoplar:<\/strong> Kapak mercekleri, d\u00fcrb\u00fcn ve teleskoplar\u0131n objektif ve ok\u00fcler merceklerini koruyarak toz, nem ve darbelerden kaynaklanan hasarlar\u0131 \u00f6nler.<\/p>\n<\/li>\n<li data-sourcepos=\"21:1-21:47\">\n<p data-sourcepos=\"21:3-21:47\"><strong>T\u0131bbi Cihazlar:<\/strong> Mikroskoplar ve endoskoplar gibi t\u0131bbi cihazlarda hassas optik bile\u015fenleri kirlenme ve hasardan korumak i\u00e7in kullan\u0131l\u0131rlar.<\/p>\n<\/li>\n<li data-sourcepos=\"23:1-24:0\">\n<p data-sourcepos=\"23:3-23:161\"><strong>End\u00fcstriyel Uygulamalar:<\/strong> Sens\u00f6rleri, lazerleri ve di\u011fer optik bile\u015fenleri zorlu ortamlardan korumak i\u00e7in end\u00fcstriyel ortamlarda kullan\u0131l\u0131rlar.<\/p>\n<\/li>\n<\/ul>\n<p data-sourcepos=\"25:1-25:269\">Optik lens parlatma, kapak lenslerinin optik netliklerini korumalar\u0131n\u0131 ve \u0131\u015f\u0131\u011f\u0131 bozulma olmadan iletmelerini sa\u011flayan \u00e7ok \u00f6nemli bir i\u015flemdir. Parlatma, lens y\u00fczeyindeki mikroskobik kusurlar\u0131 ve d\u00fczensizlikleri gidererek p\u00fcr\u00fczs\u00fcz ve net bir y\u00fczey elde edilmesini sa\u011flar.<\/p>","protected":false},"excerpt":{"rendered":"<p>Kapak lensi, dokunmatik veya hassas ekrana sahip t\u00fcm cihazlar i\u00e7in de\u011ferli bir yat\u0131r\u0131md\u0131r. Kullan\u0131c\u0131 deneyimini potansiyel olarak geli\u015ftirirken temel koruma sa\u011flar.<\/p>","protected":false},"featured_media":1579,"template":"","meta":[],"product_cat":[15],"product_tag":[],"_links":{"self":[{"href":"https:\/\/touchscreenmfg.com\/tr\/wp-json\/wp\/v2\/product\/1618"}],"collection":[{"href":"https:\/\/touchscreenmfg.com\/tr\/wp-json\/wp\/v2\/product"}],"about":[{"href":"https:\/\/touchscreenmfg.com\/tr\/wp-json\/wp\/v2\/types\/product"}],"wp:featuredmedia":[{"embeddable":true,"href":"https:\/\/touchscreenmfg.com\/tr\/wp-json\/wp\/v2\/media\/1579"}],"wp:attachment":[{"href":"https:\/\/touchscreenmfg.com\/tr\/wp-json\/wp\/v2\/media?parent=1618"}],"wp:term":[{"taxonomy":"product_cat","embeddable":true,"href":"https:\/\/touchscreenmfg.com\/tr\/wp-json\/wp\/v2\/product_cat?post=1618"},{"taxonomy":"product_tag","embeddable":true,"href":"https:\/\/touchscreenmfg.com\/tr\/wp-json\/wp\/v2\/product_tag?post=1618"}],"curies":[{"name":"wp","href":"https:\/\/api.w.org\/{rel}","templated":true}]}}