{"id":1617,"date":"2024-06-29T01:06:11","date_gmt":"2024-06-29T01:06:11","guid":{"rendered":"https:\/\/touchscreenmfg.com\/manufacturer\/gaming-glass\/"},"modified":"2024-06-29T02:51:17","modified_gmt":"2024-06-29T02:51:17","slug":"gaming-glass","status":"publish","type":"product","link":"https:\/\/touchscreenmfg.com\/tr\/gaming-glass\/","title":{"rendered":"Oyun Cam\u0131"},"content":{"rendered":"<h2 class=\"\" data-sourcepos=\"1:1-1:81\">Oyun Cam\u0131: G\u00f6z Korumas\u0131 ve Konfor ile Oyun Deneyiminizi Geli\u015ftirin<\/h2>\n<p data-sourcepos=\"3:1-3:118\">Oyuncu cam\u0131 olarak da bilinen oyun camlar\u0131, uzun oyun seanslar\u0131 s\u0131ras\u0131nda konforu art\u0131rmak ve g\u00f6z yorgunlu\u011funu azaltmak i\u00e7in tasarlanm\u0131\u015f \u00f6zel g\u00f6zl\u00fcklerdir. Bu g\u00f6zl\u00fckler tipik olarak oyuncular\u0131n \u00f6zel ihtiya\u00e7lar\u0131n\u0131 kar\u015f\u0131layan birka\u00e7 temel \u00f6zelli\u011fe sahiptir.<\/p>\n<p data-sourcepos=\"5:1-5:35\"><strong>Temel \u00d6zellikler:<\/strong><\/p>\n<ul data-sourcepos=\"7:1-9:66\">\n<li data-sourcepos=\"7:1-8:0\">\n<p data-sourcepos=\"7:3-7:300\"><strong>Mavi I\u015f\u0131k Engelleyici Lensler:<\/strong> Genellikle dijital ekranlardan yay\u0131lan mavi \u0131\u015f\u0131\u011f\u0131n bir k\u0131sm\u0131n\u0131 filtreleyen mavi \u0131\u015f\u0131k engelleyici lensler i\u00e7erir. Mavi \u0131\u015f\u0131k uyku d\u00fczenini bozabilir ve g\u00f6z yorgunlu\u011funa katk\u0131da bulunabilir, bu nedenle maruziyeti azaltmak konforu ve genel refah\u0131 art\u0131rabilir.<\/p>\n<\/li>\n<li data-sourcepos=\"9:1-9:66\">\n<p data-sourcepos=\"9:3-9:66\"><strong>Parlama \u00d6nleyici Kaplama:<\/strong> Genellikle ortamdaki \u0131\u015f\u0131k kaynaklar\u0131ndan gelen yans\u0131malar\u0131 en aza indiren, g\u00f6z yorgunlu\u011funu azaltan ve \u00f6zellikle lo\u015f \u0131\u015f\u0131kl\u0131 ortamlarda ekran g\u00f6r\u00fcn\u00fcrl\u00fc\u011f\u00fcn\u00fc art\u0131ran parlama \u00f6nleyici bir kaplamaya sahiptir.<\/p>\n<\/li>\n<li data-sourcepos=\"11:1-12:0\">\n<p data-sourcepos=\"11:3-11:176\"><strong>Rahat \u00c7er\u00e7eveler:<\/strong> Uzun oyun seanslar\u0131 s\u0131ras\u0131nda y\u00fczdeki a\u011f\u0131rl\u0131\u011f\u0131 ve bask\u0131y\u0131 en aza indirmek i\u00e7in genellikle hafif ve rahat \u00e7er\u00e7evelerle tasarlan\u0131rlar.<\/p>\n<\/li>\n<li data-sourcepos=\"13:1-14:0\">\n<p data-sourcepos=\"13:3-13:159\"><strong>\u00c7e\u015fitli Stiller:<\/strong> \u015e\u0131k ve modern tasar\u0131mlardan daha geleneksel \u00e7er\u00e7evelere kadar farkl\u0131 tercihlere uyacak geni\u015f bir stil yelpazesine sahiptirler.<\/p>\n<\/li>\n<\/ul>\n<p data-sourcepos=\"15:1-15:35\"><strong>Uygulamalar:<\/strong><\/p>\n<ul data-sourcepos=\"17:1-19:78\">\n<li data-sourcepos=\"17:1-18:0\">\n<p data-sourcepos=\"17:3-17:119\"><strong>Bilgisayar oyunu:<\/strong> \u00d6zellikle bilgisayar ekranlar\u0131na uzun s\u00fcre bakan PC oyuncular\u0131 taraf\u0131ndan kullan\u0131l\u0131rlar.<\/p>\n<\/li>\n<li data-sourcepos=\"19:1-19:78\">\n<p data-sourcepos=\"19:3-19:78\"><strong>Konsol Oyunlar\u0131:<\/strong> Konsollarda oynayan oyuncular da, \u00f6zellikle karanl\u0131k odalarda veya uzun saatler boyunca oyun oynuyorlarsa, oyun g\u00f6zl\u00fcklerinden faydalanabilirler.<\/p>\n<\/li>\n<li data-sourcepos=\"21:1-22:0\">\n<p data-sourcepos=\"21:3-21:166\"><strong>Rekabet\u00e7i Oyun:<\/strong> Profesyonel ve rekabet\u00e7i oyuncular, yo\u011fun oyun seanslar\u0131 s\u0131ras\u0131nda optimum odaklanmay\u0131 sa\u011flamak ve g\u00f6z yorgunlu\u011funu azaltmak i\u00e7in genellikle oyun g\u00f6zl\u00fckleri kullan\u0131r.<\/p>\n<\/li>\n<\/ul>","protected":false},"excerpt":{"rendered":"<p>Gaming Glass, oyun cihazlar\u0131 i\u00e7in \u00f6zel olarak tasarlanm\u0131\u015f temperli cam koruyuculard\u0131r ve normal temperli cam koruyucular gibi, bir oyun cihaz\u0131n\u0131n hassas ekran\u0131n\u0131 \u00e7izilmelere ve darbelere kar\u015f\u0131 korumay\u0131 ama\u00e7lar.<\/p>","protected":false},"featured_media":1578,"template":"","meta":[],"product_cat":[15],"product_tag":[],"_links":{"self":[{"href":"https:\/\/touchscreenmfg.com\/tr\/wp-json\/wp\/v2\/product\/1617"}],"collection":[{"href":"https:\/\/touchscreenmfg.com\/tr\/wp-json\/wp\/v2\/product"}],"about":[{"href":"https:\/\/touchscreenmfg.com\/tr\/wp-json\/wp\/v2\/types\/product"}],"wp:featuredmedia":[{"embeddable":true,"href":"https:\/\/touchscreenmfg.com\/tr\/wp-json\/wp\/v2\/media\/1578"}],"wp:attachment":[{"href":"https:\/\/touchscreenmfg.com\/tr\/wp-json\/wp\/v2\/media?parent=1617"}],"wp:term":[{"taxonomy":"product_cat","embeddable":true,"href":"https:\/\/touchscreenmfg.com\/tr\/wp-json\/wp\/v2\/product_cat?post=1617"},{"taxonomy":"product_tag","embeddable":true,"href":"https:\/\/touchscreenmfg.com\/tr\/wp-json\/wp\/v2\/product_tag?post=1617"}],"curies":[{"name":"wp","href":"https:\/\/api.w.org\/{rel}","templated":true}]}}