{"id":1616,"date":"2024-06-29T01:06:11","date_gmt":"2024-06-29T01:06:11","guid":{"rendered":"https:\/\/touchscreenmfg.com\/manufacturer\/3d-cover-glass\/"},"modified":"2024-06-29T03:02:20","modified_gmt":"2024-06-29T03:02:20","slug":"3d-cover-glass","status":"publish","type":"product","link":"https:\/\/touchscreenmfg.com\/tr\/3d-cover-glass\/","title":{"rendered":"3D Kapak Cam\u0131"},"content":{"rendered":"<h2 class=\"\" data-sourcepos=\"1:1-1:67\">3D Kapakl\u0131 Cam: \u015e\u0131k ve Dayan\u0131kl\u0131 Ekranlar\u0131n Gelece\u011fini \u015eekillendirmek<\/h2>\n<p data-sourcepos=\"3:1-3:68\">Kavisli kapak cam\u0131 olarak da bilinen 3D Kapak Cam\u0131, elektronik cihazlar\u0131n tasar\u0131m\u0131n\u0131 ve i\u015flevselli\u011fini d\u00f6n\u00fc\u015ft\u00fcren devrim niteli\u011finde bir cam t\u00fcr\u00fcd\u00fcr. Geleneksel d\u00fcz kapak cam\u0131n\u0131n aksine, modern kavisli ekranlar\u0131n d\u0131\u015f hatlar\u0131yla kusursuz bir \u015fekilde e\u015fle\u015fen kavisli bir \u015fekle sahiptir. Bu yenilik\u00e7i tasar\u0131m, d\u00fcz kapak cam\u0131na g\u00f6re bir dizi avantaj sunmakta ve hem \u00fcreticiler hem de t\u00fcketiciler i\u00e7in tercih edilen bir se\u00e7enek haline gelmektedir.<\/p>\n<p data-sourcepos=\"5:1-5:2\"><strong>Temel \u00d6zellikler:<\/strong><\/p>\n<ul data-sourcepos=\"7:1-7:103\">\n<li data-sourcepos=\"7:1-7:103\">\n<p class=\"\" data-sourcepos=\"7:3-7:170\"><strong class=\"\">\u015e\u0131k ve Zarif Tasar\u0131m:<\/strong> Kavisli ekranla sorunsuz bir \u015fekilde uyum sa\u011flayan p\u00fcr\u00fczs\u00fcz, kesintisiz bir y\u00fczey olu\u015fturarak cihazlar\u0131n esteti\u011fini geli\u015ftirir.<\/p>\n<\/li>\n<li data-sourcepos=\"9:1-10:0\">\n<p data-sourcepos=\"9:3-9:177\"><strong>Geli\u015ftirilmi\u015f Dayan\u0131kl\u0131l\u0131k:<\/strong> 3D Kapak Cam\u0131n\u0131n kavisli \u015fekli daha iyi yap\u0131sal destek sa\u011flayarak d\u00fcz kapak cam\u0131na k\u0131yasla darbelere ve \u00e7izilmelere kar\u015f\u0131 daha dayan\u0131kl\u0131 olmas\u0131n\u0131 sa\u011flar.<\/p>\n<\/li>\n<li data-sourcepos=\"11:1-12:0\">\n<p data-sourcepos=\"11:3-11:160\"><strong>Geli\u015ftirilmi\u015f Kenardan Kenara Ekran:<\/strong> Kenardan kenara ekranlara izin vererek g\u00f6r\u00fcnt\u00fcleme alan\u0131n\u0131 en \u00fcst d\u00fczeye \u00e7\u0131kar\u0131r ve daha s\u00fcr\u00fckleyici bir kullan\u0131c\u0131 deneyimi yarat\u0131r.<\/p>\n<\/li>\n<li data-sourcepos=\"13:1-13:105\">\n<p data-sourcepos=\"13:3-13:105\"><strong>Dokunmatik Ekran Uyumlulu\u011fu:<\/strong> Dokunmatik ekran teknolojisiyle tamamen uyumludur ve sorunsuz dokunmatik etkile\u015fim sa\u011flar.<\/p>\n<\/li>\n<\/ul>\n<p data-sourcepos=\"15:1-15:35\"><strong>Uygulamalar:<\/strong><\/p>\n<ul data-sourcepos=\"17:1-24:0\">\n<li data-sourcepos=\"17:1-18:0\">\n<p data-sourcepos=\"17:3-17:135\"><strong>Ak\u0131ll\u0131 telefonlar:<\/strong> \u00dcst d\u00fczey ak\u0131ll\u0131 telefonlarda yayg\u0131n olarak kullan\u0131l\u0131r, \u015f\u0131k tasar\u0131mlar\u0131na ve dayan\u0131kl\u0131 yap\u0131lar\u0131na katk\u0131da bulunur.<\/p>\n<\/li>\n<li data-sourcepos=\"19:1-20:0\">\n<p data-sourcepos=\"19:3-19:118\"><strong>Tabletler:<\/strong> Tabletler, daha b\u00fcy\u00fck ekranlar\u0131 ve geli\u015fmi\u015f kullan\u0131c\u0131 deneyimi i\u00e7in giderek daha fazla 3D Kapak Cam\u0131 kullan\u0131yor.<\/p>\n<\/li>\n<li data-sourcepos=\"21:1-22:0\">\n<p data-sourcepos=\"21:3-21:113\"><strong>Diz\u00fcst\u00fc bilgisayarlar:<\/strong> Baz\u0131 premium diz\u00fcst\u00fc bilgisayarlar, dokunmatik ekranlar\u0131 ve \u015f\u0131k estetikleri i\u00e7in 3D Cover Glass \u00f6zelli\u011fine sahiptir.<\/p>\n<\/li>\n<li data-sourcepos=\"23:1-24:0\">\n<p data-sourcepos=\"23:3-23:146\"><strong>Ak\u0131ll\u0131 saatler:<\/strong>Ekranlar\u0131 i\u00e7in daha dayan\u0131kl\u0131 ve g\u00f6rsel olarak \u00e7ekici bir kapak sa\u011flayarak ak\u0131ll\u0131 saatlerde kendine yer buluyor.<\/p>\n<\/li>\n<\/ul>","protected":false},"excerpt":{"rendered":"<p>3D Kapak Cam\u0131, \u015f\u0131k tasar\u0131m, geli\u015fmi\u015f dayan\u0131kl\u0131l\u0131k ve geli\u015fmi\u015f ekran \u00f6zelliklerinin bir kombinasyonunu sunarak elektronik cihazlar d\u00fcnyas\u0131nda ezber bozan bir \u00fcr\u00fcnd\u00fcr. Teknoloji ilerledik\u00e7e, ak\u0131ll\u0131 telefonlar\u0131n, tabletlerin, diz\u00fcst\u00fc bilgisayarlar\u0131n ve di\u011fer cihazlar\u0131n gelece\u011fini \u015fekillendirerek daha da yayg\u0131nla\u015fmaya haz\u0131rlan\u0131yor.<\/p>","protected":false},"featured_media":1577,"template":"","meta":[],"product_cat":[15],"product_tag":[],"_links":{"self":[{"href":"https:\/\/touchscreenmfg.com\/tr\/wp-json\/wp\/v2\/product\/1616"}],"collection":[{"href":"https:\/\/touchscreenmfg.com\/tr\/wp-json\/wp\/v2\/product"}],"about":[{"href":"https:\/\/touchscreenmfg.com\/tr\/wp-json\/wp\/v2\/types\/product"}],"wp:featuredmedia":[{"embeddable":true,"href":"https:\/\/touchscreenmfg.com\/tr\/wp-json\/wp\/v2\/media\/1577"}],"wp:attachment":[{"href":"https:\/\/touchscreenmfg.com\/tr\/wp-json\/wp\/v2\/media?parent=1616"}],"wp:term":[{"taxonomy":"product_cat","embeddable":true,"href":"https:\/\/touchscreenmfg.com\/tr\/wp-json\/wp\/v2\/product_cat?post=1616"},{"taxonomy":"product_tag","embeddable":true,"href":"https:\/\/touchscreenmfg.com\/tr\/wp-json\/wp\/v2\/product_tag?post=1616"}],"curies":[{"name":"wp","href":"https:\/\/api.w.org\/{rel}","templated":true}]}}