{"id":1615,"date":"2024-06-29T01:06:11","date_gmt":"2024-06-29T01:06:11","guid":{"rendered":"https:\/\/touchscreenmfg.com\/manufacturer\/chemically-tempered-cover-glass\/"},"modified":"2024-06-29T03:26:40","modified_gmt":"2024-06-29T03:26:40","slug":"chemically-tempered-cover-glass","status":"publish","type":"product","link":"https:\/\/touchscreenmfg.com\/tr\/chemically-tempered-cover-glass\/","title":{"rendered":"Kimyasal Olarak Temperlenmi\u015f Kapak Cam\u0131"},"content":{"rendered":"<h2 class=\"\" data-sourcepos=\"1:1-1:91\">Kimyasal Olarak Temperlenmi\u015f Kapak Cam\u0131: Elektronik Cihazlar i\u00e7in Dayan\u0131kl\u0131l\u0131\u011f\u0131 ve Netli\u011fi Art\u0131rma<\/h2>\n<p data-sourcepos=\"3:1-3:72\">\u0130yon de\u011fi\u015ftirilmi\u015f cam olarak da bilinen kimyasal olarak temperlenmi\u015f kapak cam\u0131, g\u00fcc\u00fcn\u00fc ve dayan\u0131kl\u0131l\u0131\u011f\u0131n\u0131 art\u0131rmak i\u00e7in kimyasal bir i\u015flemden ge\u00e7irilmi\u015f bir cam t\u00fcr\u00fcd\u00fcr. Tipik olarak camdaki sodyum iyonlar\u0131n\u0131n potasyum iyonlar\u0131yla de\u011fi\u015ftirilmesini i\u00e7eren bu i\u015flem, y\u00fczeyde bir bas\u0131n\u00e7 gerilimi katman\u0131 olu\u015fturarak cam\u0131 \u00e7izilmelere, darbelere ve termal \u015foklara kar\u015f\u0131 daha dayan\u0131kl\u0131 hale getirir.<\/p>\n<p data-sourcepos=\"5:1-5:49\"><strong>Temel \u00d6zellikler:<\/strong><\/p>\n<ul data-sourcepos=\"7:1-9:1\">\n<li data-sourcepos=\"7:1-8:0\">\n<p data-sourcepos=\"7:3-7:166\"><strong>Geli\u015ftirilmi\u015f G\u00fc\u00e7:<\/strong> Tipik olarak s\u0131radan camdan alt\u0131 ila sekiz kat daha g\u00fc\u00e7l\u00fcd\u00fcr, bu da k\u0131r\u0131lmaya ve \u00e7izilmeye daha az e\u011filimli olmas\u0131n\u0131 sa\u011flar.<\/p>\n<\/li>\n<li data-sourcepos=\"9:1-9:1\">\n<p data-sourcepos=\"9:3-9:140\"><strong>Optik Berrakl\u0131k:<\/strong> \u0130yon de\u011fi\u015ftirme i\u015flemi cam\u0131n optik \u00f6zelliklerini de\u011fi\u015ftirmez, \u015feffafl\u0131\u011f\u0131n\u0131 ve berrakl\u0131\u011f\u0131n\u0131 korur.<\/p>\n<\/li>\n<li data-sourcepos=\"11:1-12:0\">\n<p data-sourcepos=\"11:3-11:145\"><strong>\u00c7ok y\u00f6nl\u00fcl\u00fck:<\/strong> \u00c7e\u015fitli \u015fekillerde kesilebilir ve \u015fekillendirilebilir, bu da onu \u00e7ok \u00e7e\u015fitli uygulamalar i\u00e7in uygun hale getirir.<\/p>\n<\/li>\n<li data-sourcepos=\"13:1-14:0\">\n<p data-sourcepos=\"13:3-13:163\"><strong>\u0130ncelik:<\/strong> Termal olarak temperlenmi\u015f cama k\u0131yasla daha ince kesitlerde \u00fcretilebildi\u011finden daha hafif ve \u015f\u0131k cihazlara olanak sa\u011flar.<\/p>\n<\/li>\n<\/ul>\n<p data-sourcepos=\"15:1-15:52\"><strong>Uygulamalar:<\/strong><\/p>\n<ul data-sourcepos=\"17:1-19:1\">\n<li data-sourcepos=\"17:1-18:0\">\n<p data-sourcepos=\"17:3-17:184\"><strong>Ak\u0131ll\u0131 Telefonlar ve Tabletler:<\/strong>Hassas ekranlar\u0131 \u00e7izilmelere, darbelere ve kazara d\u00fc\u015fmelere kar\u015f\u0131 korumak i\u00e7in ak\u0131ll\u0131 telefonlarda ve tabletlerde yayg\u0131n olarak kullan\u0131l\u0131r.<\/p>\n<\/li>\n<li data-sourcepos=\"19:1-19:1\">\n<p data-sourcepos=\"19:3-19:159\"><strong>Diz\u00fcst\u00fc Bilgisayarlar ve Ta\u015f\u0131nabilir Cihazlar:<\/strong> Diz\u00fcst\u00fc bilgisayarlar, tabletler ve di\u011fer ta\u015f\u0131nabilir cihazlar, ekranlar\u0131 ve dokunmatik ekranlar\u0131 i\u00e7in genellikle kimyasal olarak temperlenmi\u015f kapak cam\u0131 kullan\u0131r.<\/p>\n<\/li>\n<li data-sourcepos=\"21:1-22:0\">\n<p data-sourcepos=\"21:3-21:151\"><strong>Otomotiv Ekranlar\u0131:<\/strong> Dayan\u0131kl\u0131l\u0131\u011f\u0131 ve optik netli\u011fi nedeniyle otomotiv ekranlar\u0131nda giderek daha fazla kullan\u0131lmaktad\u0131r.<\/p>\n<\/li>\n<li data-sourcepos=\"23:1-24:0\">\n<p data-sourcepos=\"23:3-23:160\"><strong>Ak\u0131ll\u0131 Saatler ve Giyilebilir Cihazlar:<\/strong> Ak\u0131ll\u0131 saatler ve di\u011fer giyilebilir cihazlar, kimyasal olarak temperlenmi\u015f kapak cam\u0131n\u0131n \u00e7izilme direncinden ve dayan\u0131kl\u0131l\u0131\u011f\u0131ndan yararlan\u0131r.<\/p>\n<\/li>\n<\/ul>\n<p data-sourcepos=\"25:1-25:27\"><strong>Temperli Cam Kesimi:<\/strong><\/p>\n<p data-sourcepos=\"27:1-27:276\">Kimyasal olarak temperlenmi\u015f kapak cam\u0131n\u0131n kesilmesi, artan mukavemeti ve yanl\u0131\u015f kullan\u0131ld\u0131\u011f\u0131nda par\u00e7alanma potansiyeli nedeniyle \u00f6zel teknikler ve ekipman gerektirir. Kimyasal olarak temperlenmi\u015f kapak cam\u0131n\u0131n hassas ve g\u00fcvenli bir \u015fekilde kesilmesi i\u00e7in profesyonel cam kesme hizmetleri \u00f6nerilir.<\/p>","protected":false},"excerpt":{"rendered":"<p>Kimyasal olarak temperlenmi\u015f kapak cam\u0131, \u00e7e\u015fitli elektronik cihazlar\u0131n ekranlar\u0131n\u0131 korumak ve geli\u015ftirmek i\u00e7in tercih edilen bir se\u00e7enek haline gelmi\u015ftir. Dayan\u0131kl\u0131l\u0131k, optik netlik ve \u00e7ok y\u00f6nl\u00fcl\u00fck kombinasyonu, onu modern teknolojide \u00f6nemli bir bile\u015fen haline getirmektedir.<\/p>","protected":false},"featured_media":1576,"template":"","meta":[],"product_cat":[15],"product_tag":[],"_links":{"self":[{"href":"https:\/\/touchscreenmfg.com\/tr\/wp-json\/wp\/v2\/product\/1615"}],"collection":[{"href":"https:\/\/touchscreenmfg.com\/tr\/wp-json\/wp\/v2\/product"}],"about":[{"href":"https:\/\/touchscreenmfg.com\/tr\/wp-json\/wp\/v2\/types\/product"}],"wp:featuredmedia":[{"embeddable":true,"href":"https:\/\/touchscreenmfg.com\/tr\/wp-json\/wp\/v2\/media\/1576"}],"wp:attachment":[{"href":"https:\/\/touchscreenmfg.com\/tr\/wp-json\/wp\/v2\/media?parent=1615"}],"wp:term":[{"taxonomy":"product_cat","embeddable":true,"href":"https:\/\/touchscreenmfg.com\/tr\/wp-json\/wp\/v2\/product_cat?post=1615"},{"taxonomy":"product_tag","embeddable":true,"href":"https:\/\/touchscreenmfg.com\/tr\/wp-json\/wp\/v2\/product_tag?post=1615"}],"curies":[{"name":"wp","href":"https:\/\/api.w.org\/{rel}","templated":true}]}}