{"id":1614,"date":"2024-06-29T01:06:11","date_gmt":"2024-06-29T01:06:11","guid":{"rendered":"https:\/\/touchscreenmfg.com\/manufacturer\/physically-tempered-cover-glass\/"},"modified":"2024-06-29T03:30:56","modified_gmt":"2024-06-29T03:30:56","slug":"physically-tempered-cover-glass","status":"publish","type":"product","link":"https:\/\/touchscreenmfg.com\/tr\/physically-tempered-cover-glass\/","title":{"rendered":"Fiziksel Olarak Temperlenmi\u015f Kapak Cam\u0131"},"content":{"rendered":"<h2 class=\"\" data-sourcepos=\"1:1-1:100\">Fiziksel Olarak Temperlenmi\u015f Kapak Cam\u0131: Elektronik Cihazlar i\u00e7in Sa\u011flam Koruma ve Geli\u015fmi\u015f Dayan\u0131kl\u0131l\u0131k<\/h2>\n<p data-sourcepos=\"3:1-3:96\">Termal olarak temperlenmi\u015f cam olarak da bilinen fiziksel olarak temperlenmi\u015f kapak cam\u0131, g\u00fcc\u00fcn\u00fc ve dayan\u0131kl\u0131l\u0131\u011f\u0131n\u0131 art\u0131rmak i\u00e7in bir \u0131s\u0131l i\u015flem s\u00fcrecinden ge\u00e7irilmi\u015f bir cam t\u00fcr\u00fcd\u00fcr. Tipik olarak cam\u0131n h\u0131zl\u0131 bir \u015fekilde \u0131s\u0131t\u0131lmas\u0131n\u0131 ve so\u011futulmas\u0131n\u0131 i\u00e7eren bu i\u015flem, y\u00fczeyde bas\u0131n\u00e7l\u0131 bir gerilim katman\u0131 olu\u015fturarak cam\u0131 \u00e7izilmelere, darbelere ve termal \u015foka kar\u015f\u0131 daha dayan\u0131kl\u0131 hale getirir.<\/p>\n<p data-sourcepos=\"5:1-5:52\"><strong>Fiziksel Temperli Kapak Cam\u0131n\u0131n Temel \u00d6zellikleri:<\/strong><\/p>\n<ul data-sourcepos=\"7:1-7:27\">\n<li data-sourcepos=\"7:1-7:27\">\n<p data-sourcepos=\"7:3-7:183\"><strong>Ola\u011fan\u00fcst\u00fc G\u00fc\u00e7:<\/strong> Fiziksel olarak temperlenmi\u015f kapak cam\u0131 tipik olarak s\u0131radan camdan d\u00f6rt ila be\u015f kat daha g\u00fc\u00e7l\u00fcd\u00fcr ve k\u0131r\u0131lma ve \u00e7izilmelere kar\u015f\u0131 \u00fcst\u00fcn koruma sa\u011flar.<\/p>\n<\/li>\n<li data-sourcepos=\"9:1-9:54\">\n<p data-sourcepos=\"9:3-9:54\"><strong>Optik Berrakl\u0131k:<\/strong> Is\u0131l i\u015flem cam\u0131n optik \u00f6zelliklerini de\u011fi\u015ftirmez, \u015feffafl\u0131\u011f\u0131n\u0131 ve berrakl\u0131\u011f\u0131n\u0131 korur.<\/p>\n<\/li>\n<li data-sourcepos=\"11:1-12:0\">\n<p data-sourcepos=\"11:3-11:145\"><strong>\u00c7ok y\u00f6nl\u00fcl\u00fck:<\/strong> Fiziksel olarak temperlenmi\u015f kapak cam\u0131 \u00e7e\u015fitli \u015fekillerde kesilebilir ve \u015fekillendirilebilir, bu da onu \u00e7ok \u00e7e\u015fitli uygulamalar i\u00e7in uygun hale getirir.<\/p>\n<\/li>\n<li data-sourcepos=\"13:1-14:0\">\n<p data-sourcepos=\"13:3-13:171\"><strong>Daha \u0130nce Se\u00e7enekler:<\/strong> Fiziksel olarak temperlenmi\u015f kapak cam\u0131, kimyasal olarak temperlenmi\u015f cama k\u0131yasla daha ince kesitlerde \u00fcretilebilir, bu da daha \u015f\u0131k ve daha hafif cihazlara olanak tan\u0131r.<\/p>\n<\/li>\n<\/ul>\n<p data-sourcepos=\"15:1-15:52\"><strong>Fiziksel Olarak Temperlenmi\u015f Kapak Cam\u0131 Uygulamalar\u0131:<\/strong><\/p>\n<ul data-sourcepos=\"17:1-19:98\">\n<li data-sourcepos=\"17:1-18:0\">\n<p data-sourcepos=\"17:3-17:184\"><strong>Ak\u0131ll\u0131 Telefonlar ve Tabletler:<\/strong> Fiziksel olarak temperlenmi\u015f kapak cam\u0131, hassas ekranlar\u0131 \u00e7izilmelere, darbelere ve kazara d\u00fc\u015fmelere kar\u015f\u0131 korumak i\u00e7in ak\u0131ll\u0131 telefonlarda ve tabletlerde yayg\u0131n olarak kullan\u0131l\u0131r.<\/p>\n<\/li>\n<li data-sourcepos=\"19:1-19:98\">\n<p data-sourcepos=\"19:3-19:98\"><strong>Mimari Uygulamalar:<\/strong> Fiziksel olarak temperlenmi\u015f kapak cam\u0131, mukavemet ve g\u00fcvenlik \u00f6zellikleri nedeniyle pencere, kap\u0131 ve b\u00f6lmeler gibi \u00e7e\u015fitli mimari uygulamalarda kullan\u0131l\u0131r.<\/p>\n<\/li>\n<li data-sourcepos=\"21:1-22:0\">\n<p data-sourcepos=\"21:3-21:151\"><strong>Otomotiv Ekranlar\u0131:<\/strong> Fiziksel olarak temperlenmi\u015f kapak cam\u0131, dayan\u0131kl\u0131l\u0131\u011f\u0131 ve optik netli\u011fi nedeniyle otomotiv ekranlar\u0131nda giderek daha fazla kullan\u0131lmaktad\u0131r.<\/p>\n<\/li>\n<li data-sourcepos=\"23:1-24:0\">\n<p data-sourcepos=\"23:3-23:154\"><strong>Cihaz Panelleri:<\/strong> Buzdolaplar\u0131 ve f\u0131r\u0131nlar gibi ev aletleri, kontrol panelleri ve ekranlar\u0131 i\u00e7in genellikle fiziksel olarak temperlenmi\u015f kapak cam\u0131 kullan\u0131r.<\/p>\n<\/li>\n<\/ul>\n<p data-sourcepos=\"25:1-25:28\"><strong>Cam Temperleme S\u00fcreci:<\/strong><\/p>\n<p data-sourcepos=\"27:1-27:309\">Fiziksel olarak temperlenmi\u015f kapak cam\u0131 i\u00e7in temperleme i\u015flemi, cam\u0131n yakla\u015f\u0131k 600-700\u00b0C s\u0131cakl\u0131\u011fa kadar \u0131s\u0131t\u0131lmas\u0131n\u0131 ve ard\u0131ndan so\u011fuk hava jetleri ile h\u0131zla so\u011futulmas\u0131n\u0131 i\u00e7erir. Bu h\u0131zl\u0131 s\u0131cakl\u0131k de\u011fi\u015fimi y\u00fczeyde s\u0131k\u0131\u015ft\u0131r\u0131c\u0131 bir gerilim tabakas\u0131 olu\u015fturarak cam\u0131 gerilime ve k\u0131r\u0131lmaya kar\u015f\u0131 daha diren\u00e7li hale getirir<\/p>","protected":false},"excerpt":{"rendered":"<p>Fiziksel olarak temperlenmi\u015f kapak cam\u0131, elektronik cihazlar\u0131n ve mimari uygulamalar\u0131n korunmas\u0131nda temel bir unsur haline gelmi\u015ftir. Ola\u011fan\u00fcst\u00fc g\u00fcc\u00fc, optik netli\u011fi ve \u00e7ok y\u00f6nl\u00fcl\u00fc\u011f\u00fc onu modern teknoloji ve in\u015faatta \u00f6nemli bir bile\u015fen haline getirmektedir.<\/p>","protected":false},"featured_media":1575,"template":"","meta":[],"product_cat":[15],"product_tag":[],"_links":{"self":[{"href":"https:\/\/touchscreenmfg.com\/tr\/wp-json\/wp\/v2\/product\/1614"}],"collection":[{"href":"https:\/\/touchscreenmfg.com\/tr\/wp-json\/wp\/v2\/product"}],"about":[{"href":"https:\/\/touchscreenmfg.com\/tr\/wp-json\/wp\/v2\/types\/product"}],"wp:featuredmedia":[{"embeddable":true,"href":"https:\/\/touchscreenmfg.com\/tr\/wp-json\/wp\/v2\/media\/1575"}],"wp:attachment":[{"href":"https:\/\/touchscreenmfg.com\/tr\/wp-json\/wp\/v2\/media?parent=1614"}],"wp:term":[{"taxonomy":"product_cat","embeddable":true,"href":"https:\/\/touchscreenmfg.com\/tr\/wp-json\/wp\/v2\/product_cat?post=1614"},{"taxonomy":"product_tag","embeddable":true,"href":"https:\/\/touchscreenmfg.com\/tr\/wp-json\/wp\/v2\/product_tag?post=1614"}],"curies":[{"name":"wp","href":"https:\/\/api.w.org\/{rel}","templated":true}]}}