{"id":1612,"date":"2024-06-29T01:06:10","date_gmt":"2024-06-29T01:06:10","guid":{"rendered":"https:\/\/touchscreenmfg.com\/manufacturer\/capacitive-touch-screen\/"},"modified":"2024-06-29T03:40:01","modified_gmt":"2024-06-29T03:40:01","slug":"capacitive-touch-screen","status":"publish","type":"product","link":"https:\/\/touchscreenmfg.com\/tr\/capacitive-touch-screen\/","title":{"rendered":"Kapasitif Dokunmatik Ekran"},"content":{"rendered":"<h2 class=\"\" data-sourcepos=\"1:1-1:102\">Kapasitif Dokunmatik Ekranlar: Sezgisel Dokunmatik Teknoloji ile \u0130nsan-Makine Etkile\u015fiminde Devrim<\/h2>\n<p data-sourcepos=\"3:1-3:88\">Kapasitif dokunmatik paneller veya interaktif ekranlar olarak da bilinen kapasitif dokunmatik ekranlar, teknolojiyle etkile\u015fim kurma \u015feklimizde devrim yaratm\u0131\u015ft\u0131r. Bu yenilik\u00e7i dokunmatik ekranlar, bir insan parma\u011f\u0131n\u0131n veya ba\u015fka bir iletken nesnenin neden oldu\u011fu elektrik alan\u0131ndaki de\u011fi\u015fiklikleri tespit etmek i\u00e7in ekran y\u00fczeyinin alt\u0131na g\u00f6m\u00fcl\u00fc bir elektrot \u0131zgaras\u0131 kullan\u0131r. Bu teknoloji, kullan\u0131c\u0131lar\u0131n dokunma, kayd\u0131rma, \u00e7imdikleme ve yak\u0131nla\u015ft\u0131rma gibi sezgisel dokunma hareketleri arac\u0131l\u0131\u011f\u0131yla dijital i\u00e7eri\u011fi kontrol etmelerini ve etkile\u015fimde bulunmalar\u0131n\u0131 sa\u011flar.<\/p>\n<p data-sourcepos=\"5:1-5:45\"><strong>Temel \u00d6zellikler:<\/strong><\/p>\n<ul data-sourcepos=\"7:1-7:125\">\n<li data-sourcepos=\"7:1-7:125\">\n<p class=\"\" data-sourcepos=\"7:3-7:241\"><strong class=\"\">Do\u011fru ve Duyarl\u0131 Dokunmatik Tan\u0131ma:<\/strong> Kapasitif dokunmatik ekranlar, \u00e7ok \u00e7e\u015fitli dokunma hareketlerini hassas bir \u015fekilde yakalamak ve bunlara yan\u0131t vermek i\u00e7in geli\u015fmi\u015f dokunma alg\u0131lama teknolojisini kullanarak do\u011fal ve sezgisel bir kullan\u0131c\u0131 deneyimi sa\u011flar.<\/p>\n<\/li>\n<li data-sourcepos=\"9:1-10:0\">\n<p data-sourcepos=\"9:3-9:210\"><strong>Multi-Touch \u00d6zelli\u011fi:<\/strong> Bir\u00e7ok kapasitif dokunmatik ekran \u00e7oklu dokunma i\u015flevini destekleyerek kullan\u0131c\u0131lar\u0131n ekranda ayn\u0131 anda birden fazla noktayla etkile\u015fime girmesine olanak tan\u0131r ve etkile\u015fimli deneyimi geli\u015ftirir.<\/p>\n<\/li>\n<li data-sourcepos=\"11:1-12:0\">\n<p data-sourcepos=\"11:3-11:206\"><strong>Dayan\u0131kl\u0131 ve \u00c7izilmeye Kar\u015f\u0131 Diren\u00e7li Y\u00fczeyler:<\/strong> Kapasitif dokunmatik ekranlar genellikle temperli cam veya plastik gibi dayan\u0131kl\u0131 malzemelerden \u00fcretilir, b\u00f6ylece d\u00fczenli kullan\u0131ma dayanabilir ve \u00e7izilmelere kar\u015f\u0131 diren\u00e7 g\u00f6sterebilirler.<\/p>\n<\/li>\n<li data-sourcepos=\"13:1-13:35\">\n<p data-sourcepos=\"13:3-13:35\"><strong>\u00c7ok Y\u00f6nl\u00fc Uygulamalar:<\/strong> Kapasitif dokunmatik ekranlar ak\u0131ll\u0131 telefonlar, tabletler, diz\u00fcst\u00fc bilgisayarlar, kiosklar ve end\u00fcstriyel kontrol sistemleri dahil olmak \u00fczere \u00e7ok \u00e7e\u015fitli uygulamalarda kullan\u0131lmaktad\u0131r.<\/p>\n<\/li>\n<\/ul>\n<p data-sourcepos=\"15:1-15:32\"><strong>Kapasitif Dokunmatik Teknolojisi:<\/strong><\/p>\n<p data-sourcepos=\"17:1-17:327\">Kapasitif dokunmatik ekranlar\u0131n temelinde kapasitif alg\u0131lama prensibi yatar. Parmak gibi iletken bir nesne ekrana dokundu\u011funda, elektrotlar taraf\u0131ndan \u00fcretilen elektrik alan\u0131n\u0131 bozar. Bu bozulma dokunmatik sens\u00f6r devresi taraf\u0131ndan \u00f6l\u00e7\u00fclerek sistemin dokunman\u0131n yerini belirlemesini sa\u011flar.<\/p>\n<p data-sourcepos=\"19:1-19:45\"><strong>Uygulamalar:<\/strong><\/p>\n<ul data-sourcepos=\"21:1-28:0\">\n<li data-sourcepos=\"21:1-22:0\">\n<p data-sourcepos=\"21:3-21:168\"><strong>T\u00fcketici Elektroni\u011fi:<\/strong> Kapasitif dokunmatik ekranlar t\u00fcketici elektroni\u011fi cihazlar\u0131nda her yerde bulunur ve ak\u0131ll\u0131 telefonlar, tabletler ve diz\u00fcst\u00fc bilgisayarlar \u00fczerinde sezgisel kontrol sa\u011flar.<\/p>\n<\/li>\n<li data-sourcepos=\"23:1-24:0\">\n<p data-sourcepos=\"23:3-23:152\"><strong>Ticari Te\u015fhirler:<\/strong> Dokunmatik ekranlar perakende kiosklar\u0131, interaktif tabelalar ve e\u011fitim ekranlar\u0131 gibi ticari ortamlarda giderek daha fazla kullan\u0131lmaktad\u0131r.<\/p>\n<\/li>\n<li data-sourcepos=\"25:1-26:0\">\n<p data-sourcepos=\"25:3-25:158\"><strong>End\u00fcstriyel Otomasyon:<\/strong> Dokunmatik paneller, end\u00fcstriyel otomasyon sistemlerinde makineleri kontrol etmek, s\u00fcre\u00e7leri izlemek ve verileri g\u00f6rselle\u015ftirmek i\u00e7in kullan\u0131l\u0131r.<\/p>\n<\/li>\n<li data-sourcepos=\"27:1-28:0\">\n<p data-sourcepos=\"27:3-27:178\"><strong>Ev Otomasyonu:<\/strong> Kapasitif dokunmatik ekranlar ak\u0131ll\u0131 ev sistemlerine entegre edilerek kullan\u0131c\u0131lar\u0131n basit bir dokunu\u015fla ayd\u0131nlatmay\u0131, cihazlar\u0131 ve g\u00fcvenlik \u00f6zelliklerini kontrol etmesine olanak tan\u0131r.<\/p>\n<\/li>\n<\/ul>","protected":false},"excerpt":{"rendered":"<p>Kapasitif dokunmatik ekranlar, dijital cihazlar\u0131 kontrol etmek ve onlarla etkile\u015fim kurmak i\u00e7in daha do\u011fal ve sezgisel bir yol sa\u011flayarak insan-makine etkile\u015fimini d\u00f6n\u00fc\u015ft\u00fcrm\u00fc\u015ft\u00fcr. \u00c7ok y\u00f6nl\u00fcl\u00fckleri, do\u011fruluklar\u0131 ve dayan\u0131kl\u0131l\u0131klar\u0131 onlar\u0131 t\u00fcketici elektroni\u011finden end\u00fcstriyel otomasyona kadar geni\u015f bir uygulama yelpazesinde vazge\u00e7ilmez bile\u015fenler haline getirmektedir.<\/p>","protected":false},"featured_media":1573,"template":"","meta":[],"product_cat":[41],"product_tag":[],"_links":{"self":[{"href":"https:\/\/touchscreenmfg.com\/tr\/wp-json\/wp\/v2\/product\/1612"}],"collection":[{"href":"https:\/\/touchscreenmfg.com\/tr\/wp-json\/wp\/v2\/product"}],"about":[{"href":"https:\/\/touchscreenmfg.com\/tr\/wp-json\/wp\/v2\/types\/product"}],"wp:featuredmedia":[{"embeddable":true,"href":"https:\/\/touchscreenmfg.com\/tr\/wp-json\/wp\/v2\/media\/1573"}],"wp:attachment":[{"href":"https:\/\/touchscreenmfg.com\/tr\/wp-json\/wp\/v2\/media?parent=1612"}],"wp:term":[{"taxonomy":"product_cat","embeddable":true,"href":"https:\/\/touchscreenmfg.com\/tr\/wp-json\/wp\/v2\/product_cat?post=1612"},{"taxonomy":"product_tag","embeddable":true,"href":"https:\/\/touchscreenmfg.com\/tr\/wp-json\/wp\/v2\/product_tag?post=1612"}],"curies":[{"name":"wp","href":"https:\/\/api.w.org\/{rel}","templated":true}]}}