{"id":1611,"date":"2024-06-29T01:06:10","date_gmt":"2024-06-29T01:06:10","guid":{"rendered":"https:\/\/touchscreenmfg.com\/manufacturer\/oled-touch-screen\/"},"modified":"2024-06-29T03:46:04","modified_gmt":"2024-06-29T03:46:04","slug":"oled-touch-screen","status":"publish","type":"product","link":"https:\/\/touchscreenmfg.com\/tr\/oled-touch-screen\/","title":{"rendered":"OLED dokunmatik ekran"},"content":{"rendered":"<h2 class=\"\" data-sourcepos=\"3:1-3:103\">OLED Dokunmatik Ekranlar: Canl\u0131 Ekranlar ve Duyarl\u0131 Dokunmatik Etkile\u015fim ile Kullan\u0131c\u0131 Deneyimini \u0130yile\u015ftirme<\/h2>\n<p data-sourcepos=\"5:1-5:118\">OLED dokunmatik ekranlar olarak da bilinen OLED dokunmatik ekranlar, Organik I\u015f\u0131k Yayan Diyot (OLED) teknolojisinin \u00fcst\u00fcn g\u00f6r\u00fcnt\u00fc kalitesini dokunmatik ekran panelinin etkile\u015fimli \u00f6zellikleriyle birle\u015ftirir. Bu yenilik\u00e7i teknoloji, \u00e7arp\u0131c\u0131 g\u00f6rselleri sezgisel dokunmatik kontrolle harmanlayarak b\u00fcy\u00fcleyici bir kullan\u0131c\u0131 deneyimi sunuyor.<\/p>\n<p data-sourcepos=\"7:1-7:39\"><strong>Temel \u00d6zellikler:<\/strong><\/p>\n<ul data-sourcepos=\"9:1-9:134\">\n<li data-sourcepos=\"9:1-9:134\">\n<p class=\"\" data-sourcepos=\"9:3-9:190\"><strong class=\"\">Ola\u011fan\u00fcst\u00fc G\u00f6r\u00fcnt\u00fc Kalitesi:<\/strong> OLED dokunmatik ekranlar, canl\u0131 renkler, y\u00fcksek kontrast oranlar\u0131 ve ger\u00e7ek siyahlarla ola\u011fan\u00fcst\u00fc g\u00f6r\u00fcnt\u00fc kalitesi sunarak g\u00f6rsel olarak s\u00fcr\u00fckleyici bir deneyim sa\u011flar.<\/p>\n<\/li>\n<li data-sourcepos=\"11:1-12:0\">\n<p data-sourcepos=\"11:3-11:178\"><strong>Duyarl\u0131 Dokunmatik Etkile\u015fim:<\/strong> Dokunmatik ekran paneli kaplamas\u0131, kullan\u0131c\u0131lar\u0131n dokunma, kayd\u0131rma ve \u00e7imdikleme gibi sezgisel dokunma hareketleri arac\u0131l\u0131\u011f\u0131yla ekranla etkile\u015fime girmesini sa\u011flar.<\/p>\n<\/li>\n<li data-sourcepos=\"13:1-14:0\">\n<p data-sourcepos=\"13:3-13:165\"><strong>Enerji Verimlili\u011fi:<\/strong> OLED ekranlar, LCD dokunmatik ekranlara k\u0131yasla tipik olarak daha enerji verimlidir ve performanstan \u00f6d\u00fcn vermeden daha az g\u00fc\u00e7 t\u00fcketir.<\/p>\n<\/li>\n<li data-sourcepos=\"15:1-16:0\">\n<p data-sourcepos=\"15:3-15:130\"><strong>Esnek Tasar\u0131m:<\/strong> OLED ekranlar tasar\u0131mda daha fazla esneklik sunarak daha ince, daha hafif ve kavisli dokunmatik ekranlara olanak tan\u0131r.<\/p>\n<\/li>\n<\/ul>\n<p data-sourcepos=\"17:1-17:39\"><strong>Uygulamalar:<\/strong><\/p>\n<ul data-sourcepos=\"19:1-19:151\">\n<li data-sourcepos=\"19:1-19:151\">\n<p data-sourcepos=\"19:3-19:178\"><strong>Ak\u0131ll\u0131 Telefonlar ve Tabletler:<\/strong> OLED ekranlar, \u00fcst\u00fcn bir g\u00f6r\u00fcnt\u00fcleme deneyimi ve geli\u015fmi\u015f kullan\u0131c\u0131 etkile\u015fimi sa\u011flayan birinci s\u0131n\u0131f ak\u0131ll\u0131 telefonlarda ve tabletlerde giderek daha fazla kullan\u0131lmaktad\u0131r.<\/p>\n<\/li>\n<li data-sourcepos=\"21:1-22:0\">\n<p data-sourcepos=\"21:3-21:181\"><strong>Ak\u0131ll\u0131 Saatler ve Giyilebilir Cihazlar:<\/strong> OLED ekranlar kompakt boyutlar\u0131, d\u00fc\u015f\u00fck g\u00fc\u00e7 t\u00fcketimleri ve y\u00fcksek g\u00f6r\u00fcnt\u00fc kaliteleri nedeniyle ak\u0131ll\u0131 saatlerde ve giyilebilir cihazlarda yayg\u0131nla\u015fmaktad\u0131r.<\/p>\n<\/li>\n<li data-sourcepos=\"23:1-24:0\">\n<p data-sourcepos=\"23:3-23:147\"><strong>Televizyonlar ve Monit\u00f6rler:<\/strong> OLED TV'ler ve monit\u00f6rler, ola\u011fan\u00fcst\u00fc g\u00f6r\u00fcnt\u00fc kalitesi ve s\u00fcr\u00fckleyici izleme deneyimleri sunarak pop\u00fclerlik kazan\u0131yor.<\/p>\n<\/li>\n<li data-sourcepos=\"25:1-26:0\">\n<p data-sourcepos=\"25:3-25:153\"><strong>Otomotiv Ekranlar\u0131:<\/strong> OLED dokunmatik ekranlar, otomotiv g\u00f6sterge panellerine ve bilgi-e\u011flence sistemlerine entegre edilerek s\u00fcr\u00fc\u015f deneyimini geli\u015ftiriyor.<\/p>\n<\/li>\n<\/ul>","protected":false},"excerpt":{"rendered":"<p>OLED dokunmatik ekranlar, \u00e7arp\u0131c\u0131 g\u00f6rseller, duyarl\u0131 dokunmatik kontrol ve enerji verimlili\u011fini bir arada sunarak dijital cihazlarla etkile\u015fim kurma \u015feklimizde devrim yaratm\u0131\u015ft\u0131r. \u00c7ok y\u00f6nl\u00fcl\u00fckleri ve \u00fcst\u00fcn g\u00f6r\u00fcnt\u00fc kaliteleri, onlar\u0131 ak\u0131ll\u0131 telefonlar ve tabletlerden TV'lere ve otomotiv ekranlar\u0131na kadar geni\u015f bir uygulama yelpazesi i\u00e7in tercih edilen bir se\u00e7enek haline getirmektedir.<\/p>","protected":false},"featured_media":1572,"template":"","meta":[],"product_cat":[41],"product_tag":[],"_links":{"self":[{"href":"https:\/\/touchscreenmfg.com\/tr\/wp-json\/wp\/v2\/product\/1611"}],"collection":[{"href":"https:\/\/touchscreenmfg.com\/tr\/wp-json\/wp\/v2\/product"}],"about":[{"href":"https:\/\/touchscreenmfg.com\/tr\/wp-json\/wp\/v2\/types\/product"}],"wp:featuredmedia":[{"embeddable":true,"href":"https:\/\/touchscreenmfg.com\/tr\/wp-json\/wp\/v2\/media\/1572"}],"wp:attachment":[{"href":"https:\/\/touchscreenmfg.com\/tr\/wp-json\/wp\/v2\/media?parent=1611"}],"wp:term":[{"taxonomy":"product_cat","embeddable":true,"href":"https:\/\/touchscreenmfg.com\/tr\/wp-json\/wp\/v2\/product_cat?post=1611"},{"taxonomy":"product_tag","embeddable":true,"href":"https:\/\/touchscreenmfg.com\/tr\/wp-json\/wp\/v2\/product_tag?post=1611"}],"curies":[{"name":"wp","href":"https:\/\/api.w.org\/{rel}","templated":true}]}}