{"id":1610,"date":"2024-06-29T01:06:10","date_gmt":"2024-06-29T01:06:10","guid":{"rendered":"https:\/\/touchscreenmfg.com\/manufacturer\/tft-touch-screen\/"},"modified":"2024-06-29T03:49:15","modified_gmt":"2024-06-29T03:49:15","slug":"tft-touch-screen","status":"publish","type":"product","link":"https:\/\/touchscreenmfg.com\/tr\/tft-touch-screen\/","title":{"rendered":"TFT dokunmatik ekran"},"content":{"rendered":"<h2 class=\"\" data-sourcepos=\"3:1-3:77\">TFT Dokunmatik Ekranlar: Renk Netli\u011fi ve Sezgisel Dokunmatik Etkile\u015fimin Birle\u015ftirilmesi<\/h2>\n<p data-sourcepos=\"5:1-5:122\">TFT dokunmatik ekranlar olarak da bilinen TFT dokunmatik ekranlar, y\u00fcksek kaliteli g\u00f6r\u00fcnt\u00fcler sunmak ve etkile\u015fimli dokunmatik kontrol sa\u011flamak i\u00e7in \u0130nce Film Transist\u00f6r (TFT) teknolojisini kullanan bir dokunmatik ekran t\u00fcr\u00fcd\u00fcr. Bu \u00e7ok y\u00f6nl\u00fc ekranlar \u00e7e\u015fitli elektronik cihazlarda yayg\u0131n olarak kullan\u0131lmakta ve g\u00f6rsel netlik ile kullan\u0131c\u0131 dostu etkile\u015fim aras\u0131nda bir denge sunmaktad\u0131r.<\/p>\n<p data-sourcepos=\"7:1-7:38\"><strong>Temel \u00d6zellikler:<\/strong><\/p>\n<ul data-sourcepos=\"9:1-9:87\">\n<li data-sourcepos=\"9:1-9:87\">\n<p class=\"\" data-sourcepos=\"9:3-9:159\"><strong class=\"\">Canl\u0131 Renk Ekran\u0131:<\/strong> TFT dokunmatik ekranlar, y\u00fcksek \u00e7\u00f6z\u00fcn\u00fcrl\u00fckle geni\u015f bir renk yelpazesi sunarak g\u00f6rsel olarak \u00e7ekici ve ilgi \u00e7ekici bir kullan\u0131c\u0131 deneyimi sa\u011flar.<\/p>\n<\/li>\n<li data-sourcepos=\"11:1-12:0\">\n<p data-sourcepos=\"11:3-11:177\"><strong>Duyarl\u0131 Dokunmatik Etkile\u015fim:<\/strong> Dokunmatik ekran paneli kaplamas\u0131, kullan\u0131c\u0131lar\u0131n dokunma, kayd\u0131rma ve \u00e7imdikleme gibi sezgisel dokunma hareketleri arac\u0131l\u0131\u011f\u0131yla ekranla etkile\u015fime girmesine olanak tan\u0131r.<\/p>\n<\/li>\n<li data-sourcepos=\"13:1-14:0\">\n<p data-sourcepos=\"13:3-13:158\"><strong>Dayan\u0131kl\u0131 ve \u00c7ok Y\u00f6nl\u00fc:<\/strong> TFT ekranlar tipik olarak cam veya plastik gibi dayan\u0131kl\u0131 malzemelerden yap\u0131l\u0131r ve bu da onlar\u0131 \u00e7e\u015fitli uygulamalar i\u00e7in uygun hale getirir.<\/p>\n<\/li>\n<li data-sourcepos=\"15:1-16:0\">\n<p data-sourcepos=\"15:3-15:130\"><strong>Uygun Maliyetli:<\/strong> TFT teknolojisi, di\u011fer dokunmatik ekran teknolojilerine k\u0131yasla performans ve uygun fiyat dengesi sunar.<\/p>\n<\/li>\n<\/ul>\n<p data-sourcepos=\"17:1-17:2\"><strong>Uygulamalar:<\/strong><\/p>\n<ul data-sourcepos=\"19:1-26:0\">\n<li data-sourcepos=\"19:1-20:0\">\n<p data-sourcepos=\"19:3-19:171\"><strong>Ak\u0131ll\u0131 Telefonlar ve Tabletler:<\/strong> TFT ekranlar ak\u0131ll\u0131 telefonlarda ve tabletlerde yayg\u0131n olarak kullan\u0131l\u0131r ve dokunmatik cihazlar i\u00e7in uygun maliyetli ve \u00e7ok y\u00f6nl\u00fc bir \u00e7\u00f6z\u00fcm sa\u011flar.<\/p>\n<\/li>\n<li data-sourcepos=\"21:1-22:0\">\n<p data-sourcepos=\"21:3-21:140\"><strong>Diz\u00fcst\u00fc ve Masa\u00fcst\u00fc Bilgisayarlar:<\/strong> Dokunmatik ekranl\u0131 diz\u00fcst\u00fc bilgisayarlar ve hepsi bir arada (AIO) masa\u00fcst\u00fc bilgisayarlar, geli\u015fmi\u015f kullan\u0131c\u0131 etkile\u015fimi i\u00e7in genellikle TFT dokunmatik ekranlar kullan\u0131r.<\/p>\n<\/li>\n<li data-sourcepos=\"23:1-24:0\">\n<p data-sourcepos=\"23:3-23:171\"><strong>Kiosklar ve \u0130nteraktif Ekranlar:<\/strong> TFT ekranlar, self servis ve bilgi eri\u015fimi i\u00e7in kiosklarda, bilgi terminallerinde ve interaktif tabelalarda yayg\u0131n olarak kullan\u0131lmaktad\u0131r.<\/p>\n<\/li>\n<li data-sourcepos=\"25:1-26:0\">\n<p data-sourcepos=\"25:3-25:166\"><strong>Sat\u0131\u015f Noktas\u0131 (POS) Sistemleri:<\/strong> TFT ekranlar, perakende ortamlar\u0131nda verimli \u00f6deme ve sipari\u015f y\u00f6netimi sa\u011flayan POS sistemlerinin temel bile\u015fenleridir.<\/p>\n<\/li>\n<\/ul>","protected":false},"excerpt":{"rendered":"<p>TFT dokunmatik ekranlar, renk netli\u011fi, duyarl\u0131 dokunmatik etkile\u015fim ve uygun fiyat\u0131n bir kombinasyonunu sunarak elektronik cihazlar d\u00fcnyas\u0131nda temel bir unsur haline gelmi\u015ftir. \u00c7ok y\u00f6nl\u00fcl\u00fckleri, ki\u015fisel cihazlardan ticari ortamlara kadar \u00e7ok \u00e7e\u015fitli uygulamalar i\u00e7in uygun olmalar\u0131n\u0131 sa\u011flar, kullan\u0131c\u0131 deneyimini geli\u015ftirir ve yenili\u011fi te\u015fvik eder.<\/p>","protected":false},"featured_media":1571,"template":"","meta":[],"product_cat":[41],"product_tag":[],"_links":{"self":[{"href":"https:\/\/touchscreenmfg.com\/tr\/wp-json\/wp\/v2\/product\/1610"}],"collection":[{"href":"https:\/\/touchscreenmfg.com\/tr\/wp-json\/wp\/v2\/product"}],"about":[{"href":"https:\/\/touchscreenmfg.com\/tr\/wp-json\/wp\/v2\/types\/product"}],"wp:featuredmedia":[{"embeddable":true,"href":"https:\/\/touchscreenmfg.com\/tr\/wp-json\/wp\/v2\/media\/1571"}],"wp:attachment":[{"href":"https:\/\/touchscreenmfg.com\/tr\/wp-json\/wp\/v2\/media?parent=1610"}],"wp:term":[{"taxonomy":"product_cat","embeddable":true,"href":"https:\/\/touchscreenmfg.com\/tr\/wp-json\/wp\/v2\/product_cat?post=1610"},{"taxonomy":"product_tag","embeddable":true,"href":"https:\/\/touchscreenmfg.com\/tr\/wp-json\/wp\/v2\/product_tag?post=1610"}],"curies":[{"name":"wp","href":"https:\/\/api.w.org\/{rel}","templated":true}]}}