{"id":1608,"date":"2024-06-29T01:06:10","date_gmt":"2024-06-29T01:06:10","guid":{"rendered":"https:\/\/touchscreenmfg.com\/manufacturer\/touch-screen-lens\/"},"modified":"2024-06-29T03:53:36","modified_gmt":"2024-06-29T03:53:36","slug":"touch-screen-lens","status":"publish","type":"product","link":"https:\/\/touchscreenmfg.com\/tr\/touch-screen-lens\/","title":{"rendered":"Dokunmatik Ekran Lensi"},"content":{"rendered":"<h2 class=\"\" data-sourcepos=\"3:1-3:76\">Dokunmatik Ekran Lensleri: Dokunmatik Ekran Deneyiminin Korunmas\u0131 ve Geli\u015ftirilmesi<\/h2>\n<p data-sourcepos=\"5:1-5:166\">Dokunmatik ekran kapaklar\u0131 veya koruyucu filmler olarak da bilinen dokunmatik ekran lensleri, dokunmatik ekranlar\u0131 \u00e7izilmelere, darbelere ve di\u011fer hasarlara kar\u015f\u0131 korumak i\u00e7in \u00fczerlerine uygulanan \u015feffaf katmanlard\u0131r. Bu koruyucu kalkanlar, dokunmatik ekranlar\u0131n b\u00fct\u00fcnl\u00fc\u011f\u00fcn\u00fcn ve i\u015flevselli\u011finin korunmas\u0131nda \u00e7ok \u00f6nemli bir rol oynayarak sorunsuz ve duyarl\u0131 bir kullan\u0131c\u0131 deneyimi sa\u011flar.<\/p>\n<p data-sourcepos=\"7:1-7:40\"><strong>Temel \u00d6zellikler:<\/strong><\/p>\n<ul data-sourcepos=\"9:1-9:121\">\n<li data-sourcepos=\"9:1-9:121\">\n<p class=\"\" data-sourcepos=\"9:3-9:191\"><strong class=\"\">\u00c7izilme Direnci:<\/strong> Dokunmatik ekran lensleri, anahtarlar, bozuk paralar ve di\u011fer nesneler gibi g\u00fcnl\u00fck kullan\u0131mdan kaynaklanan \u00e7izilmelere dayanacak \u015fekilde tasarlanm\u0131\u015ft\u0131r ve hassas ekran y\u00fczeyine zarar gelmesini \u00f6nler.<\/p>\n<\/li>\n<li data-sourcepos=\"11:1-12:0\">\n<p data-sourcepos=\"11:3-11:156\"><strong>Darbe Korumas\u0131:<\/strong> Bu koruyucu filmler darbelerin g\u00fcc\u00fcn\u00fc emip da\u011f\u0131tarak dokunmatik ekranda \u00e7atlak ve k\u0131r\u0131lma riskini azaltabilir.<\/p>\n<\/li>\n<li data-sourcepos=\"13:1-14:0\">\n<p data-sourcepos=\"13:3-13:242\"><strong>Parlama \u00d6nleyici ve Leke Azalt\u0131c\u0131:<\/strong> Baz\u0131 dokunmatik ekran camlar\u0131, yans\u0131malar\u0131 en aza indiren ve parlak ortamlarda g\u00f6r\u00fcn\u00fcrl\u00fc\u011f\u00fc art\u0131ran parlama \u00f6nleyici kaplamalara sahiptir. Ayr\u0131ca parmak izlerini ve lekeleri azaltmak i\u00e7in leke \u00f6nleyici \u00f6zelliklere de sahip olabilirler.<\/p>\n<\/li>\n<li data-sourcepos=\"15:1-15:56\">\n<p data-sourcepos=\"15:3-15:56\"><strong>Dokunma Hassasiyeti ile Uyumluluk:<\/strong> Dokunmatik ekran lensleri tipik olarak ekran\u0131n dokunma hassasiyetini koruyacak, sorunsuz etkile\u015fim ve yan\u0131t verebilirlik sa\u011flayacak \u015fekilde tasarlanm\u0131\u015ft\u0131r.<\/p>\n<\/li>\n<\/ul>\n<p data-sourcepos=\"17:1-17:40\"><strong>Uygulamalar:<\/strong><\/p>\n<ul data-sourcepos=\"19:1-26:0\">\n<li data-sourcepos=\"19:1-20:0\">\n<p data-sourcepos=\"19:3-19:154\"><strong>Ak\u0131ll\u0131 Telefonlar ve Tabletler:<\/strong> Dokunmatik ekran lensleri, de\u011ferli ekranlar\u0131n\u0131 g\u00fcnl\u00fck a\u015f\u0131nma ve y\u0131pranmaya kar\u015f\u0131 korumak i\u00e7in ak\u0131ll\u0131 telefonlarda ve tabletlerde yayg\u0131n olarak kullan\u0131lmaktad\u0131r.<\/p>\n<\/li>\n<li data-sourcepos=\"21:1-22:0\">\n<p data-sourcepos=\"21:3-21:135\"><strong>Diz\u00fcst\u00fc ve Masa\u00fcst\u00fc Bilgisayarlar:<\/strong> Dokunmatik ekranl\u0131 diz\u00fcst\u00fc bilgisayarlar ve hepsi bir arada (AIO) masa\u00fcst\u00fc bilgisayarlar genellikle dokunmatik ekran lenslerinin korumas\u0131ndan yararlan\u0131r.<\/p>\n<\/li>\n<li data-sourcepos=\"23:1-24:0\">\n<p data-sourcepos=\"23:3-23:203\"><strong>Kiosklar ve \u0130nteraktif Ekranlar:<\/strong> Halka a\u00e7\u0131k kiosklar ve interaktif ekranlar \u00e7izilmelere ve darbelere kar\u015f\u0131 \u00f6zellikle savunmas\u0131zd\u0131r, bu da dokunmatik ekran lenslerini koruma i\u00e7in gerekli k\u0131lar.<\/p>\n<\/li>\n<li data-sourcepos=\"25:1-26:0\">\n<p data-sourcepos=\"25:3-25:185\"><strong>Sat\u0131\u015f Noktas\u0131 (POS) Sistemleri:<\/strong> Dokunmatik ekranl\u0131 POS sistemleri, ekranlar\u0131n\u0131 hasara kar\u015f\u0131 korumak ve perakende ortamlar\u0131nda kesintisiz \u00e7al\u0131\u015fmay\u0131 sa\u011flamak i\u00e7in dokunmatik ekran lenslerine g\u00fcvenir.<\/p>\n<\/li>\n<\/ul>","protected":false},"excerpt":{"rendered":"<p>Dokunmatik ekran lensleri, dokunmatik ekranlar i\u00e7in hayati bir koruyucu bariyer g\u00f6revi g\u00f6rerek kullan\u0131m \u00f6m\u00fcrlerini uzat\u0131r ve i\u015flevselliklerini korur. \u00c7izilmeleri, darbeleri ve lekeleri \u00f6nleme yetenekleri, geni\u015f bir uygulama yelpazesinde tutarl\u0131 ve keyifli bir kullan\u0131c\u0131 deneyimi sa\u011flar.<\/p>","protected":false},"featured_media":1568,"template":"","meta":[],"product_cat":[41],"product_tag":[],"_links":{"self":[{"href":"https:\/\/touchscreenmfg.com\/tr\/wp-json\/wp\/v2\/product\/1608"}],"collection":[{"href":"https:\/\/touchscreenmfg.com\/tr\/wp-json\/wp\/v2\/product"}],"about":[{"href":"https:\/\/touchscreenmfg.com\/tr\/wp-json\/wp\/v2\/types\/product"}],"wp:featuredmedia":[{"embeddable":true,"href":"https:\/\/touchscreenmfg.com\/tr\/wp-json\/wp\/v2\/media\/1568"}],"wp:attachment":[{"href":"https:\/\/touchscreenmfg.com\/tr\/wp-json\/wp\/v2\/media?parent=1608"}],"wp:term":[{"taxonomy":"product_cat","embeddable":true,"href":"https:\/\/touchscreenmfg.com\/tr\/wp-json\/wp\/v2\/product_cat?post=1608"},{"taxonomy":"product_tag","embeddable":true,"href":"https:\/\/touchscreenmfg.com\/tr\/wp-json\/wp\/v2\/product_tag?post=1608"}],"curies":[{"name":"wp","href":"https:\/\/api.w.org\/{rel}","templated":true}]}}