{"id":1607,"date":"2024-06-29T01:06:10","date_gmt":"2024-06-29T01:06:10","guid":{"rendered":"https:\/\/touchscreenmfg.com\/manufacturer\/matrix-digital-touch-screen\/"},"modified":"2024-06-29T03:13:06","modified_gmt":"2024-06-29T03:13:06","slug":"matrix-digital-touch-screen","status":"publish","type":"product","link":"https:\/\/touchscreenmfg.com\/tr\/matrix-digital-touch-screen\/","title":{"rendered":"Matrix Dijital Dokunmatik Ekran"},"content":{"rendered":"<h2 class=\"\" data-sourcepos=\"3:1-3:105\">Matrix Dijital Dokunmatik Ekran: Sezgisel Dokunmatik Teknoloji ile \u0130nsan-Makine Etkile\u015fiminde Devrim<\/h2>\n<p data-sourcepos=\"5:1-5:361\">Matris dokunmatik paneller veya interaktif ekranlar olarak da bilinen Matris Dijital Dokunmatik Ekranlar, kullan\u0131c\u0131lar\u0131n sezgisel dokunma hareketleri arac\u0131l\u0131\u011f\u0131yla dijital i\u00e7erik ve cihazlarla etkile\u015fime girmesini sa\u011flayan geli\u015fmi\u015f dokunmaya duyarl\u0131 ekranlard\u0131r. Bu yenilik\u00e7i dokunmatik ekranlar, daha do\u011fal ve kullan\u0131c\u0131 dostu bir deneyim sunarak teknolojiyle etkile\u015fim \u015feklimizi d\u00f6n\u00fc\u015ft\u00fcr\u00fcyor.<\/p>\n<p data-sourcepos=\"7:1-7:49\"><strong>Temel \u00d6zellikler:<\/strong><\/p>\n<ul data-sourcepos=\"9:1-9:125\">\n<li data-sourcepos=\"9:1-9:125\">\n<p data-sourcepos=\"9:3-9:237\"><strong>Do\u011fru ve Duyarl\u0131 Dokunmatik Tan\u0131ma:<\/strong> Matrix Dijital Dokunmatik Ekranlar, dokunma, kayd\u0131rma, \u00e7imdikleme ve yak\u0131nla\u015ft\u0131rma dahil olmak \u00fczere \u00e7ok \u00e7e\u015fitli dokunma hareketlerini hassas bir \u015fekilde yakalamak ve bunlara yan\u0131t vermek i\u00e7in geli\u015fmi\u015f dokunma alg\u0131lama teknolojisini kullan\u0131r.<\/p>\n<\/li>\n<li data-sourcepos=\"11:1-12:0\">\n<p data-sourcepos=\"11:3-11:214\"><strong>Multi-Touch \u00d6zelli\u011fi:<\/strong> Bir\u00e7ok Matrix Dijital Ekran, \u00e7oklu dokunma i\u015flevselli\u011fini destekleyerek kullan\u0131c\u0131lar\u0131n ekrandaki birden fazla noktayla ayn\u0131 anda etkile\u015fime girmesine olanak tan\u0131r ve etkile\u015fimli deneyimi geli\u015ftirir.<\/p>\n<\/li>\n<li data-sourcepos=\"13:1-14:0\">\n<p data-sourcepos=\"13:3-13:210\"><strong>Dayan\u0131kl\u0131 ve \u00c7izilmeye Kar\u015f\u0131 Diren\u00e7li Y\u00fczeyler:<\/strong> Matrix Dijital Ekranlar genellikle temperli cam veya plastik gibi dayan\u0131kl\u0131 malzemelerden \u00fcretilir, b\u00f6ylece d\u00fczenli kullan\u0131ma dayanabilir ve \u00e7izilmelere kar\u015f\u0131 diren\u00e7 g\u00f6sterebilirler.<\/p>\n<\/li>\n<li data-sourcepos=\"15:1-16:0\">\n<p data-sourcepos=\"15:3-15:181\"><strong>\u00c7ok Y\u00f6nl\u00fc Uygulamalar:<\/strong> Matrix Dijital Dokunmatik Ekranlar, ak\u0131ll\u0131 telefonlar, tabletler, diz\u00fcst\u00fc bilgisayarlar, kiosklar ve end\u00fcstriyel kontrol sistemleri dahil olmak \u00fczere \u00e7ok \u00e7e\u015fitli uygulamalarda kullan\u0131l\u0131r.<\/p>\n<\/li>\n<\/ul>\n<p data-sourcepos=\"17:1-17:49\"><strong>Uygulamalar:<\/strong><\/p>\n<ul data-sourcepos=\"19:1-26:0\">\n<li data-sourcepos=\"19:1-20:0\">\n<p data-sourcepos=\"19:3-19:172\"><strong>T\u00fcketici Elektroni\u011fi:<\/strong> Matrix Dijital Dokunmatik Ekranlar, t\u00fcketici elektroni\u011fi cihazlar\u0131nda her yerde bulunur ve ak\u0131ll\u0131 telefonlar, tabletler ve diz\u00fcst\u00fc bilgisayarlar \u00fczerinde sezgisel kontrol sa\u011flar.<\/p>\n<\/li>\n<li data-sourcepos=\"21:1-22:0\">\n<p data-sourcepos=\"21:3-21:152\"><strong>Ticari Te\u015fhirler:<\/strong> Dokunmatik ekranlar perakende kiosklar\u0131, interaktif tabelalar ve e\u011fitim ekranlar\u0131 gibi ticari ortamlarda giderek daha fazla kullan\u0131lmaktad\u0131r.<\/p>\n<\/li>\n<li data-sourcepos=\"23:1-24:0\">\n<p data-sourcepos=\"23:3-23:158\"><strong>End\u00fcstriyel Otomasyon:<\/strong> Dokunmatik paneller, end\u00fcstriyel otomasyon sistemlerinde makineleri kontrol etmek, s\u00fcre\u00e7leri izlemek ve verileri g\u00f6rselle\u015ftirmek i\u00e7in kullan\u0131l\u0131r.<\/p>\n<\/li>\n<li data-sourcepos=\"25:1-26:0\">\n<p data-sourcepos=\"25:3-25:182\"><strong>Ev Otomasyonu:<\/strong> Matrix Dijital Dokunmatik Ekranlar, ak\u0131ll\u0131 ev sistemlerine entegre edilerek kullan\u0131c\u0131lar\u0131n ayd\u0131nlatmay\u0131, cihazlar\u0131 ve g\u00fcvenlik \u00f6zelliklerini basit bir dokunu\u015fla kontrol etmelerini sa\u011flar.<\/p>\n<\/li>\n<\/ul>","protected":false},"excerpt":{"rendered":"<p>Matrix Dijital Dokunmatik Ekranlar, dijital cihazlar\u0131 kontrol etmek ve onlarla etkile\u015fim kurmak i\u00e7in daha do\u011fal ve sezgisel bir yol sa\u011flayarak insan-makine etkile\u015fiminde devrim yaratm\u0131\u015ft\u0131r. \u00c7ok y\u00f6nl\u00fcl\u00fckleri, do\u011fruluklar\u0131 ve dayan\u0131kl\u0131l\u0131klar\u0131, onlar\u0131 t\u00fcketici elektroni\u011finden end\u00fcstriyel otomasyona kadar \u00e7ok \u00e7e\u015fitli uygulamalarda vazge\u00e7ilmez bile\u015fenler haline getirmektedir.<\/p>","protected":false},"featured_media":1567,"template":"","meta":[],"product_cat":[41],"product_tag":[],"_links":{"self":[{"href":"https:\/\/touchscreenmfg.com\/tr\/wp-json\/wp\/v2\/product\/1607"}],"collection":[{"href":"https:\/\/touchscreenmfg.com\/tr\/wp-json\/wp\/v2\/product"}],"about":[{"href":"https:\/\/touchscreenmfg.com\/tr\/wp-json\/wp\/v2\/types\/product"}],"wp:featuredmedia":[{"embeddable":true,"href":"https:\/\/touchscreenmfg.com\/tr\/wp-json\/wp\/v2\/media\/1567"}],"wp:attachment":[{"href":"https:\/\/touchscreenmfg.com\/tr\/wp-json\/wp\/v2\/media?parent=1607"}],"wp:term":[{"taxonomy":"product_cat","embeddable":true,"href":"https:\/\/touchscreenmfg.com\/tr\/wp-json\/wp\/v2\/product_cat?post=1607"},{"taxonomy":"product_tag","embeddable":true,"href":"https:\/\/touchscreenmfg.com\/tr\/wp-json\/wp\/v2\/product_tag?post=1607"}],"curies":[{"name":"wp","href":"https:\/\/api.w.org\/{rel}","templated":true}]}}