{"id":2179,"date":"2024-09-20T08:13:40","date_gmt":"2024-09-20T08:13:40","guid":{"rendered":"https:\/\/touchscreenmfg.com\/?post_type=product&#038;p=2179"},"modified":"2024-09-20T08:13:56","modified_gmt":"2024-09-20T08:13:56","slug":"pc-touch-screen","status":"publish","type":"product","link":"https:\/\/touchscreenmfg.com\/sv\/pc-touch-screen\/","title":{"rendered":"PC peksk\u00e4rm"},"content":{"rendered":"<h2>Peksk\u00e4rmar f\u00f6r PC: Ett h\u00e5llbart och m\u00e5ngsidigt val<\/h2>\n<h3 data-sourcepos=\"5:1-5:39\">Viktiga f\u00f6rdelar:<\/h3>\n<ul>\n<li><span class=\"citation-0 recitation\">H\u00f6g slagt\u00e5lighet:<\/span><span class=\"citation-0 recitation citation-end-0\"> PC \u00e4r ett mycket slagt\u00e5ligt material, vilket g\u00f6r det l\u00e4mpligt f\u00f6r enheter som kan uts\u00e4ttas f\u00f6r fysiska st\u00f6tar eller fall.<\/span><\/li>\n<li>Temperaturbest\u00e4ndighet: PC t\u00e5l ett brett temperaturintervall, vilket g\u00f6r den l\u00e4mplig f\u00f6r utomhus- och industriapplikationer.<\/li>\n<li><span class=\"citation-1 recitation\">Kemisk best\u00e4ndighet:<\/span><span class=\"citation-1 recitation citation-end-1\"> PC \u00e4r motst\u00e5ndskraftigt mot m\u00e5nga kemikalier och l\u00f6sningsmedel, vilket g\u00f6r det h\u00e5llbart i tuffa milj\u00f6er.<\/span><\/li>\n<li><span class=\"citation-2 recitation\">Optisk klarhet:<\/span><span class=\"citation-2 recitation citation-end-2\"> PC har god optisk klarhet, vilket ger en tydlig och responsiv pekupplevelse.<\/span><\/li>\n<\/ul>\n<h3 data-sourcepos=\"12:1-12:37\">Applikationer:<\/h3>\n<ul>\n<li><span class=\"citation-3 recitation\">Industriell automation:<\/span><span class=\"citation-3 recitation citation-end-3\"> PC-peksk\u00e4rmar anv\u00e4nds ofta i industriella kontrollpaneler och maskiner p\u00e5 grund av deras h\u00e5llbarhet och motst\u00e5ndskraft mot tuffa f\u00f6rh\u00e5llanden.<\/span><\/li>\n<li>Kiosker utomhus: PC-peksk\u00e4rmar \u00e4r l\u00e4mpliga f\u00f6r utomhuskiosker och informationsterminaler, eftersom de t\u00e5l att uts\u00e4ttas f\u00f6r v\u00e4der och vind.<\/li>\n<li>Bilindustrin: PC anv\u00e4nds i infotainmentsystem och navigationssk\u00e4rmar i bilar, d\u00e4r h\u00e5llbarhet och temperaturt\u00e5lighet \u00e4r avg\u00f6rande.<\/li>\n<li><span class=\"citation-4 recitation\">Medicintekniska produkter:<\/span><span class=\"citation-4 recitation citation-end-4\"> PC-peksk\u00e4rmar finns i medicinsk utrustning som diagnostiska apparater och patient\u00f6vervakningssystem.<\/span><\/li>\n<\/ul>\n<h3 data-sourcepos=\"19:1-19:44\">J\u00e4mf\u00f6relse mellan peksk\u00e4rmar av PMMA och PC:<\/h3>\n<div class=\"horizontal-scroll-wrapper\">\n<div class=\"table-block-component\">\n<div class=\"table-block\">\n<div class=\"table-content not-end-of-paragraph\">\n<table style=\"height: 170px;\" width=\"612\" data-sourcepos=\"21:1-27:25\">\n<tbody>\n<tr data-sourcepos=\"21:1-21:23\">\n<th data-sourcepos=\"21:1-21:9\">Funktion<\/th>\n<th data-sourcepos=\"21:11-21:16\">PMMA<\/th>\n<th data-sourcepos=\"21:18-21:21\">PC<\/th>\n<\/tr>\n<tr data-sourcepos=\"23:1-23:40\">\n<td data-sourcepos=\"23:1-23:19\">Motst\u00e5ndskraft mot st\u00f6tar<\/td>\n<td data-sourcepos=\"23:21-23:26\">Bra<\/td>\n<td data-sourcepos=\"23:28-23:38\">Utm\u00e4rkt<\/td>\n<\/tr>\n<tr data-sourcepos=\"24:1-24:45\">\n<td data-sourcepos=\"24:1-24:24\">Temperaturbest\u00e4ndighet<\/td>\n<td data-sourcepos=\"24:26-24:31\">Bra<\/td>\n<td data-sourcepos=\"24:33-24:43\">Utm\u00e4rkt<\/td>\n<\/tr>\n<tr data-sourcepos=\"25:1-25:42\">\n<td data-sourcepos=\"25:1-25:21\">Kemisk best\u00e4ndighet<\/td>\n<td data-sourcepos=\"25:23-25:28\">Bra<\/td>\n<td data-sourcepos=\"25:30-25:40\">Utm\u00e4rkt<\/td>\n<\/tr>\n<tr data-sourcepos=\"26:1-26:38\">\n<td data-sourcepos=\"26:1-26:17\">Optisk klarhet<\/td>\n<td data-sourcepos=\"26:19-26:29\">Utm\u00e4rkt<\/td>\n<td data-sourcepos=\"26:31-26:36\">Bra<\/td>\n<\/tr>\n<tr data-sourcepos=\"27:1-27:25\">\n<td data-sourcepos=\"27:1-27:6\">Kostnad<\/td>\n<td data-sourcepos=\"27:8-27:14\">L\u00e4gre<\/td>\n<td data-sourcepos=\"27:16-27:23\">H\u00f6gre<\/td>\n<\/tr>\n<\/tbody>\n<\/table>\n<\/div>\n<\/div>\n<\/div>\n<\/div>","protected":false},"excerpt":{"rendered":"<p>Peksk\u00e4rmar av PC (polykarbonat) \u00e4r ett annat popul\u00e4rt alternativ f\u00f6r elektroniska enheter och erbjuder utm\u00e4rkt h\u00e5llbarhet och motst\u00e5ndskraft mot st\u00f6tar. De anv\u00e4nds ofta i applikationer d\u00e4r h\u00e5llbarhet och robusthet \u00e4r avg\u00f6rande.<\/p>\n<p>Sammanfattningsvis erbjuder b\u00e5de PMMA- och PC-peksk\u00e4rmar utm\u00e4rkt prestanda och h\u00e5llbarhet. Valet mellan de tv\u00e5 materialen beror p\u00e5 de specifika kraven i applikationen. PMMA \u00e4r i allm\u00e4nhet mer kostnadseffektivt och erbjuder utm\u00e4rkt optisk klarhet, medan PC \u00e4r k\u00e4nt f\u00f6r sin exceptionella slag- och temperaturt\u00e5lighet.<\/p>","protected":false},"featured_media":2180,"template":"","meta":[],"product_cat":[43],"product_tag":[],"_links":{"self":[{"href":"https:\/\/touchscreenmfg.com\/sv\/wp-json\/wp\/v2\/product\/2179"}],"collection":[{"href":"https:\/\/touchscreenmfg.com\/sv\/wp-json\/wp\/v2\/product"}],"about":[{"href":"https:\/\/touchscreenmfg.com\/sv\/wp-json\/wp\/v2\/types\/product"}],"wp:featuredmedia":[{"embeddable":true,"href":"https:\/\/touchscreenmfg.com\/sv\/wp-json\/wp\/v2\/media\/2180"}],"wp:attachment":[{"href":"https:\/\/touchscreenmfg.com\/sv\/wp-json\/wp\/v2\/media?parent=2179"}],"wp:term":[{"taxonomy":"product_cat","embeddable":true,"href":"https:\/\/touchscreenmfg.com\/sv\/wp-json\/wp\/v2\/product_cat?post=2179"},{"taxonomy":"product_tag","embeddable":true,"href":"https:\/\/touchscreenmfg.com\/sv\/wp-json\/wp\/v2\/product_tag?post=2179"}],"curies":[{"name":"wp","href":"https:\/\/api.w.org\/{rel}","templated":true}]}}