{"id":2177,"date":"2024-09-20T08:00:55","date_gmt":"2024-09-20T08:00:55","guid":{"rendered":"https:\/\/touchscreenmfg.com\/?post_type=product&#038;p=2177"},"modified":"2025-03-15T09:13:16","modified_gmt":"2025-03-15T09:13:16","slug":"pmma-touch-screen","status":"publish","type":"product","link":"https:\/\/touchscreenmfg.com\/sv\/pmma-touch-screen\/","title":{"rendered":"PMMA peksk\u00e4rm"},"content":{"rendered":"<h2>Peksk\u00e4rmar i PMMA: Ett tydligt och responsivt val<\/h2>\n<h3 data-sourcepos=\"5:1-5:38\">Viktiga f\u00f6rdelar:<\/h3>\n<ul data-sourcepos=\"7:1-8:61\">\n<li data-sourcepos=\"7:1-7:108\">H\u00f6g genomskinlighet: <a href=\"https:\/\/nylon-granules.com\/acrylic-sheet\/\" target=\"_blank\" rel=\"noopener\">PMMA<\/a> ger utm\u00e4rkt klarhet och synlighet, vilket garanterar en klar och tydlig display.<\/li>\n<li data-sourcepos=\"8:1-8:61\">L\u00e4ttvikt: PMMA \u00e4r ett relativt l\u00e4tt material, vilket g\u00f6r det l\u00e4mpligt f\u00f6r b\u00e4rbara enheter.<\/li>\n<li data-sourcepos=\"9:1-9:97\">Motst\u00e5ndskraft mot repor: PMMA ger bra rept\u00e5lighet och skyddar sk\u00e4rmen fr\u00e5n skador.<\/li>\n<li data-sourcepos=\"10:1-10:29\">Kemisk resistens: PMMA \u00e4r best\u00e4ndigt mot en m\u00e4ngd olika kemikalier, vilket g\u00f6r det l\u00e4mpligt f\u00f6r anv\u00e4ndning i tuffa milj\u00f6er.<\/li>\n<li data-sourcepos=\"11:1-12:0\">Kostnadseffektivt: PMMA \u00e4r i allm\u00e4nhet mer kostnadseffektivt j\u00e4mf\u00f6rt med andra material som glas.<\/li>\n<\/ul>\n<h3 data-sourcepos=\"13:1-13:39\">Applikationer:<\/h3>\n<ul data-sourcepos=\"15:1-17:89\">\n<li data-sourcepos=\"15:1-15:170\">Smartphones och surfplattor: PMMA anv\u00e4nds ofta i peksk\u00e4rmar p\u00e5 smartphones och surfplattor tack vare sin kombination av klarhet, h\u00e5llbarhet och kostnadseffektivitet.<\/li>\n<li data-sourcepos=\"16:1-16:150\">System f\u00f6r f\u00f6rs\u00e4ljningsst\u00e4llen (POS): PMMA-peksk\u00e4rmar anv\u00e4nds ofta inom detaljhandeln och hotell- och restaurangbranschen f\u00f6r kundinteraktioner och transaktioner.<\/li>\n<li data-sourcepos=\"17:1-17:89\">Industriell automation: PMMA-peksk\u00e4rmar anv\u00e4nds i industriella kontrollpaneler och maskiner f\u00f6r operat\u00f6rsinmatning.<\/li>\n<li data-sourcepos=\"18:1-19:0\">Medicintekniska produkter: Peksk\u00e4rmar i PMMA finns i medicinsk utrustning som diagnostiska apparater och patient\u00f6vervakningssystem.<\/li>\n<\/ul>\n<h3 data-sourcepos=\"20:1-20:68\">PMMA erbjuder m\u00e5nga f\u00f6rdelar, men har ocks\u00e5 vissa begr\u00e4nsningar:<\/h3>\n<ul data-sourcepos=\"22:1-24:0\">\n<li data-sourcepos=\"22:1-22:86\">H\u00e5rdhet: PMMA \u00e4r inte lika h\u00e5rt som glas, vilket g\u00f6r det mer k\u00e4nsligt f\u00f6r repor.<\/li>\n<li data-sourcepos=\"23:1-24:0\">Temperaturk\u00e4nslighet: PMMA kan p\u00e5verkas av extrema temperaturer, vilket kan p\u00e5verka dess prestanda.<\/li>\n<\/ul>","protected":false},"excerpt":{"rendered":"<p data-sourcepos=\"3:1-3:93\">PMMA, eller polymetylmetakrylat, \u00e4r ett popul\u00e4rt material f\u00f6r peksk\u00e4rmar p\u00e5 grund av dess utm\u00e4rkta optiska egenskaper och h\u00e5llbarhet. PMMA-peksk\u00e4rmar erbjuder en tydlig, responsiv och kostnadseffektiv l\u00f6sning f\u00f6r olika elektroniska enheter.<\/p>\n<p data-sourcepos=\"3:1-3:93\">PMMA-peksk\u00e4rmar \u00e4r en tillf\u00f6rlitlig och kostnadseffektiv l\u00f6sning f\u00f6r ett brett spektrum av applikationer. Deras kombination av klarhet, h\u00e5llbarhet och prisv\u00e4rdhet g\u00f6r dem till ett popul\u00e4rt val inom elektronikindustrin.<\/p>","protected":false},"featured_media":2178,"template":"","meta":[],"product_cat":[43],"product_tag":[],"_links":{"self":[{"href":"https:\/\/touchscreenmfg.com\/sv\/wp-json\/wp\/v2\/product\/2177"}],"collection":[{"href":"https:\/\/touchscreenmfg.com\/sv\/wp-json\/wp\/v2\/product"}],"about":[{"href":"https:\/\/touchscreenmfg.com\/sv\/wp-json\/wp\/v2\/types\/product"}],"wp:featuredmedia":[{"embeddable":true,"href":"https:\/\/touchscreenmfg.com\/sv\/wp-json\/wp\/v2\/media\/2178"}],"wp:attachment":[{"href":"https:\/\/touchscreenmfg.com\/sv\/wp-json\/wp\/v2\/media?parent=2177"}],"wp:term":[{"taxonomy":"product_cat","embeddable":true,"href":"https:\/\/touchscreenmfg.com\/sv\/wp-json\/wp\/v2\/product_cat?post=2177"},{"taxonomy":"product_tag","embeddable":true,"href":"https:\/\/touchscreenmfg.com\/sv\/wp-json\/wp\/v2\/product_tag?post=2177"}],"curies":[{"name":"wp","href":"https:\/\/api.w.org\/{rel}","templated":true}]}}