{"id":1871,"date":"2024-08-07T02:46:18","date_gmt":"2024-08-07T02:46:18","guid":{"rendered":"https:\/\/touchscreenmfg.com\/?post_type=product&#038;p=1871"},"modified":"2024-08-07T02:58:47","modified_gmt":"2024-08-07T02:58:47","slug":"car-light-touch-switch","status":"publish","type":"product","link":"https:\/\/touchscreenmfg.com\/sv\/car-light-touch-switch\/","title":{"rendered":"Touch-omkopplare f\u00f6r bilbelysning"},"content":{"rendered":"<h3><strong><b>F\u00f6rdelar med ber\u00f6ringsbrytare f\u00f6r billjus<\/b><\/strong><\/h3>\n<ul>\n<li><strong>F\u00f6rb\u00e4ttrad estetik:<\/strong>\u00a0Snygg och minimalistisk design bidrar till en modern bilinredning.<\/li>\n<li><strong>F\u00f6rb\u00e4ttrad anv\u00e4ndbarhet:<\/strong>\u00a0Intuitivt pekgr\u00e4nssnitt minskar risken f\u00f6r att f\u00f6raren distraheras.<\/li>\n<li><strong>H\u00e5llbarhet:<\/strong>\u00a0Motst\u00e5ndskraftig mot slitage, vilket garanterar l\u00e5ngvarig prestanda.<\/li>\n<li><strong>Anpassning:<\/strong>\u00a0Kan programmeras med olika belysningsfunktioner och l\u00e4gen.<\/li>\n<li><strong>Hygien:<\/strong>\u00a0L\u00e4ttare att reng\u00f6ra j\u00e4mf\u00f6rt med fysiska knappar.<\/li>\n<\/ul>\n<h3><strong><b>Typer av ber\u00f6ringsbrytare f\u00f6r billjus<\/b><\/strong><\/h3>\n<ul>\n<li><strong>Kapacitiva pekbrytare:<\/strong>\u00a0Svarar p\u00e5 de kapacitansf\u00f6r\u00e4ndringar som orsakas av m\u00e4nniskokroppen.<\/li>\n<li><strong>Resistiva ber\u00f6ringsbrytare:<\/strong>\u00a0Detekterar f\u00f6r\u00e4ndringar i det elektriska motst\u00e5ndet vid tryckning.<\/li>\n<li><strong>Projicerade kapacitiva touch-omkopplare:<\/strong>\u00a0Erbjuder h\u00f6gre k\u00e4nslighet och noggrannhet.<\/li>\n<\/ul>\n<h3><strong><b>Till\u00e4mpningar i fordon<\/b><\/strong><\/h3>\n<p>Touch switchar f\u00f6r billjus anv\u00e4nds ofta f\u00f6r:<\/p>\n<ul>\n<li><strong>Reglage f\u00f6r str\u00e5lkastare:<\/strong>\u00a0Justering av ljusstyrka, str\u00e5lningsm\u00f6nster och funktioner f\u00f6r automatisk p\u00e5- och avst\u00e4ngning.<\/li>\n<li><strong>Inv\u00e4ndig belysning:<\/strong>\u00a0Styrning av omgivande belysning, l\u00e4slampor och st\u00e4mningsbelysning.<\/li>\n<li><strong>Reglage p\u00e5 instrumentpanelen:<\/strong>\u00a0Anv\u00e4nda klimatanl\u00e4ggning, ljudsystem och andra funktioner i bilen.<\/li>\n<\/ul>","protected":false},"excerpt":{"rendered":"<h3 data-sourcepos=\"5:1-5:37\">S\u00e5 h\u00e4r fungerar ber\u00f6ringsbrytare f\u00f6r billjus<\/h3>\n<p data-sourcepos=\"7:1-7:243\"><span class=\"citation-1 recitation citation-end-1\">Touchbrytare f\u00f6r bilbelysning anv\u00e4nder vanligtvis kapacitiv eller resistiv teknik f\u00f6r att k\u00e4nna av fingerkontakt.<\/span> N\u00e4r ett finger r\u00f6r vid brytarens yta skapas en f\u00f6r\u00e4ndring i kapacitans eller resistans, vilket utl\u00f6ser \u00f6nskad funktion.<\/p>","protected":false},"featured_media":1872,"template":"","meta":[],"product_cat":[42],"product_tag":[],"_links":{"self":[{"href":"https:\/\/touchscreenmfg.com\/sv\/wp-json\/wp\/v2\/product\/1871"}],"collection":[{"href":"https:\/\/touchscreenmfg.com\/sv\/wp-json\/wp\/v2\/product"}],"about":[{"href":"https:\/\/touchscreenmfg.com\/sv\/wp-json\/wp\/v2\/types\/product"}],"wp:featuredmedia":[{"embeddable":true,"href":"https:\/\/touchscreenmfg.com\/sv\/wp-json\/wp\/v2\/media\/1872"}],"wp:attachment":[{"href":"https:\/\/touchscreenmfg.com\/sv\/wp-json\/wp\/v2\/media?parent=1871"}],"wp:term":[{"taxonomy":"product_cat","embeddable":true,"href":"https:\/\/touchscreenmfg.com\/sv\/wp-json\/wp\/v2\/product_cat?post=1871"},{"taxonomy":"product_tag","embeddable":true,"href":"https:\/\/touchscreenmfg.com\/sv\/wp-json\/wp\/v2\/product_tag?post=1871"}],"curies":[{"name":"wp","href":"https:\/\/api.w.org\/{rel}","templated":true}]}}