{"id":1862,"date":"2024-08-07T02:42:39","date_gmt":"2024-08-07T02:42:39","guid":{"rendered":"https:\/\/touchscreenmfg.com\/?post_type=product&#038;p=1862"},"modified":"2024-08-07T02:54:53","modified_gmt":"2024-08-07T02:54:53","slug":"car-center-console-touch-film","status":"publish","type":"product","link":"https:\/\/touchscreenmfg.com\/sv\/car-center-console-touch-film\/","title":{"rendered":"Touchfilm f\u00f6r mittkonsol i bil"},"content":{"rendered":"<h3><strong>Applikationer f\u00f6r pekfilm<\/strong><\/h3>\n<p id=\"tw-target-text\" class=\"tw-data-text tw-text-large tw-ta\" dir=\"ltr\" data-placeholder=\"Translation\" aria-label=\"\u00d6versatt text\" data-ved=\"2ahUKEwie_Z3B7OGHAxW_bfUHHYxgEGkQ3ewLegQIERAU\"><span class=\"Y2IQFc\" lang=\"en\">Self-capacitance avg\u00f6r om ett finger r\u00f6r vid elektroden genom att detektera f\u00f6r\u00e4ndringar i den elektrostatiska kapacitansen. Kapacitansen skannas och detekteras enligt en viss cykel. Det kan bed\u00f6mas om ett finger vidr\u00f6r elektroden baserat p\u00e5 f\u00f6r\u00e4ndringen i det uppm\u00e4tta v\u00e4rdet. MCU:n cyklar enligt en viss cykel. Elektrodens kapacitans skannas och detekteras. N\u00e4r fingret \u00e4r borta fr\u00e5n elektroden ligger kapacitansv\u00e4rdet kvar p\u00e5 ett stabilt r\u00e4knev\u00e4rde. N\u00e4r ett finger n\u00e4rmar sig eller vidr\u00f6r kapacitansv\u00e4rdet \u00f6kar kapacitansv\u00e4rdet och r\u00e4knev\u00e4rdet \u00f6kar. N\u00e4r fingret r\u00f6r sig bort fr\u00e5n elektroden minskar kapacitansv\u00e4rdet med r\u00e4knev\u00e4rdet. Det r\u00e4knev\u00e4rde som sjunker och ligger kvar p\u00e5 ett stabilt v\u00e4rde n\u00e4r fingret \u00e4r borta fr\u00e5n elektroden kallas f\u00f6r basv\u00e4rde. P\u00e5 detta basv\u00e4rde l\u00e4gger vi ett tr\u00f6skelv\u00e4rde som kallas det kritiska v\u00e4rdet. N\u00e4r r\u00e4knev\u00e4rdet \u00e4r h\u00f6gre \u00e4n detta kritiska v\u00e4rde, sl\u00e5s omkopplaren till. N\u00e4r r\u00e4knev\u00e4rdet ligger under det kritiska v\u00e4rdet bed\u00f6ms brytaren vara OFF.<\/span><\/p>","protected":false},"excerpt":{"rendered":"<h3 id=\"tw-target-text\" class=\"tw-data-text tw-text-large tw-ta\" dir=\"ltr\" data-placeholder=\"Translation\" aria-label=\"\u00d6versatt text\" data-ved=\"2ahUKEwie_Z3B7OGHAxW_bfUHHYxgEGkQ3ewLegQIERAU\"><strong><span class=\"Y2IQFc\" lang=\"en\">Princip f\u00f6r implementering av pekfilm<\/span><\/strong><\/h3>\n<p>Laddningens r\u00f6relsehastighet \u00e4r konstant, s\u00e5 ju st\u00f6rre kapacitansen \u00e4r, desto l\u00e4ngre \u00e4r laddnings- och urladdningstiden och desto st\u00f6rre \u00e4r str\u00f6mmen. D\u00e4rf\u00f6r kan vi anv\u00e4nda l\u00e4ngden p\u00e5 laddnings- och urladdningstiden och m\u00e4ngden laddnings- och urladdningsstr\u00f6m f\u00f6r att bed\u00f6ma kondensatorns storlek. ,S\u00e5 l\u00e4nge det finns ett tillst\u00e5nd som vi kan uppn\u00e5 och samla in en stabil tillst\u00e5ndsf\u00f6r\u00e4ndring kan vi anv\u00e4nda denna f\u00f6r\u00e4ndring f\u00f6r att implementera en switchsignal.<\/p>","protected":false},"featured_media":1863,"template":"","meta":[],"product_cat":[42],"product_tag":[],"_links":{"self":[{"href":"https:\/\/touchscreenmfg.com\/sv\/wp-json\/wp\/v2\/product\/1862"}],"collection":[{"href":"https:\/\/touchscreenmfg.com\/sv\/wp-json\/wp\/v2\/product"}],"about":[{"href":"https:\/\/touchscreenmfg.com\/sv\/wp-json\/wp\/v2\/types\/product"}],"wp:featuredmedia":[{"embeddable":true,"href":"https:\/\/touchscreenmfg.com\/sv\/wp-json\/wp\/v2\/media\/1863"}],"wp:attachment":[{"href":"https:\/\/touchscreenmfg.com\/sv\/wp-json\/wp\/v2\/media?parent=1862"}],"wp:term":[{"taxonomy":"product_cat","embeddable":true,"href":"https:\/\/touchscreenmfg.com\/sv\/wp-json\/wp\/v2\/product_cat?post=1862"},{"taxonomy":"product_tag","embeddable":true,"href":"https:\/\/touchscreenmfg.com\/sv\/wp-json\/wp\/v2\/product_tag?post=1862"}],"curies":[{"name":"wp","href":"https:\/\/api.w.org\/{rel}","templated":true}]}}