{"id":1627,"date":"2024-06-29T01:18:12","date_gmt":"2024-06-29T01:18:12","guid":{"rendered":"https:\/\/touchscreenmfg.com\/?post_type=product&#038;p=1627"},"modified":"2024-06-29T01:50:18","modified_gmt":"2024-06-29T01:50:18","slug":"planar-resistive-touch-screen","status":"publish","type":"product","link":"https:\/\/touchscreenmfg.com\/sv\/planar-resistive-touch-screen\/","title":{"rendered":"Planar resistiv peksk\u00e4rm"},"content":{"rendered":"<p data-sourcepos=\"3:1-3:111\">Planar resistiva peksk\u00e4rmar erbjuder en bepr\u00f6vad och kostnadseffektiv l\u00f6sning f\u00f6r pekaktiverade applikationer. Dessa h\u00e5llbara peksk\u00e4rmar har ett tryckk\u00e4nsligt lager som reagerar p\u00e5 fysisk kontakt, vilket ger en tillf\u00f6rlitlig och intuitiv pekupplevelse.<\/p>\n<p data-sourcepos=\"5:1-5:51\"><strong>Viktiga egenskaper:<\/strong><\/p>\n<ul data-sourcepos=\"7:1-9:11\">\n<li data-sourcepos=\"7:1-8:0\">\n<p data-sourcepos=\"7:3-7:185\"><strong>Exakt och responsiv touch-igenk\u00e4nning:<\/strong> Planar resistiva peksk\u00e4rmar ger exakt pekdetektering, vilket s\u00e4kerst\u00e4ller korrekt och responsiv interaktion med peksk\u00e4rmsdisplayer.<\/p>\n<\/li>\n<li data-sourcepos=\"9:1-9:11\">\n<p data-sourcepos=\"9:3-9:11\"><strong>Slitstark konstruktion:<\/strong> Den robusta designen hos resistiva peksk\u00e4rmar t\u00e5l tung anv\u00e4ndning och tuffa milj\u00f6er, vilket g\u00f6r dem idealiska f\u00f6r kommersiella och industriella applikationer.<\/p>\n<\/li>\n<li data-sourcepos=\"11:1-11:27\">\n<p data-sourcepos=\"11:3-11:27\"><strong>Kostnadseffektiv l\u00f6sning:<\/strong> J\u00e4mf\u00f6rt med kapacitiva peksk\u00e4rmar erbjuder tryckbaserade peksk\u00e4rmar ett mer prisv\u00e4rt alternativ, s\u00e4rskilt f\u00f6r st\u00f6rre sk\u00e4rmstorlekar.<\/p>\n<\/li>\n<\/ul>\n<p data-sourcepos=\"13:1-13:51\"><strong>Applikationer:<\/strong><\/p>\n<ul data-sourcepos=\"15:1-18:0\">\n<li data-sourcepos=\"15:1-16:0\">\n<p data-sourcepos=\"15:3-15:180\"><strong>System f\u00f6r f\u00f6rs\u00e4ljningsst\u00e4llen (POS):<\/strong> Resistiva peksk\u00e4rmar anv\u00e4nds ofta i POS-system p\u00e5 grund av sin tillf\u00f6rlitlighet, prisv\u00e4rdhet och f\u00f6rm\u00e5ga att t\u00e5la frekventa ber\u00f6ringar.<\/p>\n<\/li>\n<li data-sourcepos=\"17:1-18:0\">\n<p data-sourcepos=\"17:3-17:177\"><strong>Industriella kontrollpaneler:<\/strong> I industriella milj\u00f6er \u00e4r resistiva peksk\u00e4rmar en robust och h\u00e5llbar l\u00f6sning f\u00f6r styrning av maskiner och \u00f6vervakning av processer.<\/p>\n<\/li>\n<li data-sourcepos=\"19:1-20:0\">\n<p data-sourcepos=\"19:3-19:161\"><strong>Kiosker f\u00f6r offentlig information:<\/strong> Planar resistiva peksk\u00e4rmar m\u00f6jligg\u00f6r interaktiva informationskiosker f\u00f6r allm\u00e4nheten, vilket ger enkel navigering och tillg\u00e5ng till information.<\/p>\n<\/li>\n<li data-sourcepos=\"21:1-22:0\">\n<p data-sourcepos=\"21:3-21:176\"><strong>Utbildningssk\u00e4rmar:<\/strong> I utbildningsmilj\u00f6er underl\u00e4ttar tryckbaserade peksk\u00e4rmar interaktiva inl\u00e4rningsupplevelser och engagerar eleverna i pekbaserade aktiviteter.<\/p>\n<\/li>\n<\/ul>","protected":false},"excerpt":{"rendered":"<p>Plana resistiva peksk\u00e4rmar forts\u00e4tter att vara ett popul\u00e4rt val f\u00f6r ett brett spektrum av applikationer p\u00e5 grund av deras tillf\u00f6rlitliga prestanda, prisv\u00e4rdhet och h\u00e5llbarhet. De erbjuder en bepr\u00f6vad och kostnadseffektiv l\u00f6sning f\u00f6r peksk\u00e4rmar, vilket g\u00f6r dem till en v\u00e4rdefull tillg\u00e5ng f\u00f6r olika branscher och milj\u00f6er.<\/p>","protected":false},"featured_media":1569,"template":"","meta":[],"product_cat":[41],"product_tag":[],"_links":{"self":[{"href":"https:\/\/touchscreenmfg.com\/sv\/wp-json\/wp\/v2\/product\/1627"}],"collection":[{"href":"https:\/\/touchscreenmfg.com\/sv\/wp-json\/wp\/v2\/product"}],"about":[{"href":"https:\/\/touchscreenmfg.com\/sv\/wp-json\/wp\/v2\/types\/product"}],"wp:featuredmedia":[{"embeddable":true,"href":"https:\/\/touchscreenmfg.com\/sv\/wp-json\/wp\/v2\/media\/1569"}],"wp:attachment":[{"href":"https:\/\/touchscreenmfg.com\/sv\/wp-json\/wp\/v2\/media?parent=1627"}],"wp:term":[{"taxonomy":"product_cat","embeddable":true,"href":"https:\/\/touchscreenmfg.com\/sv\/wp-json\/wp\/v2\/product_cat?post=1627"},{"taxonomy":"product_tag","embeddable":true,"href":"https:\/\/touchscreenmfg.com\/sv\/wp-json\/wp\/v2\/product_tag?post=1627"}],"curies":[{"name":"wp","href":"https:\/\/api.w.org\/{rel}","templated":true}]}}