{"id":1626,"date":"2024-06-29T01:13:20","date_gmt":"2024-06-29T01:13:20","guid":{"rendered":"https:\/\/touchscreenmfg.com\/?post_type=product&#038;p=1626"},"modified":"2024-06-29T02:10:54","modified_gmt":"2024-06-29T02:10:54","slug":"4-wire-resistive-touch-screens","status":"publish","type":"product","link":"https:\/\/touchscreenmfg.com\/sv\/4-wire-resistive-touch-screens\/","title":{"rendered":"4-tr\u00e5ds resistiva peksk\u00e4rmar"},"content":{"rendered":"<h2 class=\"\" data-sourcepos=\"4:1-4:104\">Resistiva peksk\u00e4rmar med 4 tr\u00e5dar: Tillf\u00f6rlitlig och kostnadseffektiv touchinteraktion f\u00f6r interaktiv skyltning<\/h2>\n<p data-sourcepos=\"6:1-6:51\">4-tr\u00e5ds resistiva peksk\u00e4rmar \u00e4r en bepr\u00f6vad och prisv\u00e4rd l\u00f6sning f\u00f6r att skapa engagerande och interaktiva skyltl\u00f6sningar. Dessa t\u00e5liga peksk\u00e4rmar har ett tryckk\u00e4nsligt lager som reagerar p\u00e5 fysisk kontakt, vilket m\u00f6jligg\u00f6r intuitiv interaktion med interaktiva sk\u00e4rmar.<\/p>\n<p data-sourcepos=\"8:1-8:51\"><strong>Viktiga funktioner i 4 Wire Resistive Touch Screens:<\/strong><\/p>\n<ul data-sourcepos=\"10:1-10:95\">\n<li data-sourcepos=\"10:1-10:95\">\n<p class=\"\" data-sourcepos=\"10:3-10:183\"><strong class=\"\">Exakt och responsiv touch-igenk\u00e4nning:<\/strong> 4-tr\u00e5ds resistiva peksk\u00e4rmar ger exakt pekdetektering, vilket s\u00e4kerst\u00e4ller exakt och responsiv interaktion med interaktiv skyltning.<\/p>\n<\/li>\n<li data-sourcepos=\"12:1-13:0\">\n<p data-sourcepos=\"12:3-12:175\"><strong>Slitstark konstruktion:<\/strong> Den robusta designen hos 4-tr\u00e5ds resistiva peksk\u00e4rmar t\u00e5l tung anv\u00e4ndning och tuffa milj\u00f6er, vilket g\u00f6r dem idealiska f\u00f6r offentliga skyltningstill\u00e4mpningar.<\/p>\n<\/li>\n<li data-sourcepos=\"14:1-15:0\">\n<p data-sourcepos=\"14:3-14:170\"><strong>Kostnadseffektiv l\u00f6sning:<\/strong> J\u00e4mf\u00f6rt med kapacitiva peksk\u00e4rmar \u00e4r resistiva peksk\u00e4rmar med 4 tr\u00e5dar ett mer prisv\u00e4rt alternativ, s\u00e4rskilt f\u00f6r st\u00f6rre displaystorlekar.<\/p>\n<\/li>\n<\/ul>\n<p data-sourcepos=\"16:1-16:51\"><strong>Till\u00e4mpningar av 4-tr\u00e5ds resistiva peksk\u00e4rmar:<\/strong><\/p>\n<ul data-sourcepos=\"18:1-20:26\">\n<li data-sourcepos=\"18:1-19:0\">\n<p data-sourcepos=\"18:3-18:195\"><strong>Interaktiv digital skyltning:<\/strong> 4-tr\u00e5ds resistiva peksk\u00e4rmar anv\u00e4nds ofta i interaktiv digital skyltning, d\u00e4r tittarna kan interagera med inneh\u00e5llet, g\u00f6ra val och f\u00e5 tillg\u00e5ng till information.<\/p>\n<\/li>\n<li data-sourcepos=\"20:1-20:26\">\n<p data-sourcepos=\"20:3-20:26\"><strong>Displayer f\u00f6r detaljhandel och hotell:<\/strong> Inom detaljhandeln och hotell- och restaurangbranschen anv\u00e4nds 4-tr\u00e5ds resistiva peksk\u00e4rmar f\u00f6r att f\u00f6rb\u00e4ttra sj\u00e4lvbetj\u00e4ningskiosker, s\u00e5 att kunderna enkelt kan bl\u00e4ddra bland produkter, g\u00f6ra best\u00e4llningar och betalningar.<\/p>\n<\/li>\n<li data-sourcepos=\"22:1-23:0\">\n<p data-sourcepos=\"22:3-22:194\"><strong>Kiosker f\u00f6r offentlig information:<\/strong> 4-tr\u00e5diga resistiva peksk\u00e4rmar underl\u00e4ttar interaktiva informationskiosker f\u00f6r allm\u00e4nheten och ger bes\u00f6kare enkel tillg\u00e5ng till kartor, kataloger och annan information.<\/p>\n<\/li>\n<li data-sourcepos=\"24:1-25:0\">\n<p data-sourcepos=\"24:3-24:196\"><strong>Musei- och utst\u00e4llningsf\u00f6rem\u00e5l:<\/strong> 4-tr\u00e5ds resistiva peksk\u00e4rmar f\u00f6rb\u00e4ttrar musei- och utst\u00e4llningsdisplayer, s\u00e5 att bes\u00f6kare kan utforska utst\u00e4llningar interaktivt och l\u00e4ra sig mer om artefakterna.<\/p>\n<\/li>\n<\/ul>","protected":false},"excerpt":{"rendered":"<p>4-tr\u00e5ds resistiva peksk\u00e4rmar forts\u00e4tter att vara ett popul\u00e4rt val f\u00f6r interaktiv skyltning p\u00e5 grund av deras tillf\u00f6rlitliga prestanda, prisv\u00e4rdhet och h\u00e5llbarhet. De erbjuder en bepr\u00f6vad och kostnadseffektiv l\u00f6sning f\u00f6r peksk\u00e4rmar, vilket g\u00f6r dem till en v\u00e4rdefull tillg\u00e5ng f\u00f6r olika skyltapplikationer.<\/p>","protected":false},"featured_media":1546,"template":"","meta":[],"product_cat":[41],"product_tag":[],"_links":{"self":[{"href":"https:\/\/touchscreenmfg.com\/sv\/wp-json\/wp\/v2\/product\/1626"}],"collection":[{"href":"https:\/\/touchscreenmfg.com\/sv\/wp-json\/wp\/v2\/product"}],"about":[{"href":"https:\/\/touchscreenmfg.com\/sv\/wp-json\/wp\/v2\/types\/product"}],"wp:featuredmedia":[{"embeddable":true,"href":"https:\/\/touchscreenmfg.com\/sv\/wp-json\/wp\/v2\/media\/1546"}],"wp:attachment":[{"href":"https:\/\/touchscreenmfg.com\/sv\/wp-json\/wp\/v2\/media?parent=1626"}],"wp:term":[{"taxonomy":"product_cat","embeddable":true,"href":"https:\/\/touchscreenmfg.com\/sv\/wp-json\/wp\/v2\/product_cat?post=1626"},{"taxonomy":"product_tag","embeddable":true,"href":"https:\/\/touchscreenmfg.com\/sv\/wp-json\/wp\/v2\/product_tag?post=1626"}],"curies":[{"name":"wp","href":"https:\/\/api.w.org\/{rel}","templated":true}]}}