{"id":1625,"date":"2024-06-29T01:12:48","date_gmt":"2024-06-29T01:12:48","guid":{"rendered":"https:\/\/touchscreenmfg.com\/?post_type=product&#038;p=1625"},"modified":"2024-06-29T02:14:44","modified_gmt":"2024-06-29T02:14:44","slug":"5-wire-resistive-touch-screens","status":"publish","type":"product","link":"https:\/\/touchscreenmfg.com\/sv\/5-wire-resistive-touch-screens\/","title":{"rendered":"5-tr\u00e5ds resistiva peksk\u00e4rmar"},"content":{"rendered":"<h2 class=\"\" data-sourcepos=\"1:1-1:95\">Resistiva peksk\u00e4rmar med 5 tr\u00e5dar: F\u00f6rb\u00e4ttrad h\u00e5llbarhet f\u00f6r interaktiva smarta tavlor och sk\u00e4rmar<\/h2>\n<p data-sourcepos=\"3:1-3:87\">Resistiva peksk\u00e4rmar med 5 tr\u00e5dar h\u00f6jer pekupplevelsen f\u00f6r interaktiva smartboards och sk\u00e4rmar och erbjuder f\u00f6rb\u00e4ttrad h\u00e5llbarhet, precision och prisv\u00e4rdhet. Dessa avancerade peksk\u00e4rmar har en unik design med ytterligare en avk\u00e4nningstr\u00e5d, vilket ger flera f\u00f6rdelar j\u00e4mf\u00f6rt med traditionella resistiva peksk\u00e4rmar med 4 tr\u00e5dar.<\/p>\n<p data-sourcepos=\"5:1-5:51\"><strong>Viktiga funktioner i 5 Wire Resistive Touch Screens:<\/strong><\/p>\n<ul data-sourcepos=\"7:1-7:60\">\n<li data-sourcepos=\"7:1-7:60\">\n<p data-sourcepos=\"7:3-7:199\"><strong>\u00d6verl\u00e4gsen h\u00e5llbarhet:<\/strong> Den extra avk\u00e4nningstr\u00e5den i resistiva peksk\u00e4rmar med 5 tr\u00e5dar f\u00f6rb\u00e4ttrar h\u00e5llbarheten och g\u00f6r dem motst\u00e5ndskraftiga mot repor och f\u00f6roreningar, vilket \u00e4r perfekt f\u00f6r milj\u00f6er med mycket trafik.<\/p>\n<\/li>\n<li data-sourcepos=\"9:1-9:45\">\n<p data-sourcepos=\"9:3-9:45\"><strong>Minskad kantdistorsion:<\/strong> Den extra tr\u00e5den hj\u00e4lper till att kompensera f\u00f6r kantf\u00f6rvr\u00e4ngning, ett vanligt problem p\u00e5 st\u00f6rre interaktiva sk\u00e4rmar, och s\u00e4kerst\u00e4ller en konsekvent peknoggrannhet \u00f6ver hela sk\u00e4rmen.<\/p>\n<\/li>\n<li data-sourcepos=\"11:1-12:0\">\n<p data-sourcepos=\"11:3-11:164\"><strong>Stabila prestanda:<\/strong> 5-tr\u00e5diga resistiva peksk\u00e4rmar ger stabil prestanda \u00e4ven i utmanande milj\u00f6er, t.ex. milj\u00f6er med mycket omgivande ljus eller damm.<\/p>\n<\/li>\n<li data-sourcepos=\"13:1-14:0\">\n<p data-sourcepos=\"13:3-13:167\"><strong>Kostnadseffektiv l\u00f6sning:<\/strong> J\u00e4mf\u00f6rt med kapacitiva peksk\u00e4rmar erbjuder resistiva peksk\u00e4rmar med 5 tr\u00e5dar en mer kostnadseffektiv l\u00f6sning f\u00f6r stora interaktiva sk\u00e4rmar.<\/p>\n<\/li>\n<\/ul>\n<p data-sourcepos=\"15:1-15:51\"><strong>Till\u00e4mpningar av 5-tr\u00e5ds resistiva peksk\u00e4rmar:<\/strong><\/p>\n<ul data-sourcepos=\"17:1-24:0\">\n<li data-sourcepos=\"17:1-18:0\">\n<p data-sourcepos=\"17:3-17:212\"><strong>Interaktiva smarta tavlor:<\/strong> 5-tr\u00e5diga resistiva peksk\u00e4rmar \u00e4r idealiska f\u00f6r interaktiva smartboards som anv\u00e4nds i klassrum, konferensrum och utbildningscenter f\u00f6r att m\u00f6jligg\u00f6ra kollaborativt l\u00e4rande och presentationer.<\/p>\n<\/li>\n<li data-sourcepos=\"19:1-20:0\">\n<p data-sourcepos=\"19:3-19:225\"><strong>Digitala skyltar och kiosker:<\/strong> I detaljhandeln, hotell- och restaurangbranschen och offentliga milj\u00f6er f\u00f6rb\u00e4ttrar 5-tr\u00e5ds resistiva peksk\u00e4rmar digital skyltning och kiosker, s\u00e5 att anv\u00e4ndarna kan interagera med inneh\u00e5llet, g\u00f6ra val och f\u00e5 tillg\u00e5ng till information.<\/p>\n<\/li>\n<li data-sourcepos=\"21:1-22:0\">\n<p data-sourcepos=\"21:3-21:179\"><strong>Industriella styrsystem:<\/strong> 5-tr\u00e5diga resistiva peksk\u00e4rmar \u00e4r en p\u00e5litlig och h\u00e5llbar l\u00f6sning f\u00f6r styrning av maskiner och \u00f6vervakning av processer i industriella milj\u00f6er.<\/p>\n<\/li>\n<li data-sourcepos=\"23:1-24:0\">\n<p data-sourcepos=\"23:3-23:193\"><strong>System f\u00f6r medicinsk bildbehandling:<\/strong> H\u00e5llbarheten och precisionen hos 5-tr\u00e5ds resistiva peksk\u00e4rmar g\u00f6r dem l\u00e4mpliga f\u00f6r medicinska bildsystem, vilket g\u00f6r det m\u00f6jligt f\u00f6r l\u00e4kare att interagera med bilder med precision.<\/p>\n<\/li>\n<\/ul>","protected":false},"excerpt":{"rendered":"<p>5-tr\u00e5ds resistiva peksk\u00e4rmar erbjuder en \u00f6vertygande kombination av h\u00e5llbarhet, precision och prisv\u00e4rdhet, vilket g\u00f6r dem till ett f\u00f6rstahandsval f\u00f6r ett brett utbud av interaktiva smarta tavlor och sk\u00e4rmtill\u00e4mpningar. De \u00e4r en tillf\u00f6rlitlig och kostnadseffektiv l\u00f6sning f\u00f6r peksk\u00e4rmar som \u00f6kar anv\u00e4ndarnas engagemang och produktivitet i olika milj\u00f6er.<\/p>","protected":false},"featured_media":1548,"template":"","meta":[],"product_cat":[41],"product_tag":[],"_links":{"self":[{"href":"https:\/\/touchscreenmfg.com\/sv\/wp-json\/wp\/v2\/product\/1625"}],"collection":[{"href":"https:\/\/touchscreenmfg.com\/sv\/wp-json\/wp\/v2\/product"}],"about":[{"href":"https:\/\/touchscreenmfg.com\/sv\/wp-json\/wp\/v2\/types\/product"}],"wp:featuredmedia":[{"embeddable":true,"href":"https:\/\/touchscreenmfg.com\/sv\/wp-json\/wp\/v2\/media\/1548"}],"wp:attachment":[{"href":"https:\/\/touchscreenmfg.com\/sv\/wp-json\/wp\/v2\/media?parent=1625"}],"wp:term":[{"taxonomy":"product_cat","embeddable":true,"href":"https:\/\/touchscreenmfg.com\/sv\/wp-json\/wp\/v2\/product_cat?post=1625"},{"taxonomy":"product_tag","embeddable":true,"href":"https:\/\/touchscreenmfg.com\/sv\/wp-json\/wp\/v2\/product_tag?post=1625"}],"curies":[{"name":"wp","href":"https:\/\/api.w.org\/{rel}","templated":true}]}}