{"id":1624,"date":"2024-06-29T01:09:51","date_gmt":"2024-06-29T01:09:51","guid":{"rendered":"https:\/\/touchscreenmfg.com\/?post_type=product&#038;p=1624"},"modified":"2024-06-29T02:07:12","modified_gmt":"2024-06-29T02:07:12","slug":"8-wire-resistive-touch-screens","status":"publish","type":"product","link":"https:\/\/touchscreenmfg.com\/sv\/8-wire-resistive-touch-screens\/","title":{"rendered":"8-tr\u00e5ds resistiva peksk\u00e4rmar"},"content":{"rendered":"<h2 class=\"\" data-sourcepos=\"1:1-1:78\">Resistiva peksk\u00e4rmar med 8 tr\u00e5dar: F\u00f6rb\u00e4ttrad precision f\u00f6r peksk\u00e4rmsmonitorer<\/h2>\n<p data-sourcepos=\"3:1-3:106\">Resistiva peksk\u00e4rmar med 8 tr\u00e5dar f\u00f6rh\u00f6jer pekupplevelsen f\u00f6r peksk\u00e4rmsmonitorer och erbjuder f\u00f6rb\u00e4ttrad precision, h\u00e5llbarhet och prisv\u00e4rdhet. Dessa avancerade peksk\u00e4rmar har en unik design med ytterligare avk\u00e4nningstr\u00e5dar, vilket ger flera f\u00f6rdelar j\u00e4mf\u00f6rt med traditionella resistiva peksk\u00e4rmar med 4 tr\u00e5dar.<\/p>\n<p data-sourcepos=\"5:1-5:51\"><strong>Viktiga funktioner i 8 Wire Resistive Touch Screens:<\/strong><\/p>\n<ul data-sourcepos=\"7:1-7:94\">\n<li data-sourcepos=\"7:1-7:94\">\n<p data-sourcepos=\"7:3-7:186\"><strong>\u00d6verl\u00e4gsen noggrannhet:<\/strong> De extra avk\u00e4nningstr\u00e5darna i resistiva peksk\u00e4rmar med 8 tr\u00e5dar m\u00f6jligg\u00f6r mer exakt pekdetektering, vilket resulterar i en mer exakt och responsiv pekupplevelse.<\/p>\n<\/li>\n<li data-sourcepos=\"9:1-9:103\">\n<p data-sourcepos=\"9:3-9:103\"><strong>Minskad kantdistorsion:<\/strong> De extra tr\u00e5darna hj\u00e4lper till att kompensera f\u00f6r kantf\u00f6rvr\u00e4ngning, ett vanligt problem i st\u00f6rre peksk\u00e4rmsmonitorer, och s\u00e4kerst\u00e4ller konsekvent peknoggrannhet \u00f6ver hela sk\u00e4rmen.<\/p>\n<\/li>\n<li data-sourcepos=\"11:1-12:0\">\n<p data-sourcepos=\"11:3-11:164\"><strong>Stabila prestanda:<\/strong> 8-tr\u00e5diga resistiva peksk\u00e4rmar ger stabil prestanda \u00e4ven i utmanande milj\u00f6er, t.ex. milj\u00f6er med mycket omgivande ljus eller damm.<\/p>\n<\/li>\n<li data-sourcepos=\"13:1-14:0\">\n<p data-sourcepos=\"13:3-13:168\"><strong>Kostnadseffektiv l\u00f6sning:<\/strong> J\u00e4mf\u00f6rt med kapacitiva peksk\u00e4rmar erbjuder resistiva peksk\u00e4rmar med 8 tr\u00e5dar en mer kostnadseffektiv l\u00f6sning f\u00f6r stora peksk\u00e4rmar.<\/p>\n<\/li>\n<\/ul>\n<p data-sourcepos=\"15:1-15:51\"><strong>Till\u00e4mpningar av 8-tr\u00e5ds resistiva peksk\u00e4rmar:<\/strong><\/p>\n<ul data-sourcepos=\"17:1-17:32\">\n<li data-sourcepos=\"17:1-17:32\">\n<p class=\"\" data-sourcepos=\"17:3-17:213\"><strong class=\"\">Interaktiva platta paneler:<\/strong> 8-tr\u00e5diga resistiva peksk\u00e4rmar \u00e4r idealiska f\u00f6r interaktiva platta sk\u00e4rmar som anv\u00e4nds i konferensrum, klassrum och offentliga utrymmen, vilket m\u00f6jligg\u00f6r s\u00f6ml\u00f6st samarbete och informationsdelning.<\/p>\n<\/li>\n<li data-sourcepos=\"19:1-20:0\">\n<p data-sourcepos=\"19:3-19:180\"><strong>Industriella styrsystem:<\/strong> I industriella milj\u00f6er \u00e4r 8-tr\u00e5diga resistiva peksk\u00e4rmar en tillf\u00f6rlitlig och h\u00e5llbar l\u00f6sning f\u00f6r styrning av maskiner och \u00f6vervakning av processer.<\/p>\n<\/li>\n<li data-sourcepos=\"21:1-22:0\">\n<p data-sourcepos=\"21:3-21:217\"><strong>Kiosker f\u00f6r detaljhandel och hotell:<\/strong> 8-tr\u00e5diga resistiva peksk\u00e4rmar f\u00f6rb\u00e4ttrar sj\u00e4lvbetj\u00e4ningskiosker i detaljhandeln och hotell- och restaurangmilj\u00f6er, s\u00e5 att kunderna enkelt kan f\u00e5 tillg\u00e5ng till information, g\u00f6ra best\u00e4llningar och betalningar.<\/p>\n<\/li>\n<li data-sourcepos=\"23:1-24:0\">\n<p data-sourcepos=\"23:3-23:208\"><strong>Utbildningssk\u00e4rmar:<\/strong> 8-tr\u00e5diga resistiva peksk\u00e4rmar underl\u00e4ttar interaktiva inl\u00e4rningsupplevelser i utbildningsmilj\u00f6er, engagerar eleverna med pekbaserade aktiviteter och f\u00f6rb\u00e4ttrar deras f\u00f6rst\u00e5else.<\/p>\n<\/li>\n<\/ul>","protected":false},"excerpt":{"rendered":"<p>8-tr\u00e5ds resistiva peksk\u00e4rmar erbjuder en \u00f6vertygande kombination av precision, h\u00e5llbarhet och prisv\u00e4rdhet, vilket g\u00f6r dem till ett f\u00f6rstahandsval f\u00f6r ett brett spektrum av peksk\u00e4rmsapplikationer. De \u00e4r en tillf\u00f6rlitlig och kostnadseffektiv l\u00f6sning f\u00f6r interaktiva sk\u00e4rmar som \u00f6kar anv\u00e4ndarnas engagemang och produktivitet i olika milj\u00f6er.<\/p>","protected":false},"featured_media":1550,"template":"","meta":[],"product_cat":[41],"product_tag":[],"_links":{"self":[{"href":"https:\/\/touchscreenmfg.com\/sv\/wp-json\/wp\/v2\/product\/1624"}],"collection":[{"href":"https:\/\/touchscreenmfg.com\/sv\/wp-json\/wp\/v2\/product"}],"about":[{"href":"https:\/\/touchscreenmfg.com\/sv\/wp-json\/wp\/v2\/types\/product"}],"wp:featuredmedia":[{"embeddable":true,"href":"https:\/\/touchscreenmfg.com\/sv\/wp-json\/wp\/v2\/media\/1550"}],"wp:attachment":[{"href":"https:\/\/touchscreenmfg.com\/sv\/wp-json\/wp\/v2\/media?parent=1624"}],"wp:term":[{"taxonomy":"product_cat","embeddable":true,"href":"https:\/\/touchscreenmfg.com\/sv\/wp-json\/wp\/v2\/product_cat?post=1624"},{"taxonomy":"product_tag","embeddable":true,"href":"https:\/\/touchscreenmfg.com\/sv\/wp-json\/wp\/v2\/product_tag?post=1624"}],"curies":[{"name":"wp","href":"https:\/\/api.w.org\/{rel}","templated":true}]}}