{"id":1621,"date":"2024-06-29T01:06:11","date_gmt":"2024-06-29T01:06:11","guid":{"rendered":"https:\/\/touchscreenmfg.com\/manufacturer\/pdp-display-cover-glass\/"},"modified":"2024-06-29T02:20:27","modified_gmt":"2024-06-29T02:20:27","slug":"pdp-display-cover-glass","status":"publish","type":"product","link":"https:\/\/touchscreenmfg.com\/sv\/pdp-display-cover-glass\/","title":{"rendered":"PDP Display t\u00e4ckglas"},"content":{"rendered":"<p data-sourcepos=\"3:1-3:86\"><strong>Skydda din PDP-sk\u00e4rm fr\u00e5n repor, reflexer och skador<\/strong><\/p>\n<p data-sourcepos=\"5:1-5:157\">PDP Display Cover Glass \u00e4r ett skyddsskikt som \u00e4r s\u00e4rskilt utformat f\u00f6r sk\u00e4rmen p\u00e5 PDP-spelapparater. Det kan potentiellt erbjuda f\u00f6ljande funktioner:<\/p>\n<ul data-sourcepos=\"7:1-7:36\">\n<li data-sourcepos=\"7:1-7:36\">\n<p class=\"\" data-sourcepos=\"7:3-7:285\"><strong class=\"\">Motst\u00e5ndskraft mot repor och st\u00f6tar:<\/strong> Precis som ett sk\u00e4rmskydd i h\u00e4rdat glas syftar ett PDP Display Cover Glass till att skydda sk\u00e4rmen fr\u00e5n repor, skraps\u00e5r och oavsiktliga st\u00f6tar. Detta \u00e4r s\u00e4rskilt viktigt f\u00f6r handh\u00e5llna spelenheter som \u00e4r mer ben\u00e4gna att st\u00f6ta till och tappas.<\/p>\n<\/li>\n<li data-sourcepos=\"9:1-10:0\">\n<p data-sourcepos=\"9:3-9:168\"><strong>F\u00f6rb\u00e4ttrad klarhet:<\/strong> Ett h\u00f6gkvalitativt PDP Display Cover Glass b\u00f6r ha utm\u00e4rkt optisk klarhet, vilket s\u00e4kerst\u00e4ller att spelbilderna f\u00f6rblir skarpa och of\u00f6rvr\u00e4ngda.<\/p>\n<\/li>\n<li data-sourcepos=\"11:1-12:0\">\n<p data-sourcepos=\"11:3-11:242\"><strong>Motst\u00e5nd mot bl\u00e4ndning:<\/strong> Om PDP-spelenheten har en blank sk\u00e4rm kan ett bl\u00e4ndfritt PDP Display Cover Glass hj\u00e4lpa till att minimera reflexer fr\u00e5n omgivande ljusk\u00e4llor, vilket f\u00f6rb\u00e4ttrar sk\u00e4rmens synlighet, s\u00e4rskilt i starkt upplysta milj\u00f6er.<\/p>\n<\/li>\n<li data-sourcepos=\"13:1-13:44\">\n<p data-sourcepos=\"13:3-13:44\"><strong>Touch Kompatibilitet:<\/strong> Om PDP-spelanordningen har en peksk\u00e4rm ska skyddsglaset vara utformat s\u00e5 att det \u00e4r pekkompatibelt och m\u00f6jligg\u00f6r s\u00f6ml\u00f6s interaktion med peksk\u00e4rmen.<\/p>\n<\/li>\n<\/ul>","protected":false},"excerpt":{"rendered":"<p>PDP Display Cover Glass kan vara ett v\u00e4rdefullt tillbeh\u00f6r f\u00f6r spelare som vill skydda sin enhets sk\u00e4rm och bibeh\u00e5lla en optimal spelupplevelse.<\/p>","protected":false},"featured_media":1582,"template":"","meta":[],"product_cat":[15],"product_tag":[],"_links":{"self":[{"href":"https:\/\/touchscreenmfg.com\/sv\/wp-json\/wp\/v2\/product\/1621"}],"collection":[{"href":"https:\/\/touchscreenmfg.com\/sv\/wp-json\/wp\/v2\/product"}],"about":[{"href":"https:\/\/touchscreenmfg.com\/sv\/wp-json\/wp\/v2\/types\/product"}],"wp:featuredmedia":[{"embeddable":true,"href":"https:\/\/touchscreenmfg.com\/sv\/wp-json\/wp\/v2\/media\/1582"}],"wp:attachment":[{"href":"https:\/\/touchscreenmfg.com\/sv\/wp-json\/wp\/v2\/media?parent=1621"}],"wp:term":[{"taxonomy":"product_cat","embeddable":true,"href":"https:\/\/touchscreenmfg.com\/sv\/wp-json\/wp\/v2\/product_cat?post=1621"},{"taxonomy":"product_tag","embeddable":true,"href":"https:\/\/touchscreenmfg.com\/sv\/wp-json\/wp\/v2\/product_tag?post=1621"}],"curies":[{"name":"wp","href":"https:\/\/api.w.org\/{rel}","templated":true}]}}