{"id":1619,"date":"2024-06-29T01:06:11","date_gmt":"2024-06-29T01:06:11","guid":{"rendered":"https:\/\/touchscreenmfg.com\/manufacturer\/aio-pc-cover-glass\/"},"modified":"2024-06-29T02:32:50","modified_gmt":"2024-06-29T02:32:50","slug":"aio-pc-cover-glass","status":"publish","type":"product","link":"https:\/\/touchscreenmfg.com\/sv\/aio-pc-cover-glass\/","title":{"rendered":"AIO PC-skydd glas"},"content":{"rendered":"<h2 class=\"\" data-sourcepos=\"3:1-3:89\">AIO PC-skydd i glas: F\u00f6rb\u00e4ttra din AIO PC:s estetik med ett snyggt och stilrent skydd<\/h2>\n<p data-sourcepos=\"5:1-5:54\">AIO PC Cover Glass, \u00e4ven k\u00e4nt som 3D Cover Glass, \u00e4r en premiumglaspanel som \u00e4r utformad f\u00f6r att f\u00f6rb\u00e4ttra utseendet och skydda din AIO-dator (All-in-One). De h\u00e4r snygga glasskydden erbjuder en unik kombination av estetik och funktionella f\u00f6rdelar och f\u00f6rvandlar din AIO-dator till en mittpunkt p\u00e5 din arbetsplats eller i din hemunderh\u00e5llning.<\/p>\n<p data-sourcepos=\"7:1-7:39\"><strong>Viktiga egenskaper :<\/strong><\/p>\n<ul data-sourcepos=\"9:1-9:9\">\n<li data-sourcepos=\"9:1-9:9\">\n<p data-sourcepos=\"9:3-9:199\"><strong>Snygg och modern design:<\/strong> AIO PC Cover Glass har en elegant och modern design som kompletterar den minimalistiska estetiken hos AIO PC:s och ger din installation en touch av elegans och sofistikering.<\/p>\n<\/li>\n<li data-sourcepos=\"11:1-12:0\">\n<p data-sourcepos=\"11:3-11:189\"><strong>F\u00f6rb\u00e4ttrad visuell attraktionskraft:<\/strong> Det genomskinliga glaset l\u00e5ter de interna komponenterna i din AIO-dator lysa igenom, vilket skapar en visuellt fantastisk effekt som visar upp tekniken inuti.<\/p>\n<\/li>\n<li data-sourcepos=\"13:1-13:125\">\n<p data-sourcepos=\"13:3-13:125\"><strong>3D Edge Design:<\/strong> M\u00e5nga AIO PC Cover Glass-paneler har en 3D-kantdesign som elegant b\u00f6jer sig runt kanterna p\u00e5 din AIO PC, vilket ger ett j\u00e4mnt och raffinerat utseende.<\/p>\n<\/li>\n<li data-sourcepos=\"15:1-16:0\">\n<p data-sourcepos=\"15:3-15:211\"><strong>Motst\u00e5ndskraft mot repor och st\u00f6tar:<\/strong> Den \u00e4r vanligtvis tillverkad av h\u00e4rdat glas, som \u00e4r mycket motst\u00e5ndskraftigt mot repor, st\u00f6tar och fingeravtryck, vilket ger ett l\u00e5ngvarigt skydd f\u00f6r din AIO-dator.<\/p>\n<\/li>\n<\/ul>\n<p data-sourcepos=\"17:1-17:39\"><strong>Applikationer:<\/strong><\/p>\n<ul data-sourcepos=\"19:1-24:0\">\n<li data-sourcepos=\"19:1-20:0\">\n<p data-sourcepos=\"19:3-19:171\"><strong>AIO-datorer:<\/strong> AIO PC Cover Glass \u00e4r s\u00e4rskilt utformat f\u00f6r AIO-datorer, vilket ger en perfekt passform och f\u00f6rb\u00e4ttrar det \u00f6vergripande utseendet och k\u00e4nslan hos dessa kompakta station\u00e4ra datorer.<\/p>\n<\/li>\n<li data-sourcepos=\"21:1-22:0\">\n<p data-sourcepos=\"21:3-21:207\"><strong>Underh\u00e5llningscentraler f\u00f6r hemmet:<\/strong> AIO-datorer anv\u00e4nds ofta som en del av hemmets underh\u00e5llningscenter, och det kan h\u00f6ja det estetiska tilltalet f\u00f6r dessa upps\u00e4ttningar och g\u00f6ra dem till en fokuspunkt i rummet.<\/p>\n<\/li>\n<li data-sourcepos=\"23:1-24:0\">\n<p data-sourcepos=\"23:3-23:174\"><strong>Arbetsytor:<\/strong> AIO-datorer blir ocks\u00e5 alltmer popul\u00e4ra p\u00e5 arbetsplatser, och AIO PC Cover Glass kan ge en touch av professionalism och stil till alla kontorsmilj\u00f6er.<\/p>\n<\/li>\n<\/ul>","protected":false},"excerpt":{"rendered":"<p>AIO PC Cover Glass \u00e4r ett v\u00e4rdefullt tillskott till alla AIO-datorer och erbjuder en kombination av estetisk f\u00f6rb\u00e4ttring och funktionellt skydd. Med sin eleganta design, 3D-kantdetaljer och rept\u00e5liga egenskaper f\u00f6rvandlar AIO PC Cover Glass din AIO-dator till ett snyggt och skyddat statement.<\/p>","protected":false},"featured_media":1580,"template":"","meta":[],"product_cat":[15],"product_tag":[],"_links":{"self":[{"href":"https:\/\/touchscreenmfg.com\/sv\/wp-json\/wp\/v2\/product\/1619"}],"collection":[{"href":"https:\/\/touchscreenmfg.com\/sv\/wp-json\/wp\/v2\/product"}],"about":[{"href":"https:\/\/touchscreenmfg.com\/sv\/wp-json\/wp\/v2\/types\/product"}],"wp:featuredmedia":[{"embeddable":true,"href":"https:\/\/touchscreenmfg.com\/sv\/wp-json\/wp\/v2\/media\/1580"}],"wp:attachment":[{"href":"https:\/\/touchscreenmfg.com\/sv\/wp-json\/wp\/v2\/media?parent=1619"}],"wp:term":[{"taxonomy":"product_cat","embeddable":true,"href":"https:\/\/touchscreenmfg.com\/sv\/wp-json\/wp\/v2\/product_cat?post=1619"},{"taxonomy":"product_tag","embeddable":true,"href":"https:\/\/touchscreenmfg.com\/sv\/wp-json\/wp\/v2\/product_tag?post=1619"}],"curies":[{"name":"wp","href":"https:\/\/api.w.org\/{rel}","templated":true}]}}