{"id":1618,"date":"2024-06-29T01:06:11","date_gmt":"2024-06-29T01:06:11","guid":{"rendered":"https:\/\/touchscreenmfg.com\/manufacturer\/cover-lens\/"},"modified":"2024-06-29T02:42:53","modified_gmt":"2024-06-29T02:42:53","slug":"cover-lens","status":"publish","type":"product","link":"https:\/\/touchscreenmfg.com\/sv\/cover-lens\/","title":{"rendered":"T\u00e4cklins"},"content":{"rendered":"<h2 class=\"\" data-sourcepos=\"1:1-1:69\">T\u00e4cklins: Skyddar och f\u00f6rb\u00e4ttrar optiska linser med precision<\/h2>\n<p data-sourcepos=\"3:1-3:129\">Skyddslinser \u00e4r optiska komponenter som placeras \u00f6ver prim\u00e4ra linser f\u00f6r att skydda dem fr\u00e5n repor, damm och andra skadliga element. De spelar en avg\u00f6rande roll i olika applikationer och s\u00e4kerst\u00e4ller livsl\u00e4ngd och optimal prestanda hos optiska system.<\/p>\n<p data-sourcepos=\"5:1-5:30\"><strong>Viktiga egenskaper:<\/strong><\/p>\n<ul data-sourcepos=\"7:1-9:14\">\n<li data-sourcepos=\"7:1-8:0\">\n<p data-sourcepos=\"7:3-7:154\"><strong>Skydd:<\/strong> Skyddslinsen fungerar som en barri\u00e4r som skyddar prim\u00e4rlinsen fr\u00e5n repor, n\u00f6tning och andra fysiska skador som orsakas av yttre faktorer.<\/p>\n<\/li>\n<li data-sourcepos=\"9:1-9:14\">\n<p data-sourcepos=\"9:3-9:14\"><strong>H\u00e5llbarhet:<\/strong> De \u00e4r vanligtvis tillverkade av h\u00e5llbara material som glas eller plast, vilket s\u00e4kerst\u00e4ller att de t\u00e5l regelbunden anv\u00e4ndning och tuffa milj\u00f6er.<\/p>\n<\/li>\n<li data-sourcepos=\"11:1-11:41\">\n<p data-sourcepos=\"11:3-11:41\"><strong>Optisk klarhet:<\/strong> H\u00f6gkvalitativa t\u00e4cklinser bibeh\u00e5ller utm\u00e4rkt optisk klarhet och l\u00e5ter ljuset passera igenom utan f\u00f6rvr\u00e4ngning, vilket bevarar bildkvaliteten hos den prim\u00e4ra linsen.<\/p>\n<\/li>\n<li data-sourcepos=\"13:1-14:0\">\n<p data-sourcepos=\"13:3-13:133\"><strong>M\u00e5ngsidighet:<\/strong> De finns i olika former, storlekar och tjocklekar f\u00f6r att passa ett brett spektrum av optiska applikationer.<\/p>\n<\/li>\n<\/ul>\n<p data-sourcepos=\"15:1-15:33\"><strong>Applikationer:<\/strong><\/p>\n<ul data-sourcepos=\"17:1-21:47\">\n<li data-sourcepos=\"17:1-18:0\">\n<p data-sourcepos=\"17:3-17:177\"><strong>Objektiv f\u00f6r kameror och videokameror:<\/strong> Skyddslinser \u00e4r viktiga f\u00f6r att skydda objektiv till kameror och videokameror fr\u00e5n repor, damm och fingeravtryck, vilket ger skarpa och tydliga bilder.<\/p>\n<\/li>\n<li data-sourcepos=\"19:1-20:0\">\n<p data-sourcepos=\"19:3-19:169\"><strong>Kikare och teleskop:<\/strong> Skyddslinser skyddar objektiv- och okularlinser i kikare och teleskop och f\u00f6rhindrar skador fr\u00e5n damm, fukt och st\u00f6tar.<\/p>\n<\/li>\n<li data-sourcepos=\"21:1-21:47\">\n<p data-sourcepos=\"21:3-21:47\"><strong>Medicintekniska produkter:<\/strong> De anv\u00e4nds i medicintekniska produkter som mikroskop och endoskop f\u00f6r att skydda de k\u00e4nsliga optiska komponenterna fr\u00e5n kontaminering och skador.<\/p>\n<\/li>\n<li data-sourcepos=\"23:1-24:0\">\n<p data-sourcepos=\"23:3-23:161\"><strong>Industriella till\u00e4mpningar:<\/strong> De anv\u00e4nds i industriella milj\u00f6er f\u00f6r att skydda sensorer, lasrar och andra optiska komponenter fr\u00e5n tuffa milj\u00f6er.<\/p>\n<\/li>\n<\/ul>\n<p data-sourcepos=\"25:1-25:269\">Polering av optiska linser \u00e4r en viktig process som s\u00e4kerst\u00e4ller att t\u00e4cklinser bibeh\u00e5ller sin optiska klarhet och \u00f6verf\u00f6r ljus utan distorsion. Poleringen avl\u00e4gsnar mikroskopiska brister och oj\u00e4mnheter fr\u00e5n linsens yta, vilket resulterar i en sl\u00e4t och klar yta.<\/p>","protected":false},"excerpt":{"rendered":"<p>Skyddslinsen \u00e4r en v\u00e4rdefull investering f\u00f6r alla enheter med peksk\u00e4rm eller k\u00e4nslig display. Det ger ett viktigt skydd samtidigt som det potentiellt kan f\u00f6rb\u00e4ttra anv\u00e4ndarupplevelsen.<\/p>","protected":false},"featured_media":1579,"template":"","meta":[],"product_cat":[15],"product_tag":[],"_links":{"self":[{"href":"https:\/\/touchscreenmfg.com\/sv\/wp-json\/wp\/v2\/product\/1618"}],"collection":[{"href":"https:\/\/touchscreenmfg.com\/sv\/wp-json\/wp\/v2\/product"}],"about":[{"href":"https:\/\/touchscreenmfg.com\/sv\/wp-json\/wp\/v2\/types\/product"}],"wp:featuredmedia":[{"embeddable":true,"href":"https:\/\/touchscreenmfg.com\/sv\/wp-json\/wp\/v2\/media\/1579"}],"wp:attachment":[{"href":"https:\/\/touchscreenmfg.com\/sv\/wp-json\/wp\/v2\/media?parent=1618"}],"wp:term":[{"taxonomy":"product_cat","embeddable":true,"href":"https:\/\/touchscreenmfg.com\/sv\/wp-json\/wp\/v2\/product_cat?post=1618"},{"taxonomy":"product_tag","embeddable":true,"href":"https:\/\/touchscreenmfg.com\/sv\/wp-json\/wp\/v2\/product_tag?post=1618"}],"curies":[{"name":"wp","href":"https:\/\/api.w.org\/{rel}","templated":true}]}}