{"id":1617,"date":"2024-06-29T01:06:11","date_gmt":"2024-06-29T01:06:11","guid":{"rendered":"https:\/\/touchscreenmfg.com\/manufacturer\/gaming-glass\/"},"modified":"2024-06-29T02:51:17","modified_gmt":"2024-06-29T02:51:17","slug":"gaming-glass","status":"publish","type":"product","link":"https:\/\/touchscreenmfg.com\/sv\/gaming-glass\/","title":{"rendered":"Gamingglas"},"content":{"rendered":"<h2 class=\"\" data-sourcepos=\"1:1-1:81\">Gamingglas: F\u00f6rb\u00e4ttra din spelupplevelse med \u00f6gonskydd och komfort<\/h2>\n<p data-sourcepos=\"3:1-3:118\">Spelglas\u00f6gon, \u00e4ven kallade gamerglas\u00f6gon, \u00e4r specialglas\u00f6gon som \u00e4r utformade f\u00f6r att f\u00f6rb\u00e4ttra komforten och minska belastningen p\u00e5 \u00f6gonen under l\u00e4ngre spelsessioner. Dessa glas\u00f6gon har vanligtvis flera viktiga funktioner som tillgodoser de specifika behoven hos spelare.<\/p>\n<p data-sourcepos=\"5:1-5:35\"><strong>Viktiga egenskaper:<\/strong><\/p>\n<ul data-sourcepos=\"7:1-9:66\">\n<li data-sourcepos=\"7:1-8:0\">\n<p data-sourcepos=\"7:3-7:300\"><strong>Linser som blockerar bl\u00e5tt ljus:<\/strong> De har ofta linser som blockerar bl\u00e5tt ljus och filtrerar bort en del av det bl\u00e5 ljus som avges fr\u00e5n digitala sk\u00e4rmar. Bl\u00e5tt ljus kan st\u00f6ra s\u00f6mnm\u00f6nster och bidra till anstr\u00e4ngda \u00f6gon, s\u00e5 minskad exponering kan f\u00f6rb\u00e4ttra komforten och det allm\u00e4nna v\u00e4lbefinnandet.<\/p>\n<\/li>\n<li data-sourcepos=\"9:1-9:66\">\n<p data-sourcepos=\"9:3-9:66\"><strong>Antireflexbel\u00e4ggning:<\/strong> De har ofta en antireflexbel\u00e4ggning som minimerar reflexer fr\u00e5n omgivande ljusk\u00e4llor, vilket minskar \u00f6gontr\u00f6tthet och f\u00f6rb\u00e4ttrar sk\u00e4rmens synlighet, s\u00e4rskilt i svagt upplysta milj\u00f6er.<\/p>\n<\/li>\n<li data-sourcepos=\"11:1-12:0\">\n<p data-sourcepos=\"11:3-11:176\"><strong>Bekv\u00e4ma ramar:<\/strong> De \u00e4r vanligtvis utformade med l\u00e4tta och bekv\u00e4ma ramar f\u00f6r att minimera vikten och trycket p\u00e5 ansiktet under l\u00e5nga spelsessioner.<\/p>\n<\/li>\n<li data-sourcepos=\"13:1-14:0\">\n<p data-sourcepos=\"13:3-13:159\"><strong>En m\u00e4ngd olika stilar:<\/strong> De finns i en m\u00e4ngd olika stilar f\u00f6r att passa olika preferenser, fr\u00e5n snygg och modern design till mer traditionella ramar.<\/p>\n<\/li>\n<\/ul>\n<p data-sourcepos=\"15:1-15:35\"><strong>Applikationer:<\/strong><\/p>\n<ul data-sourcepos=\"17:1-19:78\">\n<li data-sourcepos=\"17:1-18:0\">\n<p data-sourcepos=\"17:3-17:119\"><strong>PC-spel:<\/strong> De anv\u00e4nds fr\u00e4mst av PC-spelare som tillbringar l\u00e5nga perioder med att stirra p\u00e5 datorsk\u00e4rmar.<\/p>\n<\/li>\n<li data-sourcepos=\"19:1-19:78\">\n<p data-sourcepos=\"19:3-19:78\"><strong>Konsolspel:<\/strong> Spelare som spelar p\u00e5 konsoler kan ocks\u00e5 ha nytta av spelglas\u00f6gon, s\u00e4rskilt om de spelar i m\u00f6rka rum eller under l\u00e5nga timmar.<\/p>\n<\/li>\n<li data-sourcepos=\"21:1-22:0\">\n<p data-sourcepos=\"21:3-21:166\"><strong>T\u00e4vlingsinriktat spelande:<\/strong> Professionella och t\u00e4vlingsinriktade spelare anv\u00e4nder ofta gamingglas\u00f6gon f\u00f6r att bibeh\u00e5lla optimal fokus och minska belastningen p\u00e5 \u00f6gonen under intensiva spelsessioner.<\/p>\n<\/li>\n<\/ul>","protected":false},"excerpt":{"rendered":"<p>Gaming Glass \u00e4r skydd i h\u00e4rdat glas som \u00e4r s\u00e4rskilt utformade f\u00f6r spelenheter. Precis som vanliga skydd i h\u00e4rdat glas syftar de till att skydda den k\u00e4nsliga sk\u00e4rmen p\u00e5 en spelenhet fr\u00e5n repor och st\u00f6tar.<\/p>","protected":false},"featured_media":1578,"template":"","meta":[],"product_cat":[15],"product_tag":[],"_links":{"self":[{"href":"https:\/\/touchscreenmfg.com\/sv\/wp-json\/wp\/v2\/product\/1617"}],"collection":[{"href":"https:\/\/touchscreenmfg.com\/sv\/wp-json\/wp\/v2\/product"}],"about":[{"href":"https:\/\/touchscreenmfg.com\/sv\/wp-json\/wp\/v2\/types\/product"}],"wp:featuredmedia":[{"embeddable":true,"href":"https:\/\/touchscreenmfg.com\/sv\/wp-json\/wp\/v2\/media\/1578"}],"wp:attachment":[{"href":"https:\/\/touchscreenmfg.com\/sv\/wp-json\/wp\/v2\/media?parent=1617"}],"wp:term":[{"taxonomy":"product_cat","embeddable":true,"href":"https:\/\/touchscreenmfg.com\/sv\/wp-json\/wp\/v2\/product_cat?post=1617"},{"taxonomy":"product_tag","embeddable":true,"href":"https:\/\/touchscreenmfg.com\/sv\/wp-json\/wp\/v2\/product_tag?post=1617"}],"curies":[{"name":"wp","href":"https:\/\/api.w.org\/{rel}","templated":true}]}}