{"id":1616,"date":"2024-06-29T01:06:11","date_gmt":"2024-06-29T01:06:11","guid":{"rendered":"https:\/\/touchscreenmfg.com\/manufacturer\/3d-cover-glass\/"},"modified":"2024-06-29T03:02:20","modified_gmt":"2024-06-29T03:02:20","slug":"3d-cover-glass","status":"publish","type":"product","link":"https:\/\/touchscreenmfg.com\/sv\/3d-cover-glass\/","title":{"rendered":"3D t\u00e4ckglas"},"content":{"rendered":"<h2 class=\"\" data-sourcepos=\"1:1-1:67\">3D-t\u00e4ckglas: Framtiden f\u00f6r snygga och t\u00e5liga sk\u00e4rmar<\/h2>\n<p data-sourcepos=\"3:1-3:68\">3D Cover Glass, \u00e4ven k\u00e4nt som b\u00f6jt t\u00e4ckglas, \u00e4r en revolutionerande typ av glas som f\u00f6r\u00e4ndrar designen och funktionaliteten hos elektroniska enheter. Till skillnad fr\u00e5n traditionella platta t\u00e4ckglas har det en b\u00f6jd form som s\u00f6ml\u00f6st matchar konturerna p\u00e5 moderna b\u00f6jda sk\u00e4rmar. Den innovativa designen erbjuder en rad f\u00f6rdelar j\u00e4mf\u00f6rt med planglas, vilket g\u00f6r det till ett f\u00f6rstahandsval f\u00f6r b\u00e5de tillverkare och konsumenter.<\/p>\n<p data-sourcepos=\"5:1-5:2\"><strong>Viktiga egenskaper:<\/strong><\/p>\n<ul data-sourcepos=\"7:1-7:103\">\n<li data-sourcepos=\"7:1-7:103\">\n<p class=\"\" data-sourcepos=\"7:3-7:170\"><strong class=\"\">Snygg och elegant design:<\/strong> Den f\u00f6rb\u00e4ttrar enheternas estetik genom att skapa en sl\u00e4t, kontinuerlig yta som sm\u00e4lter in s\u00f6ml\u00f6st med den b\u00f6jda sk\u00e4rmen.<\/p>\n<\/li>\n<li data-sourcepos=\"9:1-10:0\">\n<p data-sourcepos=\"9:3-9:177\"><strong>F\u00f6rb\u00e4ttrad h\u00e5llbarhet:<\/strong> Den b\u00f6jda formen p\u00e5 3D Cover Glass ger b\u00e4ttre strukturellt st\u00f6d, vilket g\u00f6r det mer motst\u00e5ndskraftigt mot st\u00f6tar och repor j\u00e4mf\u00f6rt med platt t\u00e4ckglas.<\/p>\n<\/li>\n<li data-sourcepos=\"11:1-12:0\">\n<p data-sourcepos=\"11:3-11:160\"><strong>F\u00f6rb\u00e4ttrad sk\u00e4rm fr\u00e5n kant till kant:<\/strong> Det m\u00f6jligg\u00f6r kant-till-kant-sk\u00e4rmar, vilket maximerar visningsytan och skapar en mer uppslukande anv\u00e4ndarupplevelse.<\/p>\n<\/li>\n<li data-sourcepos=\"13:1-13:105\">\n<p data-sourcepos=\"13:3-13:105\"><strong>Kompatibilitet med peksk\u00e4rm:<\/strong> Den \u00e4r helt kompatibel med peksk\u00e4rmsteknik, vilket garanterar s\u00f6ml\u00f6s pekinteraktion.<\/p>\n<\/li>\n<\/ul>\n<p data-sourcepos=\"15:1-15:35\"><strong>Applikationer:<\/strong><\/p>\n<ul data-sourcepos=\"17:1-24:0\">\n<li data-sourcepos=\"17:1-18:0\">\n<p data-sourcepos=\"17:3-17:135\"><strong>Smartphones:<\/strong> Det anv\u00e4nds ofta i avancerade smartphones, vilket bidrar till deras eleganta design och h\u00e5llbara konstruktion.<\/p>\n<\/li>\n<li data-sourcepos=\"19:1-20:0\">\n<p data-sourcepos=\"19:3-19:118\"><strong>Surfplattor:<\/strong> Surfplattor anv\u00e4nder allt oftare 3D Cover Glass f\u00f6r att f\u00e5 st\u00f6rre sk\u00e4rmar och en b\u00e4ttre anv\u00e4ndarupplevelse.<\/p>\n<\/li>\n<li data-sourcepos=\"21:1-22:0\">\n<p data-sourcepos=\"21:3-21:113\"><strong>B\u00e4rbara datorer:<\/strong> Vissa b\u00e4rbara datorer i premiumklassen har 3D Cover Glass f\u00f6r sina peksk\u00e4rmar och sin eleganta estetik.<\/p>\n<\/li>\n<li data-sourcepos=\"23:1-24:0\">\n<p data-sourcepos=\"23:3-23:146\"><strong>Smarta klockor:<\/strong>Den har b\u00f6rjat anv\u00e4ndas i smarta klockor, d\u00e4r den ger ett mer h\u00e5llbart och visuellt tilltalande skydd f\u00f6r displayerna.<\/p>\n<\/li>\n<\/ul>","protected":false},"excerpt":{"rendered":"<p>3D Cover Glass f\u00f6r\u00e4ndrar spelplanen f\u00f6r elektroniska enheter genom att erbjuda en kombination av elegant design, f\u00f6rb\u00e4ttrad h\u00e5llbarhet och f\u00f6rb\u00e4ttrade sk\u00e4rmfunktioner. I takt med att tekniken g\u00e5r fram\u00e5t kommer det att bli \u00e4nnu vanligare och forma framtiden f\u00f6r smartphones, surfplattor, b\u00e4rbara datorer och andra enheter.<\/p>","protected":false},"featured_media":1577,"template":"","meta":[],"product_cat":[15],"product_tag":[],"_links":{"self":[{"href":"https:\/\/touchscreenmfg.com\/sv\/wp-json\/wp\/v2\/product\/1616"}],"collection":[{"href":"https:\/\/touchscreenmfg.com\/sv\/wp-json\/wp\/v2\/product"}],"about":[{"href":"https:\/\/touchscreenmfg.com\/sv\/wp-json\/wp\/v2\/types\/product"}],"wp:featuredmedia":[{"embeddable":true,"href":"https:\/\/touchscreenmfg.com\/sv\/wp-json\/wp\/v2\/media\/1577"}],"wp:attachment":[{"href":"https:\/\/touchscreenmfg.com\/sv\/wp-json\/wp\/v2\/media?parent=1616"}],"wp:term":[{"taxonomy":"product_cat","embeddable":true,"href":"https:\/\/touchscreenmfg.com\/sv\/wp-json\/wp\/v2\/product_cat?post=1616"},{"taxonomy":"product_tag","embeddable":true,"href":"https:\/\/touchscreenmfg.com\/sv\/wp-json\/wp\/v2\/product_tag?post=1616"}],"curies":[{"name":"wp","href":"https:\/\/api.w.org\/{rel}","templated":true}]}}