{"id":1615,"date":"2024-06-29T01:06:11","date_gmt":"2024-06-29T01:06:11","guid":{"rendered":"https:\/\/touchscreenmfg.com\/manufacturer\/chemically-tempered-cover-glass\/"},"modified":"2024-06-29T03:26:40","modified_gmt":"2024-06-29T03:26:40","slug":"chemically-tempered-cover-glass","status":"publish","type":"product","link":"https:\/\/touchscreenmfg.com\/sv\/chemically-tempered-cover-glass\/","title":{"rendered":"Kemiskt h\u00e4rdat t\u00e4ckglas"},"content":{"rendered":"<h2 class=\"\" data-sourcepos=\"1:1-1:91\">Kemiskt h\u00e4rdat t\u00e4ckglas: F\u00f6rb\u00e4ttrad h\u00e5llbarhet och klarhet f\u00f6r elektroniska enheter<\/h2>\n<p data-sourcepos=\"3:1-3:72\">Kemiskt h\u00e4rdat t\u00e4ckglas, \u00e4ven k\u00e4nt som jonbytt glas, \u00e4r en typ av glas som har genomg\u00e5tt en kemisk behandling f\u00f6r att f\u00f6rb\u00e4ttra dess styrka och h\u00e5llbarhet. Denna process, som vanligtvis inneb\u00e4r att natriumjoner i glaset byts ut mot kaliumjoner, skapar ett trycksp\u00e4nningsskikt p\u00e5 ytan, vilket g\u00f6r glaset mer motst\u00e5ndskraftigt mot repor, st\u00f6tar och v\u00e4rmechocker.<\/p>\n<p data-sourcepos=\"5:1-5:49\"><strong>Viktiga egenskaper:<\/strong><\/p>\n<ul data-sourcepos=\"7:1-9:1\">\n<li data-sourcepos=\"7:1-8:0\">\n<p data-sourcepos=\"7:3-7:166\"><strong>F\u00f6rb\u00e4ttrad styrka:<\/strong> Det \u00e4r vanligtvis sex till \u00e5tta g\u00e5nger starkare \u00e4n vanligt glas, vilket g\u00f6r det mindre ben\u00e4get att g\u00e5 s\u00f6nder och repas.<\/p>\n<\/li>\n<li data-sourcepos=\"9:1-9:1\">\n<p data-sourcepos=\"9:3-9:140\"><strong>Optisk klarhet:<\/strong> Jonbytesprocessen f\u00f6r\u00e4ndrar inte glasets optiska egenskaper och bevarar dess genomskinlighet och klarhet.<\/p>\n<\/li>\n<li data-sourcepos=\"11:1-12:0\">\n<p data-sourcepos=\"11:3-11:145\"><strong>M\u00e5ngsidighet:<\/strong> Det kan sk\u00e4ras och formas i olika former, vilket g\u00f6r det l\u00e4mpligt f\u00f6r ett brett spektrum av applikationer.<\/p>\n<\/li>\n<li data-sourcepos=\"13:1-14:0\">\n<p data-sourcepos=\"13:3-13:163\"><strong>Tunnhet:<\/strong> Det kan tillverkas i tunnare sektioner j\u00e4mf\u00f6rt med termiskt h\u00e4rdat glas, vilket m\u00f6jligg\u00f6r l\u00e4ttare och snyggare enheter.<\/p>\n<\/li>\n<\/ul>\n<p data-sourcepos=\"15:1-15:52\"><strong>Applikationer:<\/strong><\/p>\n<ul data-sourcepos=\"17:1-19:1\">\n<li data-sourcepos=\"17:1-18:0\">\n<p data-sourcepos=\"17:3-17:184\"><strong>Smartphones och surfplattor:<\/strong>Det anv\u00e4nds ofta i smartphones och surfplattor f\u00f6r att skydda de k\u00e4nsliga sk\u00e4rmarna fr\u00e5n repor, st\u00f6tar och oavsiktliga fall.<\/p>\n<\/li>\n<li data-sourcepos=\"19:1-19:1\">\n<p data-sourcepos=\"19:3-19:159\"><strong>B\u00e4rbara datorer och b\u00e4rbara enheter:<\/strong> B\u00e4rbara datorer, surfplattor och andra b\u00e4rbara enheter anv\u00e4nder ofta kemiskt h\u00e4rdat skyddsglas f\u00f6r sina sk\u00e4rmar och peksk\u00e4rmar.<\/p>\n<\/li>\n<li data-sourcepos=\"21:1-22:0\">\n<p data-sourcepos=\"21:3-21:151\"><strong>Bildsk\u00e4rmar f\u00f6r fordon:<\/strong> Det anv\u00e4nds allt oftare i bildsk\u00e4rmar i bilar tack vare sin h\u00e5llbarhet och optiska klarhet.<\/p>\n<\/li>\n<li data-sourcepos=\"23:1-24:0\">\n<p data-sourcepos=\"23:3-23:160\"><strong>Smarta klockor och wearables:<\/strong> Smarta klockor och andra b\u00e4rbara enheter drar nytta av rept\u00e5ligheten och styrkan hos kemiskt h\u00e4rdat t\u00e4ckglas.<\/p>\n<\/li>\n<\/ul>\n<p data-sourcepos=\"25:1-25:27\"><strong>Sk\u00e4rande h\u00e4rdat glas:<\/strong><\/p>\n<p data-sourcepos=\"27:1-27:276\">Sk\u00e4rning av kemiskt h\u00e4rdat t\u00e4ckglas kr\u00e4ver specialiserad teknik och utrustning p\u00e5 grund av dess \u00f6kade styrka och potential att splittras om det hanteras felaktigt. Professionella glassk\u00e4rningstj\u00e4nster rekommenderas f\u00f6r exakt och s\u00e4ker sk\u00e4rning av kemiskt h\u00e4rdat t\u00e4ckglas.<\/p>","protected":false},"excerpt":{"rendered":"<p>Kemiskt h\u00e4rdat t\u00e4ckglas har blivit ett f\u00f6rstahandsval f\u00f6r att skydda och f\u00f6rb\u00e4ttra sk\u00e4rmarna p\u00e5 olika elektroniska enheter. Dess kombination av styrka, optisk klarhet och m\u00e5ngsidighet g\u00f6r den till en viktig komponent i modern teknik.<\/p>","protected":false},"featured_media":1576,"template":"","meta":[],"product_cat":[15],"product_tag":[],"_links":{"self":[{"href":"https:\/\/touchscreenmfg.com\/sv\/wp-json\/wp\/v2\/product\/1615"}],"collection":[{"href":"https:\/\/touchscreenmfg.com\/sv\/wp-json\/wp\/v2\/product"}],"about":[{"href":"https:\/\/touchscreenmfg.com\/sv\/wp-json\/wp\/v2\/types\/product"}],"wp:featuredmedia":[{"embeddable":true,"href":"https:\/\/touchscreenmfg.com\/sv\/wp-json\/wp\/v2\/media\/1576"}],"wp:attachment":[{"href":"https:\/\/touchscreenmfg.com\/sv\/wp-json\/wp\/v2\/media?parent=1615"}],"wp:term":[{"taxonomy":"product_cat","embeddable":true,"href":"https:\/\/touchscreenmfg.com\/sv\/wp-json\/wp\/v2\/product_cat?post=1615"},{"taxonomy":"product_tag","embeddable":true,"href":"https:\/\/touchscreenmfg.com\/sv\/wp-json\/wp\/v2\/product_tag?post=1615"}],"curies":[{"name":"wp","href":"https:\/\/api.w.org\/{rel}","templated":true}]}}