{"id":1614,"date":"2024-06-29T01:06:11","date_gmt":"2024-06-29T01:06:11","guid":{"rendered":"https:\/\/touchscreenmfg.com\/manufacturer\/physically-tempered-cover-glass\/"},"modified":"2024-06-29T03:30:56","modified_gmt":"2024-06-29T03:30:56","slug":"physically-tempered-cover-glass","status":"publish","type":"product","link":"https:\/\/touchscreenmfg.com\/sv\/physically-tempered-cover-glass\/","title":{"rendered":"Fysiskt h\u00e4rdat t\u00e4ckglas"},"content":{"rendered":"<h2 class=\"\" data-sourcepos=\"1:1-1:100\">Fysiskt h\u00e4rdat t\u00e4ckglas: Robust skydd och f\u00f6rb\u00e4ttrad h\u00e5llbarhet f\u00f6r elektroniska enheter<\/h2>\n<p data-sourcepos=\"3:1-3:96\">Fysiskt h\u00e4rdat t\u00e4ckglas, \u00e4ven k\u00e4nt som termiskt h\u00e4rdat glas, \u00e4r en typ av glas som har genomg\u00e5tt en v\u00e4rmebehandlingsprocess f\u00f6r att \u00f6ka dess styrka och h\u00e5llbarhet. Denna process, som vanligtvis inneb\u00e4r snabb uppv\u00e4rmning och nedkylning av glaset, skapar ett trycksp\u00e4nningsskikt p\u00e5 ytan, vilket g\u00f6r glaset mer motst\u00e5ndskraftigt mot repor, st\u00f6tar och v\u00e4rmechocker.<\/p>\n<p data-sourcepos=\"5:1-5:52\"><strong>Viktiga egenskaper hos fysiskt h\u00e4rdat t\u00e4ckglas:<\/strong><\/p>\n<ul data-sourcepos=\"7:1-7:27\">\n<li data-sourcepos=\"7:1-7:27\">\n<p data-sourcepos=\"7:3-7:183\"><strong>Exceptionell styrka:<\/strong> Fysiskt h\u00e4rdat skyddsglas \u00e4r vanligtvis fyra till fem g\u00e5nger starkare \u00e4n vanligt glas, vilket ger ett \u00f6verl\u00e4gset skydd mot brott och repor.<\/p>\n<\/li>\n<li data-sourcepos=\"9:1-9:54\">\n<p data-sourcepos=\"9:3-9:54\"><strong>Optisk klarhet:<\/strong> V\u00e4rmebehandlingsprocessen f\u00f6r\u00e4ndrar inte glasets optiska egenskaper, vilket g\u00f6r att dess transparens och klarhet bibeh\u00e5lls.<\/p>\n<\/li>\n<li data-sourcepos=\"11:1-12:0\">\n<p data-sourcepos=\"11:3-11:145\"><strong>M\u00e5ngsidighet:<\/strong> Fysiskt h\u00e4rdat t\u00e4ckglas kan sk\u00e4ras och formas i olika former, vilket g\u00f6r det l\u00e4mpligt f\u00f6r ett brett spektrum av applikationer.<\/p>\n<\/li>\n<li data-sourcepos=\"13:1-14:0\">\n<p data-sourcepos=\"13:3-13:171\"><strong>Tunnare Alternativ:<\/strong> Fysikaliskt h\u00e4rdat skyddsglas kan tillverkas i tunnare sektioner j\u00e4mf\u00f6rt med kemiskt h\u00e4rdat glas, vilket m\u00f6jligg\u00f6r slankare och l\u00e4ttare enheter.<\/p>\n<\/li>\n<\/ul>\n<p data-sourcepos=\"15:1-15:52\"><strong>Till\u00e4mpningar av fysiskt h\u00e4rdat t\u00e4ckglas:<\/strong><\/p>\n<ul data-sourcepos=\"17:1-19:98\">\n<li data-sourcepos=\"17:1-18:0\">\n<p data-sourcepos=\"17:3-17:184\"><strong>Smartphones och surfplattor:<\/strong> Fysiskt h\u00e4rdat skyddsglas anv\u00e4nds ofta i smartphones och surfplattor f\u00f6r att skydda de k\u00e4nsliga sk\u00e4rmarna fr\u00e5n repor, st\u00f6tar och oavsiktliga fall.<\/p>\n<\/li>\n<li data-sourcepos=\"19:1-19:98\">\n<p data-sourcepos=\"19:3-19:98\"><strong>Arkitektoniska till\u00e4mpningar:<\/strong> Fysiskt h\u00e4rdat t\u00e4ckglas anv\u00e4nds i olika arkitektoniska applikationer, t.ex. f\u00f6nster, d\u00f6rrar och skiljev\u00e4ggar, p\u00e5 grund av dess styrka och s\u00e4kerhetsfunktioner.<\/p>\n<\/li>\n<li data-sourcepos=\"21:1-22:0\">\n<p data-sourcepos=\"21:3-21:151\"><strong>Bildsk\u00e4rmar f\u00f6r fordon:<\/strong> Fysiskt h\u00e4rdat t\u00e4ckglas anv\u00e4nds i allt st\u00f6rre utstr\u00e4ckning i bildsk\u00e4rmar i bilar p\u00e5 grund av dess h\u00e5llbarhet och optiska klarhet.<\/p>\n<\/li>\n<li data-sourcepos=\"23:1-24:0\">\n<p data-sourcepos=\"23:3-23:154\"><strong>Paneler f\u00f6r apparater:<\/strong> Hush\u00e5llsapparater, som kylsk\u00e5p och ugnar, anv\u00e4nder ofta fysiskt h\u00e4rdat t\u00e4ckglas f\u00f6r sina kontrollpaneler och displayer.<\/p>\n<\/li>\n<\/ul>\n<p data-sourcepos=\"25:1-25:28\"><strong>H\u00e4rdningsprocess f\u00f6r glas:<\/strong><\/p>\n<p data-sourcepos=\"27:1-27:309\">H\u00e4rdningsprocessen f\u00f6r fysiskt h\u00e4rdat t\u00e4ckglas inneb\u00e4r att glaset v\u00e4rms upp till en temperatur p\u00e5 cirka 600-700\u00b0C och sedan kyls snabbt med kalla luftstr\u00e5lar. Denna snabba temperaturf\u00f6r\u00e4ndring skapar ett trycksp\u00e4nningsskikt p\u00e5 ytan, vilket g\u00f6r glaset mer motst\u00e5ndskraftigt mot sp\u00e4nningar och brott.<\/p>","protected":false},"excerpt":{"rendered":"<p>Fysiskt h\u00e4rdat t\u00e4ckglas har blivit en viktig del av skyddet av elektroniska enheter och arkitektoniska till\u00e4mpningar. Dess exceptionella styrka, optiska klarhet och m\u00e5ngsidighet g\u00f6r den till en viktig komponent i modern teknik och konstruktion.<\/p>","protected":false},"featured_media":1575,"template":"","meta":[],"product_cat":[15],"product_tag":[],"_links":{"self":[{"href":"https:\/\/touchscreenmfg.com\/sv\/wp-json\/wp\/v2\/product\/1614"}],"collection":[{"href":"https:\/\/touchscreenmfg.com\/sv\/wp-json\/wp\/v2\/product"}],"about":[{"href":"https:\/\/touchscreenmfg.com\/sv\/wp-json\/wp\/v2\/types\/product"}],"wp:featuredmedia":[{"embeddable":true,"href":"https:\/\/touchscreenmfg.com\/sv\/wp-json\/wp\/v2\/media\/1575"}],"wp:attachment":[{"href":"https:\/\/touchscreenmfg.com\/sv\/wp-json\/wp\/v2\/media?parent=1614"}],"wp:term":[{"taxonomy":"product_cat","embeddable":true,"href":"https:\/\/touchscreenmfg.com\/sv\/wp-json\/wp\/v2\/product_cat?post=1614"},{"taxonomy":"product_tag","embeddable":true,"href":"https:\/\/touchscreenmfg.com\/sv\/wp-json\/wp\/v2\/product_tag?post=1614"}],"curies":[{"name":"wp","href":"https:\/\/api.w.org\/{rel}","templated":true}]}}