{"id":1612,"date":"2024-06-29T01:06:10","date_gmt":"2024-06-29T01:06:10","guid":{"rendered":"https:\/\/touchscreenmfg.com\/manufacturer\/capacitive-touch-screen\/"},"modified":"2024-06-29T03:40:01","modified_gmt":"2024-06-29T03:40:01","slug":"capacitive-touch-screen","status":"publish","type":"product","link":"https:\/\/touchscreenmfg.com\/sv\/capacitive-touch-screen\/","title":{"rendered":"Kapacitiv peksk\u00e4rm"},"content":{"rendered":"<h2 class=\"\" data-sourcepos=\"1:1-1:102\">Kapacitiva peksk\u00e4rmar: Revolutionerande interaktion mellan m\u00e4nniska och maskin med intuitiv touch-teknik<\/h2>\n<p data-sourcepos=\"3:1-3:88\">Kapacitiva peksk\u00e4rmar, \u00e4ven k\u00e4nda som kapacitiva pekpaneler eller interaktiva sk\u00e4rmar, har revolutionerat v\u00e5rt s\u00e4tt att interagera med teknik. Dessa innovativa peksk\u00e4rmar anv\u00e4nder ett rutn\u00e4t av elektroder som \u00e4r inb\u00e4ddade under sk\u00e4rmytan f\u00f6r att uppt\u00e4cka f\u00f6r\u00e4ndringar i det elektriska f\u00e4ltet som orsakas av ett m\u00e4nskligt finger eller annat ledande f\u00f6rem\u00e5l. Den h\u00e4r tekniken g\u00f6r det m\u00f6jligt f\u00f6r anv\u00e4ndare att styra och interagera med digitalt inneh\u00e5ll genom intuitiva pekr\u00f6relser, t.ex. tryckningar, svepningar, nypningar och zoomningar.<\/p>\n<p data-sourcepos=\"5:1-5:45\"><strong>Viktiga egenskaper:<\/strong><\/p>\n<ul data-sourcepos=\"7:1-7:125\">\n<li data-sourcepos=\"7:1-7:125\">\n<p class=\"\" data-sourcepos=\"7:3-7:241\"><strong class=\"\">Exakt och responsiv touch-igenk\u00e4nning:<\/strong> Kapacitiva peksk\u00e4rmar anv\u00e4nder sofistikerad teknik f\u00f6r pekdetektering f\u00f6r att exakt f\u00e5nga upp och svara p\u00e5 ett brett spektrum av pekgester, vilket ger en naturlig och intuitiv anv\u00e4ndarupplevelse.<\/p>\n<\/li>\n<li data-sourcepos=\"9:1-10:0\">\n<p data-sourcepos=\"9:3-9:210\"><strong>Multi-Touch-kapacitet:<\/strong> M\u00e5nga kapacitiva peksk\u00e4rmar har st\u00f6d f\u00f6r multi-touch-funktionalitet, vilket g\u00f6r det m\u00f6jligt f\u00f6r anv\u00e4ndare att interagera med flera punkter p\u00e5 sk\u00e4rmen samtidigt, vilket f\u00f6rb\u00e4ttrar den interaktiva upplevelsen.<\/p>\n<\/li>\n<li data-sourcepos=\"11:1-12:0\">\n<p data-sourcepos=\"11:3-11:206\"><strong>Slitstarka och rept\u00e5liga ytor:<\/strong> Kapacitiva peksk\u00e4rmar \u00e4r vanligtvis tillverkade av h\u00e5llbara material som h\u00e4rdat glas eller plast, vilket s\u00e4kerst\u00e4ller att de t\u00e5l regelbunden anv\u00e4ndning och motst\u00e5r repor.<\/p>\n<\/li>\n<li data-sourcepos=\"13:1-13:35\">\n<p data-sourcepos=\"13:3-13:35\"><strong>M\u00e5ngsidiga anv\u00e4ndningsomr\u00e5den:<\/strong> Kapacitiva peksk\u00e4rmar anv\u00e4nds i ett stort antal applikationer, bland annat smartphones, surfplattor, b\u00e4rbara datorer, kiosker och industriella styrsystem.<\/p>\n<\/li>\n<\/ul>\n<p data-sourcepos=\"15:1-15:32\"><strong>Kapacitiv touch-teknik:<\/strong><\/p>\n<p data-sourcepos=\"17:1-17:327\">I hj\u00e4rtat av kapacitiva peksk\u00e4rmar ligger principen om kapacitiv avk\u00e4nning. N\u00e4r ett ledande f\u00f6rem\u00e5l, t.ex. ett finger, r\u00f6r vid sk\u00e4rmen st\u00f6rs det elektriska f\u00e4lt som genereras av elektroderna. Denna st\u00f6rning m\u00e4ts av touchsensorkretsen, vilket g\u00f6r att systemet kan avg\u00f6ra var ber\u00f6ringen skedde.<\/p>\n<p data-sourcepos=\"19:1-19:45\"><strong>Applikationer:<\/strong><\/p>\n<ul data-sourcepos=\"21:1-28:0\">\n<li data-sourcepos=\"21:1-22:0\">\n<p data-sourcepos=\"21:3-21:168\"><strong>Konsumentelektronik:<\/strong> Kapacitiva peksk\u00e4rmar finns \u00f6verallt i konsumentelektronik och ger intuitiv kontroll \u00f6ver smartphones, surfplattor och b\u00e4rbara datorer.<\/p>\n<\/li>\n<li data-sourcepos=\"23:1-24:0\">\n<p data-sourcepos=\"23:3-23:152\"><strong>Kommersiella displayer:<\/strong> Peksk\u00e4rmar anv\u00e4nds i allt st\u00f6rre utstr\u00e4ckning i kommersiella milj\u00f6er som kiosker, interaktiva skyltar och utbildningssk\u00e4rmar.<\/p>\n<\/li>\n<li data-sourcepos=\"25:1-26:0\">\n<p data-sourcepos=\"25:3-25:158\"><strong>Industriell automation:<\/strong> Touchpaneler anv\u00e4nds i industriella automationssystem f\u00f6r att styra maskiner, \u00f6vervaka processer och visualisera data.<\/p>\n<\/li>\n<li data-sourcepos=\"27:1-28:0\">\n<p data-sourcepos=\"27:3-27:178\"><strong>Hemautomation:<\/strong> Kapacitiva peksk\u00e4rmar \u00e4r integrerade i smarta hemsystem och g\u00f6r det m\u00f6jligt f\u00f6r anv\u00e4ndare att styra belysning, apparater och s\u00e4kerhetsfunktioner med en enkel ber\u00f6ring.<\/p>\n<\/li>\n<\/ul>","protected":false},"excerpt":{"rendered":"<p>Kapacitiva peksk\u00e4rmar har f\u00f6r\u00e4ndrat interaktionen mellan m\u00e4nniska och maskin genom att erbjuda ett mer naturligt och intuitivt s\u00e4tt att styra och interagera med digitala enheter. Deras m\u00e5ngsidighet, precision och h\u00e5llbarhet g\u00f6r dem till oumb\u00e4rliga komponenter i ett brett spektrum av applikationer, fr\u00e5n konsumentelektronik till industriell automation.<\/p>","protected":false},"featured_media":1573,"template":"","meta":[],"product_cat":[41],"product_tag":[],"_links":{"self":[{"href":"https:\/\/touchscreenmfg.com\/sv\/wp-json\/wp\/v2\/product\/1612"}],"collection":[{"href":"https:\/\/touchscreenmfg.com\/sv\/wp-json\/wp\/v2\/product"}],"about":[{"href":"https:\/\/touchscreenmfg.com\/sv\/wp-json\/wp\/v2\/types\/product"}],"wp:featuredmedia":[{"embeddable":true,"href":"https:\/\/touchscreenmfg.com\/sv\/wp-json\/wp\/v2\/media\/1573"}],"wp:attachment":[{"href":"https:\/\/touchscreenmfg.com\/sv\/wp-json\/wp\/v2\/media?parent=1612"}],"wp:term":[{"taxonomy":"product_cat","embeddable":true,"href":"https:\/\/touchscreenmfg.com\/sv\/wp-json\/wp\/v2\/product_cat?post=1612"},{"taxonomy":"product_tag","embeddable":true,"href":"https:\/\/touchscreenmfg.com\/sv\/wp-json\/wp\/v2\/product_tag?post=1612"}],"curies":[{"name":"wp","href":"https:\/\/api.w.org\/{rel}","templated":true}]}}