{"id":1611,"date":"2024-06-29T01:06:10","date_gmt":"2024-06-29T01:06:10","guid":{"rendered":"https:\/\/touchscreenmfg.com\/manufacturer\/oled-touch-screen\/"},"modified":"2024-06-29T03:46:04","modified_gmt":"2024-06-29T03:46:04","slug":"oled-touch-screen","status":"publish","type":"product","link":"https:\/\/touchscreenmfg.com\/sv\/oled-touch-screen\/","title":{"rendered":"OLED-peksk\u00e4rm"},"content":{"rendered":"<h2 class=\"\" data-sourcepos=\"3:1-3:103\">OLED-peksk\u00e4rmar: F\u00f6rb\u00e4ttrad anv\u00e4ndarupplevelse med vibrerande sk\u00e4rmar och responsiv touchinteraktion<\/h2>\n<p data-sourcepos=\"5:1-5:118\">OLED-peksk\u00e4rmar, \u00e4ven k\u00e4nda som OLED-peksk\u00e4rmar, kombinerar den \u00f6verl\u00e4gsna bildkvaliteten hos OLED-tekniken (Organic Light-Emitting Diode) med de interaktiva funktionerna hos en peksk\u00e4rmspanel. Den h\u00e4r innovativa tekniken ger en f\u00e4ngslande anv\u00e4ndarupplevelse, d\u00e4r fantastiska bilder blandas med intuitiv pekstyrning.<\/p>\n<p data-sourcepos=\"7:1-7:39\"><strong>Viktiga egenskaper:<\/strong><\/p>\n<ul data-sourcepos=\"9:1-9:134\">\n<li data-sourcepos=\"9:1-9:134\">\n<p class=\"\" data-sourcepos=\"9:3-9:190\"><strong class=\"\">Exceptionell bildkvalitet:<\/strong> OLED-peksk\u00e4rmar ger enast\u00e5ende bildkvalitet med levande f\u00e4rger, h\u00f6ga kontrastf\u00f6rh\u00e5llanden och \u00e4kta sv\u00e4rta, vilket ger en visuellt uppslukande upplevelse.<\/p>\n<\/li>\n<li data-sourcepos=\"11:1-12:0\">\n<p data-sourcepos=\"11:3-11:178\"><strong>Responsiv pekinteraktion:<\/strong> Peksk\u00e4rmspanelens \u00f6verl\u00e4gg g\u00f6r det m\u00f6jligt f\u00f6r anv\u00e4ndare att interagera med sk\u00e4rmen genom intuitiva pekgester, t.ex. tryckningar, svepningar och nypningar.<\/p>\n<\/li>\n<li data-sourcepos=\"13:1-14:0\">\n<p data-sourcepos=\"13:3-13:165\"><strong>Energieffektivitet:<\/strong> OLED-sk\u00e4rmar \u00e4r vanligtvis mer energieffektiva j\u00e4mf\u00f6rt med LCD-peksk\u00e4rmar och f\u00f6rbrukar mindre str\u00f6m utan att kompromissa med prestandan.<\/p>\n<\/li>\n<li data-sourcepos=\"15:1-16:0\">\n<p data-sourcepos=\"15:3-15:130\"><strong>Flexibel design:<\/strong> OLED-sk\u00e4rmar ger st\u00f6rre flexibilitet n\u00e4r det g\u00e4ller design, vilket m\u00f6jligg\u00f6r tunnare, l\u00e4ttare och b\u00f6jda peksk\u00e4rmar.<\/p>\n<\/li>\n<\/ul>\n<p data-sourcepos=\"17:1-17:39\"><strong>Applikationer:<\/strong><\/p>\n<ul data-sourcepos=\"19:1-19:151\">\n<li data-sourcepos=\"19:1-19:151\">\n<p data-sourcepos=\"19:3-19:178\"><strong>Smartphones och surfplattor:<\/strong> OLED-sk\u00e4rmar anv\u00e4nds i allt st\u00f6rre utstr\u00e4ckning i smartphones och surfplattor i premiumsegmentet, vilket ger en \u00f6verl\u00e4gsen tittarupplevelse och f\u00f6rb\u00e4ttrad anv\u00e4ndarinteraktion.<\/p>\n<\/li>\n<li data-sourcepos=\"21:1-22:0\">\n<p data-sourcepos=\"21:3-21:181\"><strong>Smarta klockor och b\u00e4rbara produkter:<\/strong> OLED-sk\u00e4rmar blir allt vanligare i smarta klockor och b\u00e4rbara enheter p\u00e5 grund av deras kompakta storlek, l\u00e5ga energif\u00f6rbrukning och h\u00f6ga bildkvalitet.<\/p>\n<\/li>\n<li data-sourcepos=\"23:1-24:0\">\n<p data-sourcepos=\"23:3-23:147\"><strong>TV-apparater och monitorer:<\/strong> OLED-TV-apparater och -monitorer blir allt popul\u00e4rare och erbjuder enast\u00e5ende bildkvalitet och uppslukande tittarupplevelser.<\/p>\n<\/li>\n<li data-sourcepos=\"25:1-26:0\">\n<p data-sourcepos=\"25:3-25:153\"><strong>Bildsk\u00e4rmar f\u00f6r fordon:<\/strong> OLED-peksk\u00e4rmar integreras i instrumentbr\u00e4dor och infotainmentsystem i bilar, vilket f\u00f6rb\u00e4ttrar k\u00f6rupplevelsen.<\/p>\n<\/li>\n<\/ul>","protected":false},"excerpt":{"rendered":"<p>OLED-peksk\u00e4rmar har revolutionerat v\u00e5rt s\u00e4tt att interagera med digitala enheter genom att erbjuda en kombination av fantastiska bilder, responsiv pekstyrning och energieffektivitet. Deras m\u00e5ngsidighet och \u00f6verl\u00e4gsna bildkvalitet g\u00f6r dem till ett f\u00f6rstahandsval f\u00f6r ett brett spektrum av applikationer, fr\u00e5n smartphones och surfplattor till TV-apparater och fordonsdisplayer.<\/p>","protected":false},"featured_media":1572,"template":"","meta":[],"product_cat":[41],"product_tag":[],"_links":{"self":[{"href":"https:\/\/touchscreenmfg.com\/sv\/wp-json\/wp\/v2\/product\/1611"}],"collection":[{"href":"https:\/\/touchscreenmfg.com\/sv\/wp-json\/wp\/v2\/product"}],"about":[{"href":"https:\/\/touchscreenmfg.com\/sv\/wp-json\/wp\/v2\/types\/product"}],"wp:featuredmedia":[{"embeddable":true,"href":"https:\/\/touchscreenmfg.com\/sv\/wp-json\/wp\/v2\/media\/1572"}],"wp:attachment":[{"href":"https:\/\/touchscreenmfg.com\/sv\/wp-json\/wp\/v2\/media?parent=1611"}],"wp:term":[{"taxonomy":"product_cat","embeddable":true,"href":"https:\/\/touchscreenmfg.com\/sv\/wp-json\/wp\/v2\/product_cat?post=1611"},{"taxonomy":"product_tag","embeddable":true,"href":"https:\/\/touchscreenmfg.com\/sv\/wp-json\/wp\/v2\/product_tag?post=1611"}],"curies":[{"name":"wp","href":"https:\/\/api.w.org\/{rel}","templated":true}]}}