{"id":2179,"date":"2024-09-20T08:13:40","date_gmt":"2024-09-20T08:13:40","guid":{"rendered":"https:\/\/touchscreenmfg.com\/?post_type=product&#038;p=2179"},"modified":"2024-09-20T08:13:56","modified_gmt":"2024-09-20T08:13:56","slug":"pc-touch-screen","status":"publish","type":"product","link":"https:\/\/touchscreenmfg.com\/sl\/pc-touch-screen\/","title":{"rendered":"Ra\u010dunalni\u0161ki zaslon na dotik"},"content":{"rendered":"<h2>Ra\u010dunalni\u0161ki zasloni na dotik: Trajna in vsestranska izbira<\/h2>\n<h3 data-sourcepos=\"5:1-5:39\">Glavne prednosti:<\/h3>\n<ul>\n<li><span class=\"citation-0 recitation\">Visoka odpornost na udarce:<\/span><span class=\"citation-0 recitation citation-end-0\"> PC je zelo odporen na udarce, zato je primeren za naprave, ki lahko do\u017eivijo fizi\u010dne udarce ali padce.<\/span><\/li>\n<li>Temperaturna odpornost: Zato je primeren za uporabo na prostem ali v industriji.<\/li>\n<li><span class=\"citation-1 recitation\">Kemijska odpornost:<\/span><span class=\"citation-1 recitation citation-end-1\"> PC je odporen na \u0161tevilne kemikalije in topila, zato je vzdr\u017eljiv v zahtevnih okoljih.<\/span><\/li>\n<li><span class=\"citation-2 recitation\">Opti\u010dna jasnost:<\/span><span class=\"citation-2 recitation citation-end-2\"> Ra\u010dunalnik zagotavlja dobro opti\u010dno jasnost, kar zagotavlja jasno in odzivno izku\u0161njo dotika.<\/span><\/li>\n<\/ul>\n<h3 data-sourcepos=\"12:1-12:37\">Uporaba:<\/h3>\n<ul>\n<li><span class=\"citation-3 recitation\">Industrijska avtomatizacija:<\/span><span class=\"citation-3 recitation citation-end-3\"> Ra\u010dunalni\u0161ki zasloni na dotik se zaradi svoje vzdr\u017eljivosti in odpornosti na te\u017eke razmere pogosto uporabljajo v industrijskih nadzornih plo\u0161\u010dah in strojih.<\/span><\/li>\n<li>Kioski na prostem: Zasloni na dotik so primerni za kioske in informacijske terminale na prostem, saj so odporni na vremenske vplive.<\/li>\n<li>Avtomobilska industrija: Pri tem sta bistvenega pomena vzdr\u017eljivost in temperaturna odpornost.<\/li>\n<li><span class=\"citation-4 recitation\">Medicinski pripomo\u010dki:<\/span><span class=\"citation-4 recitation citation-end-4\"> Ra\u010dunalni\u0161ki zasloni na dotik se uporabljajo v medicinski opremi, kot so diagnosti\u010dne naprave in sistemi za spremljanje bolnikov.<\/span><\/li>\n<\/ul>\n<h3 data-sourcepos=\"19:1-19:44\">Primerjava zaslonov na dotik iz PMMA in osebnih ra\u010dunalnikov:<\/h3>\n<div class=\"horizontal-scroll-wrapper\">\n<div class=\"table-block-component\">\n<div class=\"table-block\">\n<div class=\"table-content not-end-of-paragraph\">\n<table style=\"height: 170px;\" width=\"612\" data-sourcepos=\"21:1-27:25\">\n<tbody>\n<tr data-sourcepos=\"21:1-21:23\">\n<th data-sourcepos=\"21:1-21:9\">Funkcija<\/th>\n<th data-sourcepos=\"21:11-21:16\">PMMA<\/th>\n<th data-sourcepos=\"21:18-21:21\">RA\u010cUNALNIK<\/th>\n<\/tr>\n<tr data-sourcepos=\"23:1-23:40\">\n<td data-sourcepos=\"23:1-23:19\">Odpornost na udarce<\/td>\n<td data-sourcepos=\"23:21-23:26\">Dobro<\/td>\n<td data-sourcepos=\"23:28-23:38\">Odli\u010dno<\/td>\n<\/tr>\n<tr data-sourcepos=\"24:1-24:45\">\n<td data-sourcepos=\"24:1-24:24\">Temperaturna odpornost<\/td>\n<td data-sourcepos=\"24:26-24:31\">Dobro<\/td>\n<td data-sourcepos=\"24:33-24:43\">Odli\u010dno<\/td>\n<\/tr>\n<tr data-sourcepos=\"25:1-25:42\">\n<td data-sourcepos=\"25:1-25:21\">Kemijska odpornost<\/td>\n<td data-sourcepos=\"25:23-25:28\">Dobro<\/td>\n<td data-sourcepos=\"25:30-25:40\">Odli\u010dno<\/td>\n<\/tr>\n<tr data-sourcepos=\"26:1-26:38\">\n<td data-sourcepos=\"26:1-26:17\">Opti\u010dna jasnost<\/td>\n<td data-sourcepos=\"26:19-26:29\">Odli\u010dno<\/td>\n<td data-sourcepos=\"26:31-26:36\">Dobro<\/td>\n<\/tr>\n<tr data-sourcepos=\"27:1-27:25\">\n<td data-sourcepos=\"27:1-27:6\">Stro\u0161ki<\/td>\n<td data-sourcepos=\"27:8-27:14\">Spodnja stran<\/td>\n<td data-sourcepos=\"27:16-27:23\">Vi\u0161ji<\/td>\n<\/tr>\n<\/tbody>\n<\/table>\n<\/div>\n<\/div>\n<\/div>\n<\/div>","protected":false},"excerpt":{"rendered":"<p>Zasloni na dotik iz PC (polikarbonata) so \u0161e ena priljubljena mo\u017enost za elektronske naprave, saj zagotavljajo odli\u010dno vzdr\u017eljivost in odpornost proti udarcem. Pogosto se uporabljajo v aplikacijah, kjer sta trajnost in robustnost bistvenega pomena.<\/p>\n<p>Tako zasloni na dotik iz PMMA kot tudi zasloni na dotik iz osebnih ra\u010dunalnikov zagotavljajo odli\u010dno zmogljivost in vzdr\u017eljivost. Izbira med obema materialoma je odvisna od posebnih zahtev aplikacije. PMMA je na splo\u0161no cenovno ugodnej\u0161i in ponuja odli\u010dno opti\u010dno jasnost, medtem ko je PC znan po izjemni odpornosti na udarce in temperaturo.<\/p>","protected":false},"featured_media":2180,"template":"","meta":[],"product_cat":[43],"product_tag":[],"_links":{"self":[{"href":"https:\/\/touchscreenmfg.com\/sl\/wp-json\/wp\/v2\/product\/2179"}],"collection":[{"href":"https:\/\/touchscreenmfg.com\/sl\/wp-json\/wp\/v2\/product"}],"about":[{"href":"https:\/\/touchscreenmfg.com\/sl\/wp-json\/wp\/v2\/types\/product"}],"wp:featuredmedia":[{"embeddable":true,"href":"https:\/\/touchscreenmfg.com\/sl\/wp-json\/wp\/v2\/media\/2180"}],"wp:attachment":[{"href":"https:\/\/touchscreenmfg.com\/sl\/wp-json\/wp\/v2\/media?parent=2179"}],"wp:term":[{"taxonomy":"product_cat","embeddable":true,"href":"https:\/\/touchscreenmfg.com\/sl\/wp-json\/wp\/v2\/product_cat?post=2179"},{"taxonomy":"product_tag","embeddable":true,"href":"https:\/\/touchscreenmfg.com\/sl\/wp-json\/wp\/v2\/product_tag?post=2179"}],"curies":[{"name":"wp","href":"https:\/\/api.w.org\/{rel}","templated":true}]}}