{"id":2177,"date":"2024-09-20T08:00:55","date_gmt":"2024-09-20T08:00:55","guid":{"rendered":"https:\/\/touchscreenmfg.com\/?post_type=product&#038;p=2177"},"modified":"2025-03-15T09:13:16","modified_gmt":"2025-03-15T09:13:16","slug":"pmma-touch-screen","status":"publish","type":"product","link":"https:\/\/touchscreenmfg.com\/sl\/pmma-touch-screen\/","title":{"rendered":"Zaslon na dotik PMMA"},"content":{"rendered":"<h2>Zasloni na dotik PMMA: Jasna in odzivna izbira<\/h2>\n<h3 data-sourcepos=\"5:1-5:38\">Glavne prednosti:<\/h3>\n<ul data-sourcepos=\"7:1-8:61\">\n<li data-sourcepos=\"7:1-7:108\">Visoka preglednost: <a href=\"https:\/\/nylon-granules.com\/acrylic-sheet\/\" target=\"_blank\" rel=\"noopener\">PMMA<\/a> zagotavlja odli\u010dno jasnost in vidljivost ter jasen in jasen zaslon.<\/li>\n<li data-sourcepos=\"8:1-8:61\">Lahka te\u017ea: PMMA je razmeroma lahek material, zato je primeren za prenosne naprave.<\/li>\n<li data-sourcepos=\"9:1-9:97\">Odpornost na praske: PMMA zagotavlja dobro odpornost proti praskam in \u0161\u010diti zaslon pred po\u0161kodbami.<\/li>\n<li data-sourcepos=\"10:1-10:29\">Kemijska odpornost: PMMA je odporen na razli\u010dne kemikalije, zato je primeren za uporabo v zahtevnih okoljih.<\/li>\n<li data-sourcepos=\"11:1-12:0\">Stro\u0161kovna u\u010dinkovitost: PMMA je v primerjavi z drugimi materiali, kot je steklo, na splo\u0161no stro\u0161kovno u\u010dinkovitej\u0161i.<\/li>\n<\/ul>\n<h3 data-sourcepos=\"13:1-13:39\">Uporaba:<\/h3>\n<ul data-sourcepos=\"15:1-17:89\">\n<li data-sourcepos=\"15:1-15:170\">Pametni telefoni in tabli\u010dni ra\u010dunalniki: PMMA se pogosto uporablja v zaslonih na dotik pametnih telefonov in tabli\u010dnih ra\u010dunalnikov zaradi svoje kombinacije jasnosti, trajnosti in cenovne u\u010dinkovitosti.<\/li>\n<li data-sourcepos=\"16:1-16:150\">Sistemi za prodajo na prodajnih mestih (POS): PMMA zasloni na dotik se pogosto uporabljajo v maloprodaji in gostinstvu za interakcijo s strankami in transakcije.<\/li>\n<li data-sourcepos=\"17:1-17:89\">Industrijska avtomatizacija: PMMA zasloni na dotik se uporabljajo v industrijskih nadzornih plo\u0161\u010dah in strojih za vnos podatkov s strani upravljavca.<\/li>\n<li data-sourcepos=\"18:1-19:0\">Medicinski pripomo\u010dki: Zasloni na dotik iz PMMA se uporabljajo v medicinski opremi, kot so diagnosti\u010dne naprave in sistemi za spremljanje bolnikov.<\/li>\n<\/ul>\n<h3 data-sourcepos=\"20:1-20:68\">\u010ceprav ima PMMA veliko prednosti, ima tudi nekatere omejitve:<\/h3>\n<ul data-sourcepos=\"22:1-24:0\">\n<li data-sourcepos=\"22:1-22:86\">Trdota: PMMA ni tako trd kot steklo, zato je bolj dovzeten za praske.<\/li>\n<li data-sourcepos=\"23:1-24:0\">Temperaturna ob\u010dutljivost: Na PMMA lahko vplivajo ekstremne temperature, kar lahko vpliva na njegovo delovanje.<\/li>\n<\/ul>","protected":false},"excerpt":{"rendered":"<p data-sourcepos=\"3:1-3:93\">PMMA ali polimetilmetakrilat je zaradi svojih odli\u010dnih opti\u010dnih lastnosti in trajnosti priljubljen material za zaslone na dotik. Zasloni na dotik iz PMMA so jasna, odzivna in stro\u0161kovno u\u010dinkovita re\u0161itev za razli\u010dne elektronske naprave.<\/p>\n<p data-sourcepos=\"3:1-3:93\">Na splo\u0161no so zasloni na dotik iz PMMA zanesljiva in stro\u0161kovno u\u010dinkovita re\u0161itev za \u0161tevilne aplikacije. Zaradi kombinacije jasnosti, trajnosti in cenovne dostopnosti so priljubljena izbira v elektronski industriji.<\/p>","protected":false},"featured_media":2178,"template":"","meta":[],"product_cat":[43],"product_tag":[],"_links":{"self":[{"href":"https:\/\/touchscreenmfg.com\/sl\/wp-json\/wp\/v2\/product\/2177"}],"collection":[{"href":"https:\/\/touchscreenmfg.com\/sl\/wp-json\/wp\/v2\/product"}],"about":[{"href":"https:\/\/touchscreenmfg.com\/sl\/wp-json\/wp\/v2\/types\/product"}],"wp:featuredmedia":[{"embeddable":true,"href":"https:\/\/touchscreenmfg.com\/sl\/wp-json\/wp\/v2\/media\/2178"}],"wp:attachment":[{"href":"https:\/\/touchscreenmfg.com\/sl\/wp-json\/wp\/v2\/media?parent=2177"}],"wp:term":[{"taxonomy":"product_cat","embeddable":true,"href":"https:\/\/touchscreenmfg.com\/sl\/wp-json\/wp\/v2\/product_cat?post=2177"},{"taxonomy":"product_tag","embeddable":true,"href":"https:\/\/touchscreenmfg.com\/sl\/wp-json\/wp\/v2\/product_tag?post=2177"}],"curies":[{"name":"wp","href":"https:\/\/api.w.org\/{rel}","templated":true}]}}