{"id":1877,"date":"2024-08-07T02:50:04","date_gmt":"2024-08-07T02:50:04","guid":{"rendered":"https:\/\/touchscreenmfg.com\/?post_type=product&#038;p=1877"},"modified":"2024-08-07T03:01:34","modified_gmt":"2024-08-07T03:01:34","slug":"controller-touch-switch","status":"publish","type":"product","link":"https:\/\/touchscreenmfg.com\/sl\/controller-touch-switch\/","title":{"rendered":"Krmilnik Stikalo na dotik"},"content":{"rendered":"<h3 class=\"\" data-sourcepos=\"11:1-11:45\">Aplikacije<\/h3>\n<p data-sourcepos=\"13:1-13:71\">Kontrolna stikala na dotik se uporabljajo v \u0161tevilnih panogah:<\/p>\n<ul data-sourcepos=\"15:1-20:0\">\n<li data-sourcepos=\"15:1-15:84\"><strong>Potro\u0161ni\u0161ka elektronika:<\/strong> Pametni telefoni, tabli\u010dni ra\u010dunalniki, pametne ure in igralne konzole.<\/li>\n<li data-sourcepos=\"16:1-16:88\"><strong>Avtomobilska industrija:<\/strong> Sistemi za informacije in razvedrilo, klimatske plo\u0161\u010de in instrumentne plo\u0161\u010de.<\/li>\n<li data-sourcepos=\"17:1-17:85\"><strong>Industrijska avtomatizacija:<\/strong> Nadzorne plo\u0161\u010de strojev, vmesniki \u010dlovek-stroj (HMI).<\/li>\n<li data-sourcepos=\"18:1-18:72\"><strong>Doma\u010di aparati:<\/strong> Pametne pe\u010dice, hladilniki in pralni stroji.<\/li>\n<li data-sourcepos=\"19:1-20:0\"><strong>Medicinska oprema:<\/strong> Diagnosti\u010dni aparati, sistemi za spremljanje bolnikov.<\/li>\n<\/ul>\n<h3 class=\"\" data-sourcepos=\"21:1-21:41\">Prednosti<\/h3>\n<ul data-sourcepos=\"23:1-28:0\">\n<li data-sourcepos=\"23:1-23:81\"><strong>Intuitivni uporabni\u0161ki vmesnik:<\/strong> Zagotavlja naravno in uporabniku prijazno interakcijo.<\/li>\n<li data-sourcepos=\"24:1-24:71\"><strong>Elegantno oblikovanje:<\/strong> Prispeva k sodobnemu in estetskemu oblikovanju izdelkov.<\/li>\n<li data-sourcepos=\"25:1-25:65\"><strong>Trajnost:<\/strong> Odporen je na obrabo, kar zagotavlja dolgo \u017eivljenjsko dobo.<\/li>\n<li data-sourcepos=\"26:1-26:83\"><strong>Prilagajanje:<\/strong> Prilagodite ga lahko posebnim aplikacijam in \u017eeljam uporabnikov.<\/li>\n<li data-sourcepos=\"27:1-28:0\"><strong>Higiena:<\/strong> V primerjavi s fizi\u010dnimi gumbi jih je la\u017eje \u010distiti.<\/li>\n<\/ul>","protected":false},"excerpt":{"rendered":"<p>Krmilno stikalo na dotik je uporabni\u0161ki vmesnik, ki se odziva na vnos na dotik in omogo\u010da nadzor nad razli\u010dnimi napravami in sistemi. Ta tehnologija je revolucionarno spremenila na\u010din interakcije z elektroniko, saj ponuja brezhibno in intuitivno izku\u0161njo.<\/p>","protected":false},"featured_media":1878,"template":"","meta":[],"product_cat":[42],"product_tag":[],"_links":{"self":[{"href":"https:\/\/touchscreenmfg.com\/sl\/wp-json\/wp\/v2\/product\/1877"}],"collection":[{"href":"https:\/\/touchscreenmfg.com\/sl\/wp-json\/wp\/v2\/product"}],"about":[{"href":"https:\/\/touchscreenmfg.com\/sl\/wp-json\/wp\/v2\/types\/product"}],"wp:featuredmedia":[{"embeddable":true,"href":"https:\/\/touchscreenmfg.com\/sl\/wp-json\/wp\/v2\/media\/1878"}],"wp:attachment":[{"href":"https:\/\/touchscreenmfg.com\/sl\/wp-json\/wp\/v2\/media?parent=1877"}],"wp:term":[{"taxonomy":"product_cat","embeddable":true,"href":"https:\/\/touchscreenmfg.com\/sl\/wp-json\/wp\/v2\/product_cat?post=1877"},{"taxonomy":"product_tag","embeddable":true,"href":"https:\/\/touchscreenmfg.com\/sl\/wp-json\/wp\/v2\/product_tag?post=1877"}],"curies":[{"name":"wp","href":"https:\/\/api.w.org\/{rel}","templated":true}]}}