{"id":1871,"date":"2024-08-07T02:46:18","date_gmt":"2024-08-07T02:46:18","guid":{"rendered":"https:\/\/touchscreenmfg.com\/?post_type=product&#038;p=1871"},"modified":"2024-08-07T02:58:47","modified_gmt":"2024-08-07T02:58:47","slug":"car-light-touch-switch","status":"publish","type":"product","link":"https:\/\/touchscreenmfg.com\/sl\/car-light-touch-switch\/","title":{"rendered":"Avtomobilsko stikalo na dotik"},"content":{"rendered":"<h3><strong><b>Prednosti avtomobilskih stikal na dotik<\/b><\/strong><\/h3>\n<ul>\n<li><strong>Izbolj\u0161ana estetika:<\/strong>\u00a0Elegantna in minimalisti\u010dna zasnova prispeva k sodobni notranjosti avtomobila.<\/li>\n<li><strong>Izbolj\u0161ana uporabnost:<\/strong>\u00a0Intuitivni vmesnik na dotik zmanj\u0161uje odvra\u010danje voznikove pozornosti.<\/li>\n<li><strong>Trajnost:<\/strong>\u00a0Odporen je na obrabo, kar zagotavlja dolgotrajno delovanje.<\/li>\n<li><strong>Prilagajanje:<\/strong>\u00a0Programirate lahko razli\u010dne funkcije in na\u010dine osvetlitve.<\/li>\n<li><strong>Higiena:<\/strong>\u00a0V primerjavi s fizi\u010dnimi gumbi jih je la\u017eje \u010distiti.<\/li>\n<\/ul>\n<h3><strong><b>Vrste avtomobilskih stikal na dotik<\/b><\/strong><\/h3>\n<ul>\n<li><strong>Kapacitivna stikala na dotik:<\/strong>\u00a0Odzivajte se na spremembe kapacitivnosti, ki jih povzro\u010da \u010dlove\u0161ko telo.<\/li>\n<li><strong>Uporna stikala na dotik:<\/strong>\u00a0Zaznavanje sprememb elektri\u010dne upornosti ob pritisku.<\/li>\n<li><strong>Projekcijska kapacitivna stikala na dotik:<\/strong>\u00a0Zagotavlja ve\u010djo ob\u010dutljivost in natan\u010dnost.<\/li>\n<\/ul>\n<h3><strong><b>Uporaba v vozilih<\/b><\/strong><\/h3>\n<p>Stikala za avtomobilske lu\u010di na dotik se obi\u010dajno uporabljajo za:<\/p>\n<ul>\n<li><strong>Upravljanje \u017earometov:<\/strong>\u00a0Prilagajanje svetlosti, vzorcev \u017earka in funkcij samodejnega vklopa\/izklopa.<\/li>\n<li><strong>Notranja osvetlitev:<\/strong>\u00a0Upravljanje ambientalne razsvetljave, bralnih lu\u010di in razpolo\u017eenjske razsvetljave.<\/li>\n<li><strong>Upravljanje armaturne plo\u0161\u010de:<\/strong>\u00a0upravljanje klimatske naprave, avdio sistemov in drugih funkcij vozila.<\/li>\n<\/ul>","protected":false},"excerpt":{"rendered":"<h3 data-sourcepos=\"5:1-5:37\">Kako delujejo stikala na dotik za avtomobilske lu\u010di<\/h3>\n<p data-sourcepos=\"7:1-7:243\"><span class=\"citation-1 recitation citation-end-1\">Avtomobilska stikala na dotik obi\u010dajno uporabljajo kapacitivno ali uporovno tehnologijo za zaznavanje dotika prsta.<\/span> Ko se prst dotakne povr\u0161ine stikala, se spremeni kapacitivnost ali upornost, kar spro\u017ei \u017eeleno funkcijo.<\/p>","protected":false},"featured_media":1872,"template":"","meta":[],"product_cat":[42],"product_tag":[],"_links":{"self":[{"href":"https:\/\/touchscreenmfg.com\/sl\/wp-json\/wp\/v2\/product\/1871"}],"collection":[{"href":"https:\/\/touchscreenmfg.com\/sl\/wp-json\/wp\/v2\/product"}],"about":[{"href":"https:\/\/touchscreenmfg.com\/sl\/wp-json\/wp\/v2\/types\/product"}],"wp:featuredmedia":[{"embeddable":true,"href":"https:\/\/touchscreenmfg.com\/sl\/wp-json\/wp\/v2\/media\/1872"}],"wp:attachment":[{"href":"https:\/\/touchscreenmfg.com\/sl\/wp-json\/wp\/v2\/media?parent=1871"}],"wp:term":[{"taxonomy":"product_cat","embeddable":true,"href":"https:\/\/touchscreenmfg.com\/sl\/wp-json\/wp\/v2\/product_cat?post=1871"},{"taxonomy":"product_tag","embeddable":true,"href":"https:\/\/touchscreenmfg.com\/sl\/wp-json\/wp\/v2\/product_tag?post=1871"}],"curies":[{"name":"wp","href":"https:\/\/api.w.org\/{rel}","templated":true}]}}