{"id":1862,"date":"2024-08-07T02:42:39","date_gmt":"2024-08-07T02:42:39","guid":{"rendered":"https:\/\/touchscreenmfg.com\/?post_type=product&#038;p=1862"},"modified":"2024-08-07T02:54:53","modified_gmt":"2024-08-07T02:54:53","slug":"car-center-console-touch-film","status":"publish","type":"product","link":"https:\/\/touchscreenmfg.com\/sl\/car-center-console-touch-film\/","title":{"rendered":"Film za dotik na avtomobilski sredinski konzoli"},"content":{"rendered":"<h3><strong>Uporaba folije na dotik<\/strong><\/h3>\n<p id=\"tw-target-text\" class=\"tw-data-text tw-text-large tw-ta\" dir=\"ltr\" data-placeholder=\"Translation\" aria-label=\"Prevedeno besedilo\" data-ved=\"2ahUKEwie_Z3B7OGHAxW_bfUHHYxgEGkQ3ewLegQIERAU\"><span class=\"Y2IQFc\" lang=\"en\">S samokapacitivnostjo se ugotovi, ali se prst dotakne elektrode, tako da se zaznajo spremembe v elektrostati\u010dni kapacitivnosti. Kapacitivnost se pregleduje in zaznava v skladu z dolo\u010denim ciklom. Na podlagi spremembe izmerjene vrednosti je mogo\u010de oceniti, ali se prst dotakne elektrode. MCU izvaja cikle v skladu z dolo\u010denim ciklom. Kapacitivnost elektrode se skenira in zazna. Ko se prst oddalji od elektrode, vrednost kapacitivnosti ostane na stabilni vrednosti \u0161tetja. Ko se prst pribli\u017ea ali dotakne vrednosti kapacitivnosti, se vrednost kapacitivnosti pove\u010da in vrednost \u0161tetja se pove\u010da. Ko se prst oddalji od elektrode, se vrednost kapacitivnosti zmanj\u0161a za vrednost \u0161tetja. Vrednost \u0161tetja, ki se zmanj\u0161a in ostane na stabilni vrednosti, ko se prst oddalji od elektrode, se imenuje osnovna vrednost. Na to osnovno vrednost nalo\u017eimo mejno vrednost kot kriti\u010dno vrednost. Ko je vrednost \u0161tetja vi\u0161ja od te kriti\u010dne vrednosti, je presojevalno stikalo vklopljeno. Ko je vrednost \u0161tetja pod to kriti\u010dno vrednostjo, se stikalo oceni kot izklopljeno.<\/span><\/p>","protected":false},"excerpt":{"rendered":"<h3 id=\"tw-target-text\" class=\"tw-data-text tw-text-large tw-ta\" dir=\"ltr\" data-placeholder=\"Translation\" aria-label=\"Prevedeno besedilo\" data-ved=\"2ahUKEwie_Z3B7OGHAxW_bfUHHYxgEGkQ3ewLegQIERAU\"><strong><span class=\"Y2IQFc\" lang=\"en\">Na\u010delo izvajanja filma na dotik<\/span><\/strong><\/h3>\n<p>Hitrost gibanja naboja je konstantna, zato ve\u010dja kot je kapacitivnost, dalj\u0161i je \u010das polnjenja in praznjenja ter ve\u010dja je koli\u010dina toka. Zato lahko za oceno velikosti kondenzatorja uporabimo dol\u017eino \u010dasa polnjenja in praznjenja ter koli\u010dino polnilnega in praznilnega toka. ,Dokler obstaja stanje, ki ga lahko dose\u017eemo in zberemo stabilno spremembo stanja, lahko to spremembo uporabimo za izvedbo preklopnega signala.<\/p>","protected":false},"featured_media":1863,"template":"","meta":[],"product_cat":[42],"product_tag":[],"_links":{"self":[{"href":"https:\/\/touchscreenmfg.com\/sl\/wp-json\/wp\/v2\/product\/1862"}],"collection":[{"href":"https:\/\/touchscreenmfg.com\/sl\/wp-json\/wp\/v2\/product"}],"about":[{"href":"https:\/\/touchscreenmfg.com\/sl\/wp-json\/wp\/v2\/types\/product"}],"wp:featuredmedia":[{"embeddable":true,"href":"https:\/\/touchscreenmfg.com\/sl\/wp-json\/wp\/v2\/media\/1863"}],"wp:attachment":[{"href":"https:\/\/touchscreenmfg.com\/sl\/wp-json\/wp\/v2\/media?parent=1862"}],"wp:term":[{"taxonomy":"product_cat","embeddable":true,"href":"https:\/\/touchscreenmfg.com\/sl\/wp-json\/wp\/v2\/product_cat?post=1862"},{"taxonomy":"product_tag","embeddable":true,"href":"https:\/\/touchscreenmfg.com\/sl\/wp-json\/wp\/v2\/product_tag?post=1862"}],"curies":[{"name":"wp","href":"https:\/\/api.w.org\/{rel}","templated":true}]}}