{"id":1627,"date":"2024-06-29T01:18:12","date_gmt":"2024-06-29T01:18:12","guid":{"rendered":"https:\/\/touchscreenmfg.com\/?post_type=product&#038;p=1627"},"modified":"2024-06-29T01:50:18","modified_gmt":"2024-06-29T01:50:18","slug":"planar-resistive-touch-screen","status":"publish","type":"product","link":"https:\/\/touchscreenmfg.com\/sl\/planar-resistive-touch-screen\/","title":{"rendered":"Planarni uporovni zaslon na dotik"},"content":{"rendered":"<p data-sourcepos=\"3:1-3:111\">Planarni uporovni zasloni na dotik so preizku\u0161ena in stro\u0161kovno u\u010dinkovita re\u0161itev za aplikacije z mo\u017enostjo dotika. Ti trpe\u017eni zasloni na dotik uporabljajo plast, ob\u010dutljivo na pritisk, ki se odziva na fizi\u010dni stik, kar zagotavlja zanesljivo in intuitivno izku\u0161njo dotika.<\/p>\n<p data-sourcepos=\"5:1-5:51\"><strong>Klju\u010dne lastnosti:<\/strong><\/p>\n<ul data-sourcepos=\"7:1-9:11\">\n<li data-sourcepos=\"7:1-8:0\">\n<p data-sourcepos=\"7:3-7:185\"><strong>Natan\u010dno in odzivno prepoznavanje dotika:<\/strong> Planarni uporovni zasloni na dotik omogo\u010dajo natan\u010dno zaznavanje dotika, kar zagotavlja natan\u010dno in odzivno interakcijo z zasloni na dotik.<\/p>\n<\/li>\n<li data-sourcepos=\"9:1-9:11\">\n<p data-sourcepos=\"9:3-9:11\"><strong>Trajna konstrukcija:<\/strong> Odporni zasloni na dotik so zaradi svoje robustne zasnove odporni proti te\u017eki uporabi in zahtevnim okoljem, zato so idealni za komercialne in industrijske aplikacije.<\/p>\n<\/li>\n<li data-sourcepos=\"11:1-11:27\">\n<p data-sourcepos=\"11:3-11:27\"><strong>Stro\u0161kovno u\u010dinkovita re\u0161itev:<\/strong> V primerjavi s kapacitivnimi zasloni na dotik so zasloni na dotik, ki temeljijo na pritisku, cenovno ugodnej\u0161a mo\u017enost, zlasti pri ve\u010djih velikostih zaslona.<\/p>\n<\/li>\n<\/ul>\n<p data-sourcepos=\"13:1-13:51\"><strong>Uporaba:<\/strong><\/p>\n<ul data-sourcepos=\"15:1-18:0\">\n<li data-sourcepos=\"15:1-16:0\">\n<p data-sourcepos=\"15:3-15:180\"><strong>Sistemi za prodajo na prodajnih mestih (POS):<\/strong> Odporni zasloni na dotik se zaradi svoje zanesljivosti, cenovne dostopnosti in odpornosti na pogoste dotike pogosto uporabljajo v sistemih POS.<\/p>\n<\/li>\n<li data-sourcepos=\"17:1-18:0\">\n<p data-sourcepos=\"17:3-17:177\"><strong>Industrijski nadzorni paneli:<\/strong> V industrijskih okoljih so uporovni zasloni na dotik robustna in vzdr\u017eljiva re\u0161itev za nadzor strojev in spremljanje procesov.<\/p>\n<\/li>\n<li data-sourcepos=\"19:1-20:0\">\n<p data-sourcepos=\"19:3-19:161\"><strong>Kioski za obve\u0161\u010danje javnosti:<\/strong> Planarni uporovni zasloni na dotik omogo\u010dajo interaktivne javne informacijske kioske, ki omogo\u010dajo enostavno navigacijo in dostop do informacij.<\/p>\n<\/li>\n<li data-sourcepos=\"21:1-22:0\">\n<p data-sourcepos=\"21:3-21:176\"><strong>Izobra\u017eevalni panoji:<\/strong> V izobra\u017eevalnih okoljih zasloni na dotik, ki temeljijo na pritisku, omogo\u010dajo interaktivne u\u010dne izku\u0161nje in u\u010dence vklju\u010dujejo v dejavnosti, ki temeljijo na dotiku.<\/p>\n<\/li>\n<\/ul>","protected":false},"excerpt":{"rendered":"<p>Planarni uporovni zasloni na dotik so \u0161e vedno priljubljena izbira za \u0161tevilne aplikacije zaradi zanesljivega delovanja, cenovne dostopnosti in vzdr\u017eljivosti. Ponujajo preizku\u0161eno in stro\u0161kovno u\u010dinkovito re\u0161itev za zaslone na dotik, zato so dragocena pridobitev za razli\u010dne panoge in okolja.<\/p>","protected":false},"featured_media":1569,"template":"","meta":[],"product_cat":[41],"product_tag":[],"_links":{"self":[{"href":"https:\/\/touchscreenmfg.com\/sl\/wp-json\/wp\/v2\/product\/1627"}],"collection":[{"href":"https:\/\/touchscreenmfg.com\/sl\/wp-json\/wp\/v2\/product"}],"about":[{"href":"https:\/\/touchscreenmfg.com\/sl\/wp-json\/wp\/v2\/types\/product"}],"wp:featuredmedia":[{"embeddable":true,"href":"https:\/\/touchscreenmfg.com\/sl\/wp-json\/wp\/v2\/media\/1569"}],"wp:attachment":[{"href":"https:\/\/touchscreenmfg.com\/sl\/wp-json\/wp\/v2\/media?parent=1627"}],"wp:term":[{"taxonomy":"product_cat","embeddable":true,"href":"https:\/\/touchscreenmfg.com\/sl\/wp-json\/wp\/v2\/product_cat?post=1627"},{"taxonomy":"product_tag","embeddable":true,"href":"https:\/\/touchscreenmfg.com\/sl\/wp-json\/wp\/v2\/product_tag?post=1627"}],"curies":[{"name":"wp","href":"https:\/\/api.w.org\/{rel}","templated":true}]}}