{"id":1626,"date":"2024-06-29T01:13:20","date_gmt":"2024-06-29T01:13:20","guid":{"rendered":"https:\/\/touchscreenmfg.com\/?post_type=product&#038;p=1626"},"modified":"2024-06-29T02:10:54","modified_gmt":"2024-06-29T02:10:54","slug":"4-wire-resistive-touch-screens","status":"publish","type":"product","link":"https:\/\/touchscreenmfg.com\/sl\/4-wire-resistive-touch-screens\/","title":{"rendered":"4 \u017ei\u010dni uporovni zasloni na dotik"},"content":{"rendered":"<h2 class=\"\" data-sourcepos=\"4:1-4:104\">4 \u017ei\u010dni uporovni zasloni na dotik: Zanesljiva in stro\u0161kovno u\u010dinkovita interakcija na dotik za interaktivno ogla\u0161evanje<\/h2>\n<p data-sourcepos=\"6:1-6:51\">4-\u017ei\u010dni uporovni zasloni na dotik so preizku\u0161ena in cenovno ugodna re\u0161itev za ustvarjanje zanimivih in interaktivnih ozna\u010devalnih re\u0161itev. Ti trpe\u017eni zasloni na dotik uporabljajo plast, ob\u010dutljivo na pritisk, ki se odziva na fizi\u010dni stik, kar omogo\u010da intuitivno interakcijo z interaktivnimi zasloni.<\/p>\n<p data-sourcepos=\"8:1-8:51\"><strong>Klju\u010dne lastnosti 4 \u017ei\u010dnih uporovnih zaslonov na dotik:<\/strong><\/p>\n<ul data-sourcepos=\"10:1-10:95\">\n<li data-sourcepos=\"10:1-10:95\">\n<p class=\"\" data-sourcepos=\"10:3-10:183\"><strong class=\"\">Natan\u010dno in odzivno prepoznavanje dotika:<\/strong> 4-\u017ei\u010dni uporovni zasloni na dotik omogo\u010dajo natan\u010dno zaznavanje dotika, kar zagotavlja natan\u010dno in odzivno interakcijo z interaktivnimi oznakami.<\/p>\n<\/li>\n<li data-sourcepos=\"12:1-13:0\">\n<p data-sourcepos=\"12:3-12:175\"><strong>Trajna konstrukcija:<\/strong> Robustna zasnova \u0161tiri\u017eilnih uporovnih zaslonov na dotik je odporna na intenzivno uporabo in zahtevna okolja, zato so idealni za aplikacije javnih oznak.<\/p>\n<\/li>\n<li data-sourcepos=\"14:1-15:0\">\n<p data-sourcepos=\"14:3-14:170\"><strong>Stro\u0161kovno u\u010dinkovita re\u0161itev:<\/strong> V primerjavi s kapacitivnimi zasloni na dotik so \u0161tiri\u017eilni uporovni zasloni na dotik cenovno ugodnej\u0161a mo\u017enost, zlasti pri ve\u010djih velikostih zaslona.<\/p>\n<\/li>\n<\/ul>\n<p data-sourcepos=\"16:1-16:51\"><strong>Uporaba 4-\u017ei\u010dnih uporovnih zaslonov na dotik:<\/strong><\/p>\n<ul data-sourcepos=\"18:1-20:26\">\n<li data-sourcepos=\"18:1-19:0\">\n<p data-sourcepos=\"18:3-18:195\"><strong>Interaktivne digitalne oznake:<\/strong> \u0160tiri\u017eilni uporovni zasloni na dotik se pogosto uporabljajo v interaktivnih digitalnih napisih, saj gledalcem omogo\u010dajo, da sodelujejo z vsebino, izbirajo in dostopajo do informacij.<\/p>\n<\/li>\n<li data-sourcepos=\"20:1-20:26\">\n<p data-sourcepos=\"20:3-20:26\"><strong>Trgovski in gostinski displeji:<\/strong> V maloprodaji in gostinstvu 4-\u017eilni uporovni zasloni na dotik izbolj\u0161ajo samopostre\u017ene kioske, saj strankam omogo\u010dajo enostavno pregledovanje izdelkov, naro\u010danje in pla\u010devanje.<\/p>\n<\/li>\n<li data-sourcepos=\"22:1-23:0\">\n<p data-sourcepos=\"22:3-22:194\"><strong>Kioski za obve\u0161\u010danje javnosti:<\/strong> 4-\u017eilni uporovni zasloni na dotik omogo\u010dajo interaktivne javne informacijske kioske, ki obiskovalcem omogo\u010dajo enostaven dostop do zemljevidov, imenikov in drugih informacij.<\/p>\n<\/li>\n<li data-sourcepos=\"24:1-25:0\">\n<p data-sourcepos=\"24:3-24:196\"><strong>Muzejske in razstavne razstave:<\/strong> 4-\u017ei\u010dni uporovni zasloni na dotik izbolj\u0161ajo muzejske in razstavne zaslone, saj obiskovalcem omogo\u010dajo interaktivno raziskovanje eksponatov in spoznavanje artefaktov.<\/p>\n<\/li>\n<\/ul>","protected":false},"excerpt":{"rendered":"<p>4-\u017ei\u010dni uporovni zasloni na dotik so \u0161e vedno priljubljena izbira za interaktivno ogla\u0161evanje zaradi zanesljivega delovanja, cenovne dostopnosti in vzdr\u017eljivosti. Ponujajo preizku\u0161eno in stro\u0161kovno u\u010dinkovito re\u0161itev za zaslone na dotik, zaradi \u010desar so dragocen pripomo\u010dek za razli\u010dne aplikacije ozna\u010devanja.<\/p>","protected":false},"featured_media":1546,"template":"","meta":[],"product_cat":[41],"product_tag":[],"_links":{"self":[{"href":"https:\/\/touchscreenmfg.com\/sl\/wp-json\/wp\/v2\/product\/1626"}],"collection":[{"href":"https:\/\/touchscreenmfg.com\/sl\/wp-json\/wp\/v2\/product"}],"about":[{"href":"https:\/\/touchscreenmfg.com\/sl\/wp-json\/wp\/v2\/types\/product"}],"wp:featuredmedia":[{"embeddable":true,"href":"https:\/\/touchscreenmfg.com\/sl\/wp-json\/wp\/v2\/media\/1546"}],"wp:attachment":[{"href":"https:\/\/touchscreenmfg.com\/sl\/wp-json\/wp\/v2\/media?parent=1626"}],"wp:term":[{"taxonomy":"product_cat","embeddable":true,"href":"https:\/\/touchscreenmfg.com\/sl\/wp-json\/wp\/v2\/product_cat?post=1626"},{"taxonomy":"product_tag","embeddable":true,"href":"https:\/\/touchscreenmfg.com\/sl\/wp-json\/wp\/v2\/product_tag?post=1626"}],"curies":[{"name":"wp","href":"https:\/\/api.w.org\/{rel}","templated":true}]}}