{"id":1625,"date":"2024-06-29T01:12:48","date_gmt":"2024-06-29T01:12:48","guid":{"rendered":"https:\/\/touchscreenmfg.com\/?post_type=product&#038;p=1625"},"modified":"2024-06-29T02:14:44","modified_gmt":"2024-06-29T02:14:44","slug":"5-wire-resistive-touch-screens","status":"publish","type":"product","link":"https:\/\/touchscreenmfg.com\/sl\/5-wire-resistive-touch-screens\/","title":{"rendered":"5 \u017ei\u010dnih uporovnih zaslonov na dotik"},"content":{"rendered":"<h2 class=\"\" data-sourcepos=\"1:1-1:95\">5 \u017ei\u010dnih uporovnih zaslonov na dotik: Pove\u010dana vzdr\u017eljivost za interaktivne pametne table in zaslone<\/h2>\n<p data-sourcepos=\"3:1-3:87\">5-\u017ei\u010dni uporovni zasloni na dotik izbolj\u0161ujejo izku\u0161njo interakcije z dotikom za interaktivne pametne table in zaslone ter zagotavljajo ve\u010djo vzdr\u017eljivost, natan\u010dnost in cenovno dostopnost. Ti napredni zasloni na dotik imajo edinstveno zasnovo z dodatno \u017eico za zaznavanje, ki zagotavlja ve\u010d prednosti v primerjavi s tradicionalnimi 4-\u017ei\u010dnimi uporovnimi zasloni na dotik.<\/p>\n<p data-sourcepos=\"5:1-5:51\"><strong>Klju\u010dne lastnosti 5 \u017ei\u010dnih uporovnih zaslonov na dotik:<\/strong><\/p>\n<ul data-sourcepos=\"7:1-7:60\">\n<li data-sourcepos=\"7:1-7:60\">\n<p data-sourcepos=\"7:3-7:199\"><strong>Izjemna vzdr\u017eljivost:<\/strong> Dodatna zaznavna \u017eica v pet\u017ei\u010dnih uporovnih zaslonih na dotik pove\u010duje vzdr\u017eljivost, zato so odporni proti praskam in onesna\u017eevalcem, kar je idealno za okolja z velikim prometom.<\/p>\n<\/li>\n<li data-sourcepos=\"9:1-9:45\">\n<p data-sourcepos=\"9:3-9:45\"><strong>Zmanj\u0161ano popa\u010denje robov:<\/strong> Dodatna \u017eica pomaga izravnati popa\u010denje robov, ki je pogosta te\u017eava pri ve\u010djih interaktivnih zaslonih, in zagotavlja dosledno natan\u010dnost dotika po celotnem zaslonu.<\/p>\n<\/li>\n<li data-sourcepos=\"11:1-12:0\">\n<p data-sourcepos=\"11:3-11:164\"><strong>Stabilno delovanje:<\/strong> Pet\u017eilni uporovni zasloni na dotik zagotavljajo stabilno delovanje tudi v zahtevnih okoljih, kot so okolja z veliko svetlobe ali prahu.<\/p>\n<\/li>\n<li data-sourcepos=\"13:1-14:0\">\n<p data-sourcepos=\"13:3-13:167\"><strong>Stro\u0161kovno u\u010dinkovita re\u0161itev:<\/strong> V primerjavi s kapacitivnimi zasloni na dotik so pet\u017eilni uporovni zasloni na dotik stro\u0161kovno u\u010dinkovitej\u0161a re\u0161itev za velike interaktivne zaslone.<\/p>\n<\/li>\n<\/ul>\n<p data-sourcepos=\"15:1-15:51\"><strong>Uporaba 5-\u017ei\u010dnih uporovnih zaslonov na dotik:<\/strong><\/p>\n<ul data-sourcepos=\"17:1-24:0\">\n<li data-sourcepos=\"17:1-18:0\">\n<p data-sourcepos=\"17:3-17:212\"><strong>Interaktivne pametne table:<\/strong> Pet\u017eilni uporovni zasloni na dotik so idealni za interaktivne pametne table, ki se uporabljajo v u\u010dilnicah, konferen\u010dnih sobah in centrih za usposabljanje ter omogo\u010dajo sodelovalno u\u010denje in predstavitve.<\/p>\n<\/li>\n<li data-sourcepos=\"19:1-20:0\">\n<p data-sourcepos=\"19:3-19:225\"><strong>Digitalni napisi in kioski:<\/strong> V maloprodaji, gostinstvu in javnih prostorih pet\u017eilni uporovni zasloni na dotik izbolj\u0161ujejo digitalne oznake in kioske ter uporabnikom omogo\u010dajo interakcijo z vsebino, izbiro in dostop do informacij.<\/p>\n<\/li>\n<li data-sourcepos=\"21:1-22:0\">\n<p data-sourcepos=\"21:3-21:179\"><strong>Industrijski nadzorni sistemi:<\/strong> Pet\u017eilni uporovni zasloni na dotik so zanesljiva in trajna re\u0161itev za krmiljenje strojev in spremljanje procesov v industrijskih okoljih.<\/p>\n<\/li>\n<li data-sourcepos=\"23:1-24:0\">\n<p data-sourcepos=\"23:3-23:193\"><strong>Sistemi za medicinsko slikanje:<\/strong> Zaradi vzdr\u017eljivosti in natan\u010dnosti so pet\u017eilni uporovni zasloni na dotik primerni za medicinske sisteme za slikanje, saj zdravnikom omogo\u010dajo natan\u010dno interakcijo s slikami.<\/p>\n<\/li>\n<\/ul>","protected":false},"excerpt":{"rendered":"<p>Pet\u017ei\u010dni uporovni zasloni na dotik ponujajo prepri\u010dljivo kombinacijo vzdr\u017eljivosti, natan\u010dnosti in cenovne dostopnosti, zato so najprimernej\u0161a izbira za \u0161irok nabor interaktivnih pametnih tabel in zaslonov. Zagotavljajo zanesljivo in stro\u0161kovno u\u010dinkovito re\u0161itev za zaslone na dotik ter pove\u010dujejo vklju\u010denost in produktivnost uporabnikov v razli\u010dnih okoljih.<\/p>","protected":false},"featured_media":1548,"template":"","meta":[],"product_cat":[41],"product_tag":[],"_links":{"self":[{"href":"https:\/\/touchscreenmfg.com\/sl\/wp-json\/wp\/v2\/product\/1625"}],"collection":[{"href":"https:\/\/touchscreenmfg.com\/sl\/wp-json\/wp\/v2\/product"}],"about":[{"href":"https:\/\/touchscreenmfg.com\/sl\/wp-json\/wp\/v2\/types\/product"}],"wp:featuredmedia":[{"embeddable":true,"href":"https:\/\/touchscreenmfg.com\/sl\/wp-json\/wp\/v2\/media\/1548"}],"wp:attachment":[{"href":"https:\/\/touchscreenmfg.com\/sl\/wp-json\/wp\/v2\/media?parent=1625"}],"wp:term":[{"taxonomy":"product_cat","embeddable":true,"href":"https:\/\/touchscreenmfg.com\/sl\/wp-json\/wp\/v2\/product_cat?post=1625"},{"taxonomy":"product_tag","embeddable":true,"href":"https:\/\/touchscreenmfg.com\/sl\/wp-json\/wp\/v2\/product_tag?post=1625"}],"curies":[{"name":"wp","href":"https:\/\/api.w.org\/{rel}","templated":true}]}}