{"id":1624,"date":"2024-06-29T01:09:51","date_gmt":"2024-06-29T01:09:51","guid":{"rendered":"https:\/\/touchscreenmfg.com\/?post_type=product&#038;p=1624"},"modified":"2024-06-29T02:07:12","modified_gmt":"2024-06-29T02:07:12","slug":"8-wire-resistive-touch-screens","status":"publish","type":"product","link":"https:\/\/touchscreenmfg.com\/sl\/8-wire-resistive-touch-screens\/","title":{"rendered":"8 \u017ei\u010dnih uporovnih zaslonov na dotik"},"content":{"rendered":"<h2 class=\"\" data-sourcepos=\"1:1-1:78\">8 \u017ei\u010dnih uporovnih zaslonov na dotik: Pove\u010dana natan\u010dnost za zaslone na dotik<\/h2>\n<p data-sourcepos=\"3:1-3:106\">8 \u017ei\u010dnih uporovnih zaslonov na dotik izbolj\u0161uje izku\u0161njo interakcije z dotikom pri monitorjih z zasloni na dotik ter zagotavlja ve\u010djo natan\u010dnost, vzdr\u017eljivost in cenovno dostopnost. Ti napredni zasloni na dotik imajo edinstveno zasnovo z dodatnimi \u017eicami za zaznavanje, kar zagotavlja ve\u010d prednosti v primerjavi s tradicionalnimi 4-\u017ei\u010dnimi uporovnimi zasloni na dotik.<\/p>\n<p data-sourcepos=\"5:1-5:51\"><strong>Klju\u010dne lastnosti 8 \u017ei\u010dnih uporovnih zaslonov na dotik:<\/strong><\/p>\n<ul data-sourcepos=\"7:1-7:94\">\n<li data-sourcepos=\"7:1-7:94\">\n<p data-sourcepos=\"7:3-7:186\"><strong>Izjemna natan\u010dnost:<\/strong> Dodatne \u017eice za zaznavanje v 8-\u017ei\u010dnih uporovnih zaslonih na dotik omogo\u010dajo natan\u010dnej\u0161e zaznavanje dotika, kar zagotavlja natan\u010dnej\u0161o in odzivnej\u0161o izku\u0161njo dotika.<\/p>\n<\/li>\n<li data-sourcepos=\"9:1-9:103\">\n<p data-sourcepos=\"9:3-9:103\"><strong>Zmanj\u0161ano popa\u010denje robov:<\/strong> Dodatne \u017eice pomagajo kompenzirati popa\u010denje robov, ki je pogosta te\u017eava pri ve\u010djih monitorjih z zaslonom na dotik, in zagotavljajo dosledno natan\u010dnost dotika po celotnem zaslonu.<\/p>\n<\/li>\n<li data-sourcepos=\"11:1-12:0\">\n<p data-sourcepos=\"11:3-11:164\"><strong>Stabilno delovanje:<\/strong> 8-vodilni uporovni zasloni na dotik zagotavljajo stabilno delovanje tudi v zahtevnih okoljih, kot so okolja z veliko svetlobe ali prahu.<\/p>\n<\/li>\n<li data-sourcepos=\"13:1-14:0\">\n<p data-sourcepos=\"13:3-13:168\"><strong>Stro\u0161kovno u\u010dinkovita re\u0161itev:<\/strong> V primerjavi s kapacitivnimi zasloni na dotik so 8-\u017ei\u010dni uporovni zasloni na dotik cenovno ugodnej\u0161a re\u0161itev za velike zaslone na dotik.<\/p>\n<\/li>\n<\/ul>\n<p data-sourcepos=\"15:1-15:51\"><strong>Uporaba 8-\u017ei\u010dnih uporovnih zaslonov na dotik:<\/strong><\/p>\n<ul data-sourcepos=\"17:1-17:32\">\n<li data-sourcepos=\"17:1-17:32\">\n<p class=\"\" data-sourcepos=\"17:3-17:213\"><strong class=\"\">Interaktivni plo\u0161\u010dati paneli:<\/strong> 8-\u017eilni uporovni zasloni na dotik so idealni za interaktivne ravne plo\u0161\u010de, ki se uporabljajo v konferen\u010dnih sobah, u\u010dilnicah in javnih prostorih ter omogo\u010dajo nemoteno sodelovanje in izmenjavo informacij.<\/p>\n<\/li>\n<li data-sourcepos=\"19:1-20:0\">\n<p data-sourcepos=\"19:3-19:180\"><strong>Industrijski nadzorni sistemi:<\/strong> V industrijskih okoljih so 8-\u017eilni uporovni zasloni na dotik zanesljiva in trajna re\u0161itev za krmiljenje strojev in spremljanje procesov.<\/p>\n<\/li>\n<li data-sourcepos=\"21:1-22:0\">\n<p data-sourcepos=\"21:3-21:217\"><strong>Kioski za maloprodajo in gostinstvo:<\/strong> 8-vodilni uporovni zasloni na dotik izbolj\u0161ajo samopostre\u017ene kioske v maloprodajnih in gostinskih okoljih, saj strankam omogo\u010dajo enostaven dostop do informacij, naro\u010danje in pla\u010devanje.<\/p>\n<\/li>\n<li data-sourcepos=\"23:1-24:0\">\n<p data-sourcepos=\"23:3-23:208\"><strong>Izobra\u017eevalni panoji:<\/strong> 8-vodilni uporovni zasloni na dotik omogo\u010dajo interaktivno u\u010denje v izobra\u017eevalnih ustanovah, saj u\u010dence pritegnejo k dejavnostim, ki temeljijo na dotiku, in izbolj\u0161ajo njihovo razumevanje.<\/p>\n<\/li>\n<\/ul>","protected":false},"excerpt":{"rendered":"<p>8 \u017ei\u010dni uporovni zasloni na dotik ponujajo prepri\u010dljivo kombinacijo natan\u010dnosti, vzdr\u017eljivosti in cenovne dostopnosti, zato so najprimernej\u0161a izbira za \u0161irok nabor aplikacij z zasloni na dotik. Zagotavljajo zanesljivo in stro\u0161kovno u\u010dinkovito re\u0161itev za interaktivne zaslone ter pove\u010dujejo vklju\u010denost in produktivnost uporabnikov v razli\u010dnih okoljih.<\/p>","protected":false},"featured_media":1550,"template":"","meta":[],"product_cat":[41],"product_tag":[],"_links":{"self":[{"href":"https:\/\/touchscreenmfg.com\/sl\/wp-json\/wp\/v2\/product\/1624"}],"collection":[{"href":"https:\/\/touchscreenmfg.com\/sl\/wp-json\/wp\/v2\/product"}],"about":[{"href":"https:\/\/touchscreenmfg.com\/sl\/wp-json\/wp\/v2\/types\/product"}],"wp:featuredmedia":[{"embeddable":true,"href":"https:\/\/touchscreenmfg.com\/sl\/wp-json\/wp\/v2\/media\/1550"}],"wp:attachment":[{"href":"https:\/\/touchscreenmfg.com\/sl\/wp-json\/wp\/v2\/media?parent=1624"}],"wp:term":[{"taxonomy":"product_cat","embeddable":true,"href":"https:\/\/touchscreenmfg.com\/sl\/wp-json\/wp\/v2\/product_cat?post=1624"},{"taxonomy":"product_tag","embeddable":true,"href":"https:\/\/touchscreenmfg.com\/sl\/wp-json\/wp\/v2\/product_tag?post=1624"}],"curies":[{"name":"wp","href":"https:\/\/api.w.org\/{rel}","templated":true}]}}