{"id":1621,"date":"2024-06-29T01:06:11","date_gmt":"2024-06-29T01:06:11","guid":{"rendered":"https:\/\/touchscreenmfg.com\/manufacturer\/pdp-display-cover-glass\/"},"modified":"2024-06-29T02:20:27","modified_gmt":"2024-06-29T02:20:27","slug":"pdp-display-cover-glass","status":"publish","type":"product","link":"https:\/\/touchscreenmfg.com\/sl\/pdp-display-cover-glass\/","title":{"rendered":"Steklo za pokrov zaslona PDP"},"content":{"rendered":"<p data-sourcepos=\"3:1-3:86\"><strong>Za\u0161\u010ditite zaslon PDP pred praskami, ble\u0161\u010danjem in po\u0161kodbami<\/strong><\/p>\n<p data-sourcepos=\"5:1-5:157\">PDP Display Cover Glass je za\u0161\u010ditni sloj, posebej zasnovan za zaslon igralnih naprav PDP. Potencialno bi lahko ponujal naslednje funkcije:<\/p>\n<ul data-sourcepos=\"7:1-7:36\">\n<li data-sourcepos=\"7:1-7:36\">\n<p class=\"\" data-sourcepos=\"7:3-7:285\"><strong class=\"\">Odpornost na praske in udarce:<\/strong> Tako kot za\u0161\u010dita zaslona iz kaljenega stekla je tudi za\u0161\u010ditno steklo za zaslon PDP namenjeno za\u0161\u010diti zaslona pred praskami, praskami in nenamernimi udarci. To je \u0161e posebej pomembno za ro\u010dne igralne naprave, ki so bolj izpostavljene udarcem in padcem.<\/p>\n<\/li>\n<li data-sourcepos=\"9:1-10:0\">\n<p data-sourcepos=\"9:3-9:168\"><strong>Pove\u010dana jasnost:<\/strong> Visokokakovostno za\u0161\u010ditno steklo za zaslon PDP mora ohraniti odli\u010dno opti\u010dno jasnost, kar zagotavlja, da so vizualne slike v igrah ostre in neizkrivljene.<\/p>\n<\/li>\n<li data-sourcepos=\"11:1-12:0\">\n<p data-sourcepos=\"11:3-11:242\"><strong>Odpornost na ble\u0161\u010danje:<\/strong> \u010ce ima igralna naprava PDP sijajni zaslon, lahko steklo PDP Display Cover Glass, odporno proti ble\u0161\u010danju, pomaga zmanj\u0161ati odseve iz okoli\u0161kih virov svetlobe in izbolj\u0161a vidljivost zaslona, zlasti v mo\u010dno osvetljenih okoljih.<\/p>\n<\/li>\n<li data-sourcepos=\"13:1-13:44\">\n<p data-sourcepos=\"13:3-13:44\"><strong>Zdru\u017eljivost na dotik:<\/strong> \u010ce ima igralna naprava PDP zaslon na dotik, mora biti pokrivno steklo zasnovano tako, da je zdru\u017eljivo z zaslonom na dotik in omogo\u010da nemoteno interakcijo z zaslonom na dotik.<\/p>\n<\/li>\n<\/ul>","protected":false},"excerpt":{"rendered":"<p>PDP Display Cover Glass je lahko dragocen pripomo\u010dek za igralce, ki \u017eelijo za\u0161\u010dititi zaslon svoje naprave in ohraniti optimalno igralno izku\u0161njo.<\/p>","protected":false},"featured_media":1582,"template":"","meta":[],"product_cat":[15],"product_tag":[],"_links":{"self":[{"href":"https:\/\/touchscreenmfg.com\/sl\/wp-json\/wp\/v2\/product\/1621"}],"collection":[{"href":"https:\/\/touchscreenmfg.com\/sl\/wp-json\/wp\/v2\/product"}],"about":[{"href":"https:\/\/touchscreenmfg.com\/sl\/wp-json\/wp\/v2\/types\/product"}],"wp:featuredmedia":[{"embeddable":true,"href":"https:\/\/touchscreenmfg.com\/sl\/wp-json\/wp\/v2\/media\/1582"}],"wp:attachment":[{"href":"https:\/\/touchscreenmfg.com\/sl\/wp-json\/wp\/v2\/media?parent=1621"}],"wp:term":[{"taxonomy":"product_cat","embeddable":true,"href":"https:\/\/touchscreenmfg.com\/sl\/wp-json\/wp\/v2\/product_cat?post=1621"},{"taxonomy":"product_tag","embeddable":true,"href":"https:\/\/touchscreenmfg.com\/sl\/wp-json\/wp\/v2\/product_tag?post=1621"}],"curies":[{"name":"wp","href":"https:\/\/api.w.org\/{rel}","templated":true}]}}