{"id":1620,"date":"2024-06-29T01:06:11","date_gmt":"2024-06-29T01:06:11","guid":{"rendered":"https:\/\/touchscreenmfg.com\/manufacturer\/anti-reflective-glass\/"},"modified":"2024-06-29T02:25:34","modified_gmt":"2024-06-29T02:25:34","slug":"anti-reflective-glass","status":"publish","type":"product","link":"https:\/\/touchscreenmfg.com\/sl\/anti-reflective-glass\/","title":{"rendered":"Antirefleksno steklo"},"content":{"rendered":"<h2 class=\"\" data-sourcepos=\"1:1-1:93\">Protireflektivno steklo: Pove\u010danje jasnosti in zmanj\u0161anje ble\u0161\u010danja za vrhunsko vizualno izku\u0161njo.<\/h2>\n<p data-sourcepos=\"3:1-3:52\">Antirefleksno steklo, znano tudi kot antirefleksno steklo ali nerefleksno steklo, je vrsta stekla, obdelanega s posebnim premazom, ki zmanj\u0161uje odseve in izbolj\u0161uje prepustnost svetlobe. Ta prevleka moti odboj svetlobnih valov ter zmanj\u0161uje koli\u010dino ne\u017eelenih ble\u0161\u010danj in odsevov, ki lahko ovirajo jasno gledanje.<\/p>\n<p data-sourcepos=\"5:1-5:42\"><strong>Klju\u010dne lastnosti antirefleksnega stekla:<\/strong><\/p>\n<ul data-sourcepos=\"7:1-7:23\">\n<li data-sourcepos=\"7:1-7:23\">\n<p data-sourcepos=\"7:3-7:165\"><strong>Pove\u010dana jasnost:<\/strong> Steklo AR znatno zmanj\u0161a povr\u0161inske odboje, kar omogo\u010da jasnej\u0161i in natan\u010dnej\u0161i pogled na predmete ali slike za steklom.<\/p>\n<\/li>\n<li data-sourcepos=\"9:1-9:46\">\n<p data-sourcepos=\"9:3-9:46\"><strong>Manj\u0161a obremenitev o\u010di:<\/strong> Steklo AR z zmanj\u0161anjem ble\u0161\u010danja pomaga zmanj\u0161ati obremenitev o\u010di, zato je gledanje zaslonov, zaslonov in drugih steklenih povr\u0161in dlje \u010dasa bolj udobno.<\/p>\n<\/li>\n<li data-sourcepos=\"11:1-12:0\">\n<p data-sourcepos=\"11:3-11:135\"><strong>Izbolj\u0161ana kakovost slike:<\/strong> Steklo AR izbolj\u0161a splo\u0161no kakovost slike z zmanj\u0161anjem odsevov, ki lahko popa\u010dijo ali zakrijejo pogled.<\/p>\n<\/li>\n<\/ul>\n<p data-sourcepos=\"13:1-13:42\"><strong>Uporaba antirefleksnega stekla:<\/strong><\/p>\n<ul data-sourcepos=\"15:1-17:28\">\n<li data-sourcepos=\"15:1-16:0\">\n<p data-sourcepos=\"15:3-15:165\"><strong>O\u010dala:<\/strong> Premazi AR se pogosto uporabljajo v o\u010dalih in son\u010dnih o\u010dalih za zmanj\u0161anje ble\u0161\u010danja son\u010dne svetlobe, \u017earometov in drugih virov, kar izbolj\u0161a vid in udobje.<\/p>\n<\/li>\n<li data-sourcepos=\"17:1-17:28\">\n<p data-sourcepos=\"17:3-17:28\"><strong>Elektronske naprave:<\/strong> Steklo AR se pogosto uporablja v pametnih telefonih, tabli\u010dnih ra\u010dunalnikih, prenosnih ra\u010dunalnikih in drugih elektronskih napravah za izbolj\u0161anje jasnosti zaslona in zmanj\u0161anje obremenitve o\u010di.<\/p>\n<\/li>\n<li data-sourcepos=\"19:1-20:0\">\n<p data-sourcepos=\"19:3-19:163\"><strong>Muzejske in galerijske razstave:<\/strong> Steklo AR se uporablja v muzejih in galerijah za za\u0161\u010dito umetni\u0161kih del pred odsevi in zagotavljanje jasnej\u0161ega pogleda za obiskovalce.<\/p>\n<\/li>\n<li data-sourcepos=\"21:1-22:0\">\n<p data-sourcepos=\"21:3-21:157\"><strong>Arhitekturne aplikacije:<\/strong> Steklo AR se lahko uporablja v oknih, stre\u0161nih oknih in drugih arhitekturnih elementih za zmanj\u0161anje ble\u0161\u010danja in izbolj\u0161anje energetske u\u010dinkovitosti.<\/p>\n<\/li>\n<\/ul>\n<p data-sourcepos=\"23:1-23:316\"><strong>Protirefleksno kaljeno steklo<\/strong> je vrsta stekla AR, ki je dodatno oja\u010dano s postopkom kaljenja, zaradi \u010desar je bolj odporno proti razbitju in praskam. Zaradi te kombinacije antirefleksnih in za\u0161\u010ditnih lastnosti je idealna izbira za aplikacije, pri katerih sta bistveni jasnost in trajnost.<\/p>\n<p data-sourcepos=\"25:1-25:141\"><strong>Protirefleksno steklo<\/strong> je drug izraz za antirefleksno steklo. Pogosto se uporablja izmeni\u010dno s \"steklom AR\" in \"nerefleksnim steklom\".<\/p>","protected":false},"excerpt":{"rendered":"<p>Antirefleksno steklo je dragocena tehnologija, ki ponuja pomembne prednosti za razli\u010dne aplikacije. Pove\u010duje jasnost, zmanj\u0161uje ble\u0161\u010danje in izbolj\u0161uje estetiko, zato je prednostna izbira za primere, ko sta bistvena optimalna vidljivost in uporabni\u0161ka izku\u0161nja.<\/p>","protected":false},"featured_media":1581,"template":"","meta":[],"product_cat":[15],"product_tag":[],"_links":{"self":[{"href":"https:\/\/touchscreenmfg.com\/sl\/wp-json\/wp\/v2\/product\/1620"}],"collection":[{"href":"https:\/\/touchscreenmfg.com\/sl\/wp-json\/wp\/v2\/product"}],"about":[{"href":"https:\/\/touchscreenmfg.com\/sl\/wp-json\/wp\/v2\/types\/product"}],"wp:featuredmedia":[{"embeddable":true,"href":"https:\/\/touchscreenmfg.com\/sl\/wp-json\/wp\/v2\/media\/1581"}],"wp:attachment":[{"href":"https:\/\/touchscreenmfg.com\/sl\/wp-json\/wp\/v2\/media?parent=1620"}],"wp:term":[{"taxonomy":"product_cat","embeddable":true,"href":"https:\/\/touchscreenmfg.com\/sl\/wp-json\/wp\/v2\/product_cat?post=1620"},{"taxonomy":"product_tag","embeddable":true,"href":"https:\/\/touchscreenmfg.com\/sl\/wp-json\/wp\/v2\/product_tag?post=1620"}],"curies":[{"name":"wp","href":"https:\/\/api.w.org\/{rel}","templated":true}]}}